{"id":15507,"date":"2023-06-12T11:37:10","date_gmt":"2023-06-12T08:37:10","guid":{"rendered":"https:\/\/official.pookwatches.com\/?post_type=product&#038;p=15507"},"modified":"2025-02-13T03:13:31","modified_gmt":"2025-02-13T01:13:31","slug":"osasto_torni","status":"publish","type":"product","link":"https:\/\/official.pookwatches.com\/uk\/product\/osasto_torni\/","title":{"rendered":"Osasto T\u00f6rni"},"content":{"rendered":"<p>Lauri T\u00f6rni is certainly one of the most significant persons in Finnish military history.Lauri T\u00f6rni Perinnekilta Ry cherishes the memory not only of Lauri, but also of other Finnish war veterans who were part of brigade T\u00f6rni.<\/p>\n<p>What they have achieved, and the spirit they have shown, is something worth cherishing both in the guild&#8217;s opinion and in our opinion, not only for our generation, but also for all future generations.Because of the sacrifices of these people, we are independent today and we get to live free. For this purpose, we are making a new series of watches, of which we are now releasing the first watch.<\/p>\n<p data-wp-editing=\"1\"><img data-recalc-dims=\"1\" loading=\"lazy\" decoding=\"async\" class=\"wp-image-15514 alignright\" src=\"https:\/\/i0.wp.com\/official.pookwatches.com\/wp-content\/uploads\/2023\/06\/21946414-B293-4F4C-B4C5-2C859396A662-e1686567303769-280x280.jpeg?resize=354%2C354&#038;ssl=1\" alt=\"\" width=\"354\" height=\"354\" srcset=\"https:\/\/i0.wp.com\/official.pookwatches.com\/wp-content\/uploads\/2023\/06\/21946414-B293-4F4C-B4C5-2C859396A662-e1686567303769.jpeg?resize=280%2C280&amp;ssl=1 280w, https:\/\/i0.wp.com\/official.pookwatches.com\/wp-content\/uploads\/2023\/06\/21946414-B293-4F4C-B4C5-2C859396A662-e1686567303769.jpeg?resize=100%2C100&amp;ssl=1 100w, https:\/\/i0.wp.com\/official.pookwatches.com\/wp-content\/uploads\/2023\/06\/21946414-B293-4F4C-B4C5-2C859396A662-e1686567303769.jpeg?resize=50%2C50&amp;ssl=1 50w, https:\/\/i0.wp.com\/official.pookwatches.com\/wp-content\/uploads\/2023\/06\/21946414-B293-4F4C-B4C5-2C859396A662-e1686567303769.jpeg?zoom=2&amp;resize=354%2C354&amp;ssl=1 708w\" sizes=\"auto, (max-width: 354px) 100vw, 354px\" \/><\/p>\n<p>Pook Osasto T\u00f6rni focuses on Lauri T\u00f6rni&#8217;s war path in Finland&#8217;s Continuation War from 1941 onwards.In the continuation war, T\u00f6rni initially led an infantry platoon, but later an armored platoon, which advanced all the way to Karhum\u00e4ki.The wagon fleet consisted of Vickers wagons, in addition to which wagons were acquired from the opposite side as spoils of war.<\/p>\n<p>T\u00f6rni served in the so-called Light Department 8 and became known as a fearless fighter who sometimes carried out operations even without permission, e.g.patrols behind enemy lines.The J\u00e4\u00e4k\u00e4rikompani of T\u00f6rn was officially founded, which has since been known as &#8220;Osasto T\u00f6rni, 3.12.1943.It did e.g.remote patrolling and violent reconnaissance, prisoner abductions, etc. Later, a group of about 150 volunteers was formed from volunteer soldiers for offensive operations, led by Lauri T\u00f6rni as the chief. Only soldiers with absolutely exceptional mental strength, physical fitness and military skills were accepted into the group. These qualities were severely tested in the training, before the group was put into real action.<\/p>\n<p>T\u00f6rni did not emphasize himself, but led his group, which had achieved a legendary reputation, with his own example and essence. When the front was broken in many places in the summer of 1944, these soldiers were thrown into the very places where a quick counter-attack against an advancing enemy had to be made without hope of support from other troops. The last such attack was undertaken by the remaining 55 men.<\/p>\n<p>In the summer of 1944, Captain T\u00f6rni was appointed a Knight of the Mannerheim Cross, 2nd class, Freedom Cross number 144.<\/p>\n<p>In the fall of 1944, Captain T\u00f6rni and his comrades-in-arms hid several handguns in the village of Eno in Eastern Finland, in case the war started again.<\/p>\n<p>After the Continuation War, T\u00f6rn&#8217;s war in Finland ended, although he hoped to join the war in Lapland. However, the war in Lapland ended the war in Finland, but Lauri T\u00f6rn&#8217;s own war effort did not end there.<\/p>\n<p>Pook Osasto T\u00f6rni watch will be made in a limited, serially numbered batch.<\/p>\n<p>WE BUILD THIS WATCH IN FINLAND.<\/p>\n<p>&nbsp;<\/p>\n<div class=\"su-box su-box-style-default\" id=\"\" style=\"border-color:#000000;border-radius:2px;max-width:none\"><div class=\"su-box-title\" style=\"background-color:#333333;color:#FFFFFF;border-top-left-radius:0px;border-top-right-radius:0px\">Features<\/div><div class=\"su-box-content su-u-clearfix su-u-trim\" style=\"border-bottom-left-radius:0px;border-bottom-right-radius:0px\">\n<div class=\"su-column su-column-size-1-2 su-column-centered\"><div class=\"su-column-inner su-u-clearfix su-u-trim\">CASE:316L STAINLESS STEEL BRUSHED<\/div><\/div>\n<div class=\"su-column su-column-size-1-2 su-column-centered\"><div class=\"su-column-inner su-u-clearfix su-u-trim\">POWER RESERVE 42 HOURS<\/div><\/div>\n<div class=\"su-column su-column-size-1-2 su-column-centered\"><div class=\"su-column-inner su-u-clearfix su-u-trim\">FUNCTIONS: HOURS, MINUTES, SMALL SECOND AND 24 HOUR<\/div><\/div>\n<div class=\"su-column su-column-size-1-2 su-column-centered\"><div class=\"su-column-inner su-u-clearfix su-u-trim\">BACK: SCREW DOWN CASE BACK WITH SEE THROUGH GLASS<\/div><\/div>\n<div class=\"su-column su-column-size-1-2 su-column-centered\"><div class=\"su-column-inner su-u-clearfix su-u-trim\">CROWN: STEEL, SCREWDOWN<\/div><\/div>\n<div class=\"su-column su-column-size-1-2 su-column-centered\"><div class=\"su-column-inner su-u-clearfix su-u-trim\">CASE DIAMETERS: W42mm x H48mm \u2013 WITHOUT CROWN<\/div><\/div>\n<div class=\"su-column su-column-size-1-2 su-column-centered\"><div class=\"su-column-inner su-u-clearfix su-u-trim\">FULL THICKNESS: 13mm<\/div><\/div>\n<div class=\"su-column su-column-size-1-2 su-column-centered\"><div class=\"su-column-inner su-u-clearfix su-u-trim\">LUG: 22 mm<\/div><\/div>\n<div class=\"su-column su-column-size-1-2 su-column-centered\"><div class=\"su-column-inner su-u-clearfix su-u-trim\">LENS: SAPPHIRE<\/div><\/div>\n<div class=\"su-column su-column-size-1-2 su-column-centered\"><div class=\"su-column-inner su-u-clearfix su-u-trim\">SERIAL NUMBERED FROM 1 TO 100 pcs.<\/div><\/div>\n<div class=\"su-column su-column-size-1-2 su-column-centered\"><div class=\"su-column-inner su-u-clearfix su-u-trim\"><a href=\"https:\/\/miyotamovement.com\/product\/9039\/\" class=\"su-button su-button-style-ghost\" style=\"color:#000000;background-color:#000000;border-color:#000000;border-radius:5px\" target=\"_blank\" rel=\"noopener noreferrer\"><span style=\"color:#000000;padding:0px 16px;font-size:13px;line-height:26px;border-color:#4d4d4d;border-radius:5px;text-shadow:none\">  MIYOTA 9039 PREMIUM AUTOMATIC MOVEMENT<\/span><\/a><\/div><\/div>\n<div class=\"su-column su-column-size-1-2 su-column-centered\"><div class=\"su-column-inner su-u-clearfix su-u-trim\">HANDS: SWISS LUMINOUS<\/div><\/div>\n<div class=\"su-column su-column-size-1-2 su-column-centered\"><div class=\"su-column-inner su-u-clearfix su-u-trim\">DIAL: MATT DIAL WITH SWISS LUMINOUS INSERTS<\/div><\/div>\n<div class=\"su-column su-column-size-1-2 su-column-centered\"><div class=\"su-column-inner su-u-clearfix su-u-trim\">STRAP: NYLON STRAP<\/div><\/div>\n<div class=\"su-column su-column-size-1-2 su-column-centered\"><div class=\"su-column-inner su-u-clearfix su-u-trim\">WATERPROOF: 10ATM \/ 10BAR \/ ~100M \/ 328FT<\/div><\/div>\n<a href=\"https:\/\/official.pookwatches.com\/privacy-policy\/\" class=\"su-button su-button-style-ghost\" style=\"color:#000000;background-color:#000000;border-color:#000000;border-radius:5px\" target=\"_blank\" rel=\"noopener noreferrer\"><span style=\"color:#000000;padding:0px 16px;font-size:13px;line-height:26px;border-color:#4d4d4d;border-radius:5px;text-shadow:none\">  36 MONTHS LIMITED WARRANTY<\/span><\/a>\n<div class=\"su-column su-column-size-1-2 su-column-centered\"><div class=\"su-column-inner su-u-clearfix su-u-trim\">WARRANTY CARD: ONLINE WARRANTY CARD<\/div><\/div>\n<\/div><\/div>","protected":false},"excerpt":{"rendered":"<p>Lauri T\u00f6rni is certainly one of the most significant persons in Finnish military history.Lauri T\u00f6rni Perinnekilta Ry cherishes the memory not only of Lauri, but also of other Finnish war veterans who were part of brigade T\u00f6rni. What they have achieved, and the spirit they have shown, is something worth cherishing both in the guild&#8217;s [&#8230;]\n","protected":false},"featured_media":15943,"template":"","meta":[],"product_brand":[],"product_cat":[133],"product_tag":[],"class_list":{"0":"post-15507","1":"product","2":"type-product","3":"status-publish","4":"has-post-thumbnail","6":"product_cat-watches","7":"product_shipping_class-pakkaus-ja-l","9":"first","10":"instock","11":"featured","12":"taxable","13":"shipping-taxable","14":"purchasable","15":"product-type-variable"},"jetpack_sharing_enabled":true,"_links":{"self":[{"href":"https:\/\/official.pookwatches.com\/uk\/wp-json\/wp\/v2\/product\/15507","targetHints":{"allow":["GET"]}}],"collection":[{"href":"https:\/\/official.pookwatches.com\/uk\/wp-json\/wp\/v2\/product"}],"about":[{"href":"https:\/\/official.pookwatches.com\/uk\/wp-json\/wp\/v2\/types\/product"}],"wp:featuredmedia":[{"embeddable":true,"href":"https:\/\/official.pookwatches.com\/uk\/wp-json\/wp\/v2\/media\/15943"}],"wp:attachment":[{"href":"https:\/\/official.pookwatches.com\/uk\/wp-json\/wp\/v2\/media?parent=15507"}],"wp:term":[{"taxonomy":"product_brand","embeddable":true,"href":"https:\/\/official.pookwatches.com\/uk\/wp-json\/wp\/v2\/product_brand?post=15507"},{"taxonomy":"product_cat","embeddable":true,"href":"https:\/\/official.pookwatches.com\/uk\/wp-json\/wp\/v2\/product_cat?post=15507"},{"taxonomy":"product_tag","embeddable":true,"href":"https:\/\/official.pookwatches.com\/uk\/wp-json\/wp\/v2\/product_tag?post=15507"}],"curies":[{"name":"wp","href":"https:\/\/api.w.org\/{rel}","templated":true}]}}