{"id":9982,"date":"2020-06-29T11:42:38","date_gmt":"2020-06-29T08:42:38","guid":{"rendered":"https:\/\/e16a3c7593.nxcli.net\/?post_type=product&#038;p=9982"},"modified":"2024-05-27T15:39:55","modified_gmt":"2024-05-27T12:39:55","slug":"metalliranneke-t1","status":"publish","type":"product","link":"https:\/\/official.pookwatches.com\/fi\/tuote\/metalliranneke-t1\/","title":{"rendered":"Metalli ranneke ter\u00e4s t-1"},"content":{"rendered":"<p>Ter\u00e4sranneke. Sopii malleihin ILmari-41, Ilmari-39, Kontio sek\u00e4 X MBK, 22mm jousitappi lukite.<\/p>","protected":false},"excerpt":{"rendered":"<p>Ter\u00e4sranneke. Sopii malleihin ILmari-41, Ilmari-39, Kontio sek\u00e4 X MBK, 22mm jousitappi lukite.<\/p>","protected":false},"featured_media":10428,"template":"","meta":[],"product_brand":[],"product_cat":[135],"product_tag":[],"class_list":{"0":"post-9982","1":"product","2":"type-product","3":"status-publish","4":"has-post-thumbnail","6":"product_cat-watch-straps","7":"product_shipping_class-letter-size-shipment","9":"first","10":"outofstock","11":"taxable","12":"shipping-taxable","13":"purchasable","14":"product-type-simple"},"jetpack_sharing_enabled":true,"_links":{"self":[{"href":"https:\/\/official.pookwatches.com\/fi\/wp-json\/wp\/v2\/product\/9982","targetHints":{"allow":["GET"]}}],"collection":[{"href":"https:\/\/official.pookwatches.com\/fi\/wp-json\/wp\/v2\/product"}],"about":[{"href":"https:\/\/official.pookwatches.com\/fi\/wp-json\/wp\/v2\/types\/product"}],"wp:featuredmedia":[{"embeddable":true,"href":"https:\/\/official.pookwatches.com\/fi\/wp-json\/wp\/v2\/media\/10428"}],"wp:attachment":[{"href":"https:\/\/official.pookwatches.com\/fi\/wp-json\/wp\/v2\/media?parent=9982"}],"wp:term":[{"taxonomy":"product_brand","embeddable":true,"href":"https:\/\/official.pookwatches.com\/fi\/wp-json\/wp\/v2\/product_brand?post=9982"},{"taxonomy":"product_cat","embeddable":true,"href":"https:\/\/official.pookwatches.com\/fi\/wp-json\/wp\/v2\/product_cat?post=9982"},{"taxonomy":"product_tag","embeddable":true,"href":"https:\/\/official.pookwatches.com\/fi\/wp-json\/wp\/v2\/product_tag?post=9982"}],"curies":[{"name":"wp","href":"https:\/\/api.w.org\/{rel}","templated":true}]}}