{"id":9890,"date":"2020-05-23T09:46:27","date_gmt":"2020-05-23T06:46:27","guid":{"rendered":"https:\/\/e16a3c7593.nxcli.net\/?post_type=product&#038;p=9890"},"modified":"2023-11-18T11:17:19","modified_gmt":"2023-11-18T09:17:19","slug":"ilmari39-limited","status":"publish","type":"product","link":"https:\/\/official.pookwatches.com\/fi\/tuote\/ilmari39-limited\/","title":{"rendered":"Ilmari39"},"content":{"rendered":"<p>Ilmari 39-nimi juontaa Andreas Prepulan sukuhistoriasta.<\/p>\n<p style=\"text-align: left;\">Ilmari Prepula syntyi v. 1906 Lapualla, ja kasvoi Pohjanmaalla aikuiseksi.<br \/>\nNuorena miehen\u00e4 Ilmari kiersi Suomessa erilaisilla rakennusty\u00f6mailla tehden sep\u00e4n ja niittaajan t\u00f6it\u00e4.<\/p>\n<p style=\"text-align: left;\"><img data-recalc-dims=\"1\" loading=\"lazy\" decoding=\"async\" class=\"alignnone wp-image-9888\" src=\"https:\/\/i0.wp.com\/official.pookwatches.com\/wp-content\/uploads\/2020\/12\/ilmari-23-1536x1183-1.jpg?resize=590%2C454&#038;ssl=1\" alt=\"\" width=\"590\" height=\"454\" \/><\/p>\n<p style=\"text-align: left;\">Ty\u00f6maat olivat monesti kaukana kotiseudulta ja kestiv\u00e4t monesti kuukausia, ellei vuosia kerrallaan. El\u00e4m\u00e4 oli kovaa ja rankkaa, elanto otettiin ruumiillista ty\u00f6t\u00e4 tekem\u00e4ll\u00e4.<\/p>\n<p style=\"text-align: left;\">El\u00e4m\u00e4nilo pulppusi Ilmarista monien hauskojen tarinoiden kertomisen muodossa. Ilmari tunnettiin my\u00f6s eritt\u00e4in kovana piippumiehen\u00e4, kuten monet tuohon aikaan tekiv\u00e4t, ja h\u00e4n saattoi jopa her\u00e4t\u00e4 keskell\u00e4 y\u00f6t\u00e4 polttamaan piipullisen tai pari.<\/p>\n<p>Suomi joutui 1939 talvisotaan, ja Ilmarin osana oli taistella kovassa pakkasessa pohjoisessa Sallassa Rakuunarykmentiss\u00e4.<br \/>\nSota p\u00e4\u00e4ttyi talven antaessa periksi 1940 maaliskuussa. Ilmari palasi kotiin, tuli v\u00e4lirauhan aika.<br \/>\nIlmari l\u00f6ysi puolison Aili Marja Erkkil\u00e4n Kokkolasta ja he meniv\u00e4tkin naimisiin v. 1941 kev\u00e4\u00e4ll\u00e4.<\/p>\n<p>Vuosi 1941 oli hyvin monella tapaa Suomessa myllerryksen aikaa. Kev\u00e4\u00e4ll\u00e4 1941 naimisiin menneet Aili ja Ilmari saivat samana kes\u00e4n\u00e4 ensimm\u00e4isen lapsensa, Seppo Ilmari Prepula, valitettavasti Sepon kaksois sisar kuoli synnytyksess\u00e4.<br \/>\nKolme viikkoa my\u00f6hemmin tuore is\u00e4 l\u00e4hti taas rintamalle suomen jatkosodan alkaessa.<\/p>\n<p>Sotapolku eteni kohti it\u00e4\u00e4, suomalaiset valtasivat takaisin Talvisodassa menetettyj\u00e4 alueita. Syv\u00e4sti is\u00e4nmaallinen Ilmari Prepula kaatui kahden kuukauden kuluttua Karjalan Kannaksella Sotj\u00e4rvell\u00e4 kiivaissa taisteluissa neuvostojoukkoja vastaan.<br \/>\nNuoresta Ailista tuli leski, ja h\u00e4n asettui Kokkolaan poikansa Sepon kanssa.<\/p>\n<p>Murroksen aika kesti v. 1941 vain muutaman viikon.<br \/>\nT\u00e4m\u00e4 kello kunnioittaa ennen kaikkea Ilmari Prepulaa, Andreaksen isois\u00e4n, muistoa.<\/p>\n<p>&nbsp;<\/p>\n<p>Uusi mallimme on Ilmari. Se on 41m leve\u00e4 ruostumattomasta ter\u00e4ksest\u00e4 olevalla rungolla oleva automaattikello. Automaattikoneistona on luotettava japanilainen Miyota 8215. Kelloja tehd\u00e4\u00e4n sarjanumeroitu 70 kappaleen er\u00e4. Kellon vedenkest\u00e4vyys on 100 metri\u00e4. \nKellon symboliikka kertoo tarinan kellon suunnittelijan, Andreas Prepulan isois\u00e4n Ilmari Prepulan sotapolusta, joka alkoi 1939 loppuvuodesta. Suomessa syttyi talvisota 30.11.1939 Neuvostoliiton puna-armeijan hy\u00f6k\u00e4tess\u00e4 Suomeen. Nuoren Ilmari Prepulan osana oli matkata kotiseudultaan kauas Pohjois-Suomeen.<\/p>\n<p>T\u00e4m\u00e4n kellon bezel on tehty poikkeuksellisesti lasista. Lasi materiaalina kuvaa suomalaisten tilannetta kovassa paikoin 40 asteen pakkasessa er\u00e4maissa k\u00e4ydyiss\u00e4 taisteluissa. Lapissa Sallan-Petsamon rintamalla puna-armeijalla oli k\u00e4yt\u00f6ss\u00e4\u00e4n 72.000 sotilasta hy\u00f6kk\u00e4ysvarustuksessa. Suomalaisilla oli puolustuksessaan 15.000 puutteellisella varustuksella taistelevaa sotilasta. Suuri osa suomalaisista oli paikallisten seutujen asukkaita, jotka tunsivat er\u00e4maan hyvin. Taitava maaston k\u00e4ytt\u00f6 korvasi huutavaa pulaa varusteista ja kompensoi my\u00f6s vihollisen murskaavaa m\u00e4\u00e4r\u00e4llist\u00e4 ylivoimaa. Sodan alkaessa Rovaniemell\u00e4 oli 2.000 suomalaista sotilasta kokonaan ilman aseita. Vihollinen p\u00e4\u00e4si tunkeumaan lyhyess\u00e4 ajassa maahan Pelkosenniemen maastossa noin 180 km, pidemm\u00e4lle kuin miss\u00e4\u00e4n. Syyn\u00e4 oli esimerkiksi se, ett\u00e4 panssarintorjunta-aseita ei pohjoisessa ollut suomalaisilla lainkaan sodan alkaessa.  Suomalaisilta puuttui kokonaan my\u00f6s ilmatorjunta-aseet ja ilmavoimien kalusto. Sotaa k\u00e4ytiin lumim\u00e4\u00e4r\u00e4n korvessa kasvaessa jatkuvasti, mik\u00e4 haittasi vihollisen moottoroitujen joukkojen toimintaa. Ilmari 39- kellon kellotaulu on valkos\u00e4vytteinen, ja taulu kuvaa lumenvalkoisia olosuhteita tuolloin Suomen Lapissa.  105 p\u00e4iv\u00e4\u00e4 kest\u00e4neen talvisodan seurauksena Suomea ei lopulta katkaistu Tornion kohdalta kahtia, kuten ven\u00e4l\u00e4isten suunnitelmissa oli kaavailtu. Torjuntavoittoa ei kuitenkaan saatu ilmaiseksi, suomalaiset menettiv\u00e4t mm. Sallan suunnalla 30% taisteluvahvuudestaan. Sallan suunnan taisteluista on puhuttu sotien j\u00e4lkeen v\u00e4h\u00e4n. Niiden merkitys on talvisodan ihmeen syntymisen kannalta ilmeinen.<\/p>\n<p>Ilmari Prepulaa ja muita Sallan suunnan taistelijoita kuvaamaan Ilmari39- kellon takakanteen on kaiverrettu kaksi suomalaista lumipukuista taistelijaa, jotka aseet sel\u00e4ss\u00e4\u00e4n katsovat kaukana mets\u00e4n ylle nousevia pohjoisen tuntureita. Lumipuvussa olevia taistelijoita on nimenomaan kaksi sen vuoksi, ett\u00e4 alakynnest\u00e4 ja ankarista olosuhteista huolimatta Sallan suunnan joukkojen puolustustahto ja yhteishenki s\u00e4ilyi korkeana.  Takymetrin merkinn\u00e4t ja kellotaulun indeksit ovat vaalean vihre\u00e4t ja symbolisoivat er\u00e4maan puiden kasvustoa. Ilmari39- kelloille my\u00f6nnet\u00e4\u00e4n 2 vuoden takuu ja preorder-tilauksia voi tehd\u00e4 t\u00e4st\u00e4 p\u00e4iv\u00e4st\u00e4 lukien.<\/p>\n<p>Tuomme tarjolle Ilmari41- nimisen automaattikellon, jonka on suunnitellut Andreas Prepula. Kellossa on safiirilasi, ja Miyotan 8215- automaattikoneisto, sek\u00e4 ruostumattomattomasta ter\u00e4ksest\u00e4 tehty runko.<br \/>\nKruunu on kierrett\u00e4v\u00e4, ja vesitiiveys on 100m. Kellolle annetaan 2 vuoden takuu.<\/p>\n<p>Kelloon on saatavilla laajaasti erintyyppisi\u00e4 rannekkeita kuten esimerkiksi ter\u00e4sranneke, nahkarannekkeita, paranato- tyylisi\u00e4 rannekkeita sek\u00e4 nahkaisia nato- tyylisi\u00e4 rannekkeita.<\/p>\n<div class=\"su-box su-box-style-default\" id=\"\" style=\"border-color:#000000;border-radius:2px;max-width:none\"><div class=\"su-box-title\" style=\"background-color:#333333;color:#FFFFFF;border-top-left-radius:0px;border-top-right-radius:0px\">Ominaisuudet<\/div><div class=\"su-box-content su-u-clearfix su-u-trim\" style=\"border-bottom-left-radius:0px;border-bottom-right-radius:0px\">\n<div class=\"su-column su-column-size-1-2 su-column-centered\"><div class=\"su-column-inner su-u-clearfix su-u-trim\">RUNKO: 316L RUOSTUMATON TER\u00c4S<\/div><\/div>\n<div class=\"su-column su-column-size-1-2 su-column-centered\"><div class=\"su-column-inner su-u-clearfix su-u-trim\">VEDON TALTEENOTTOKYKY NOIN 41 TUNTIA<\/div><\/div>\n<div class=\"su-column su-column-size-1-2 su-column-centered\"><div class=\"su-column-inner su-u-clearfix su-u-trim\">TOIMINNOT:  TUNNIT, MINUUTIT, SEKUNNIT, P\u00c4IV\u00c4YS<\/div><\/div>\n<div class=\"su-column su-column-size-1-2 su-column-centered\"><div class=\"su-column-inner su-u-clearfix su-u-trim\">TAKAKANSI: RUUVILUKITTEINEN<\/div><\/div>\n<div class=\"su-column su-column-size-1-2 su-column-centered\"><div class=\"su-column-inner su-u-clearfix su-u-trim\">KOTELON KOKO: 41mm ilman kruunua<\/div><\/div>\n<div class=\"su-column su-column-size-1-2 su-column-centered\"><div class=\"su-column-inner su-u-clearfix su-u-trim\">RUUVILUKITTEINEN TER\u00c4S KRUUNU KAIVERRUKSELLA<\/div><\/div>\n<div class=\"su-column su-column-size-1-2 su-column-centered\"><div class=\"su-column-inner su-u-clearfix su-u-trim\">KOTELON PAKSUUS: 13mm<\/div><\/div>\n<div class=\"su-column su-column-size-1-2 su-column-centered\"><div class=\"su-column-inner su-u-clearfix su-u-trim\">RANNEKKEEN LEVEYS: 22mm<\/div><\/div>\n<div class=\"su-column su-column-size-1-2 su-column-centered\"><div class=\"su-column-inner su-u-clearfix su-u-trim\">KONEISTO: <strong>Mi\u00fdota<\/strong> 8215 <a href=\"https:\/\/miyotamovement.com\/uploads\/product\/158\/pdf\/1810271737242k5kt.pdf\"> LINKKI OHJEESEEN <\/a><\/div><\/div>\n<div class=\"su-column su-column-size-1-2 su-column-centered\"><div class=\"su-column-inner su-u-clearfix su-u-trim\">LASIKE: SAFIIRILASI HEIJASTUKSEN ESTO PINNOITTEELLA<\/div><\/div>\n<div class=\"su-column su-column-size-1-2 su-column-centered\"><div class=\"su-column-inner su-u-clearfix su-u-trim\">SARJANUMEROITU 70 kpl.<\/div><\/div>\n<div class=\"su-column su-column-size-1-2 su-column-centered\"><div class=\"su-column-inner su-u-clearfix su-u-trim\">OSOITTIMET: SWISS LUME<\/div><\/div>\n<div class=\"su-column su-column-size-1-2 su-column-centered\"><div class=\"su-column-inner su-u-clearfix su-u-trim\">TAULU: MATTA, SWISS LUME<\/div><\/div>\n<div class=\"su-column su-column-size-1-2 su-column-centered\"><div class=\"su-column-inner su-u-clearfix su-u-trim\">RANNEKE: PARA-NATO TYYPPINEN RANNEKE TAI METALLIRANNEKE<\/div><\/div>\n<div class=\"su-column su-column-size-1-2 su-column-centered\"><div class=\"su-column-inner su-u-clearfix su-u-trim\">VEDENPIT\u00c4VYYS LUOKKA: 10ATM \/ 10BAR \/ ~100M \/ 328FT<\/div><\/div>\n<div class=\"su-column su-column-size-1-2 su-column-centered\"><div class=\"su-column-inner su-u-clearfix su-u-trim\">ULKOKEH\u00c4: TER\u00c4S, LASI PINNOITTEELLA<\/div><\/div>\n<a href=\"https:\/\/official.pookwatches.com\/privacy-policy\/\" class=\"su-button su-button-style-ghost\" style=\"color:#000000;background-color:#000000;border-color:#000000;border-radius:5px\" target=\"_blank\" rel=\"noopener noreferrer\"><span style=\"color:#000000;padding:0px 16px;font-size:13px;line-height:26px;border-color:#4d4d4d;border-radius:5px;text-shadow:none\">  36 KUUKAUDEN RAJOITETTU TAKUU<\/span><\/a>\n<a href=\"https:\/\/eadn-wc01-4585745.nxedge.io\/wp-content\/uploads\/2023\/09\/Automaatti_ohje.pdf\" class=\"su-button su-button-style-ghost\" style=\"color:#000000;background-color:#000000;border-color:#000000;border-radius:5px\" target=\"_blank\" rel=\"noopener noreferrer\"><span style=\"color:#000000;padding:0px 16px;font-size:13px;line-height:26px;border-color:#4d4d4d;border-radius:5px;text-shadow:none\"> OHJE (.PDF)<\/span><\/a>\n<div class=\"su-column su-column-size-1-2 su-column-centered\"><div class=\"su-column-inner su-u-clearfix su-u-trim\">TAKUUKORTTI: S\u00c4HK\u00d6INEN TAKUUKORTTI<\/div><\/div>\n<\/div><\/div>","protected":false},"excerpt":{"rendered":"<p>The name Ilmari 39 connects directly to Andreas Prepula&#8217;s family history. Ilmari Prepula was born in 1906 in Lapua and spent his childhood in Ostrobothnia. As a young man, Ilmari toured Finland on various construction sites, working as a blacksmith and riveter. Construction sites were often taken far from home and often lasted for months, [&#8230;]\n","protected":false},"featured_media":11876,"template":"","meta":[],"product_brand":[],"product_cat":[224],"product_tag":[],"class_list":{"0":"post-9890","1":"product","2":"type-product","3":"status-publish","4":"has-post-thumbnail","6":"product_cat-previous-models","7":"product_shipping_class-packet-sizes","9":"first","10":"outofstock","11":"taxable","12":"shipping-taxable","13":"product-type-simple"},"jetpack_sharing_enabled":true,"_links":{"self":[{"href":"https:\/\/official.pookwatches.com\/fi\/wp-json\/wp\/v2\/product\/9890","targetHints":{"allow":["GET"]}}],"collection":[{"href":"https:\/\/official.pookwatches.com\/fi\/wp-json\/wp\/v2\/product"}],"about":[{"href":"https:\/\/official.pookwatches.com\/fi\/wp-json\/wp\/v2\/types\/product"}],"wp:featuredmedia":[{"embeddable":true,"href":"https:\/\/official.pookwatches.com\/fi\/wp-json\/wp\/v2\/media\/11876"}],"wp:attachment":[{"href":"https:\/\/official.pookwatches.com\/fi\/wp-json\/wp\/v2\/media?parent=9890"}],"wp:term":[{"taxonomy":"product_brand","embeddable":true,"href":"https:\/\/official.pookwatches.com\/fi\/wp-json\/wp\/v2\/product_brand?post=9890"},{"taxonomy":"product_cat","embeddable":true,"href":"https:\/\/official.pookwatches.com\/fi\/wp-json\/wp\/v2\/product_cat?post=9890"},{"taxonomy":"product_tag","embeddable":true,"href":"https:\/\/official.pookwatches.com\/fi\/wp-json\/wp\/v2\/product_tag?post=9890"}],"curies":[{"name":"wp","href":"https:\/\/api.w.org\/{rel}","templated":true}]}}