{"id":9796,"date":"2020-04-18T10:24:12","date_gmt":"2020-04-18T07:24:12","guid":{"rendered":"https:\/\/e16a3c7593.nxcli.net\/?post_type=product&#038;p=9796"},"modified":"2023-11-13T11:17:31","modified_gmt":"2023-11-13T09:17:31","slug":"kontio-limited","status":"publish","type":"product","link":"https:\/\/official.pookwatches.com\/fi\/tuote\/kontio-limited\/","title":{"rendered":"Kontio"},"content":{"rendered":"<p>Olemme alusta asti eri tavoin tuoneet kelloissamme esille suomalaista luontoa, ja tukeneet toimijoita jotka tekev\u00e4t ty\u00f6t\u00e4 suomalaisen luonnon puolesta ja sen suojelemiseksi.<\/p>\n<p>Karhu on ollut kautta aikain It\u00e4-Suomessa mets\u00e4n usein myyttinenkin voimahahmo. Se on Suomen luonnossa el\u00e4vist\u00e4 el\u00e4imist\u00e4 suurikokoisin. Se on vaikuttava ilmestys, uroskarhu voi kasvaa jopa 300 kilon kokoiseksi ja tuntee kyll\u00e4 oman arvonsa. Kansanperinteess\u00e4 karhua on pidetty arvostettuna ja pyh\u00e4n\u00e4 el\u00e4imen\u00e4. Sit\u00e4 on petona my\u00f6s pel\u00e4tty, ja sen vuoksi siit\u00e4 on k\u00e4ytetty kansanperinteess\u00e4 kunnioittaen kiertoilmauksia. Sellainen kiertoilmaus on my\u00f6s Kontio.<\/p>\n<p>Luonnossa se on luonnonvaraisista el\u00e4imist\u00e4 Suomen suurin, 10-18 cm leve\u00e4. Kellotaulun ruskea v\u00e4ri ja tekstuuri imitoi suomalaisen karhun turkin s\u00e4vyj\u00e4. Pookille ominaiseen tapaan kellossa on laadukas japanilainen koneisto, safiirilasi, sveitsil\u00e4inen lume sek\u00e4 ruostumatonta ter\u00e4st\u00e4 oleva runko. Vakiopakkaukseen tulee mukaan paranato-tyyppinen ranneke, mutta kelloon saa my\u00f6s ter\u00e4ksisen rannekkeen.<\/p>\n<p>Kontion julkistamishetki on oivallinen tilaisuus esitell\u00e4 my\u00f6s Pookin tuoreet merkkil\u00e4hettil\u00e4\u00e4t, Finnature Oy:n luontokuvaajat Jari ja Kaisa Peltom\u00e4ki. He ovat kahden vuosikymmenen ajan kuvanneet ammatikseen suomalaista luontoa. Heid\u00e4n perheyrityksens\u00e4 vie luontokuvaajat eri puolille maailmaa, niin Japaniin, Afrikkaan, kuin Pohjois-Eurooppaankin. Oheisessa kuvassa he ovat Shetlannissa kuvaamassa suulia. Ennenkaikkea he ovat mit\u00e4 parhaimpia esimerkkej\u00e4 vastuullisesta luontoyritt\u00e4j\u00e4st\u00e4. Kumpikin on kansainv\u00e4lisesti ja kansallisesti moneen kertaan palkittuja mestarikuvaajia. Moni ei tied\u00e4, ett\u00e4 t\u00e4ll\u00e4kin hetkell\u00e4 heid\u00e4n kauttaan on mahdollisuus p\u00e4\u00e4st\u00e4 kuvaamaan jopa ultraharvinaista petolintua huuhkajaa Suomessa. Molemmat tunnetaan erityisesti lintukuvaajina, mutta he ovat menestyneet my\u00f6s esimerkiksi juuri my\u00f6s karhukuvilla. He toimivat my\u00f6s Olympuksen ambassadorin teht\u00e4viss\u00e4. Heid\u00e4n asiakkaistaan suurin osa on ulkomaisia kovan luokan luontokuvausharrastajia tai ammattilaisia. Finnature Oy kuten monet muutkin yritykset Suomessa ovat k\u00e4rsineet pahoin Korona-epidemiasta; k\u00e4yt\u00e4nn\u00f6ss\u00e4 koko kev\u00e4\u00e4n 2020 sesongin matkat ovat peruuntuneet. On kuitenkin selv\u00e4 asia, ett\u00e4 Peltom\u00e4et jatkavat ja selvi\u00e4v\u00e4t Koronan kourista ja pystyv\u00e4t jatkossakin viem\u00e4\u00e4n suomalaista luontoa l\u00e4helle muuta maailmaa. Se on uskomattoman hienoa ty\u00f6t\u00e4.\nSuosittelemme tutustumaan Jarin ja Kaisan mahtaviin luontokuviin ja heid\u00e4n yrityksen\u00e4 retki-, kurssi- ja muuhun tarjontaan osoitteessa www.finnature.fi. Heid\u00e4n otoksiaankin voi nyt ostaa canvastauluina on nyt verkkokaupasta osoitteesta https:\/\/shop.finnature.com\/?product_cat=canvas. Ennenkaikkea salaisena vinkkin\u00e4 tiedoksi, ett\u00e4 Jarin ja Kaisan vet\u00e4mille retkille p\u00e4\u00e4see mukaan vain pieni joukko kuvaajia kerrallaan, nyt sesongille 2021 on viel\u00e4 joitakin paikkoja kuulemma vapaana!<\/p>\n<p>Olemme ylpeit\u00e4, ett\u00e4 olemme saaneet Jari ja Kaisa Peltom\u00e4en kellojemme l\u00e4hettil\u00e4iksi ja seuraamme somekanavillamme heid\u00e4n matkaansa.<br \/>\nWe are proud to have Jari and Kaisa Peltom\u00e4ki as ambassadors for our watches and to follow their journey on our Finnish channels.<\/p>\n<p>Kelloon on saatavilla laajaasti erintyyppisi\u00e4 rannekkeita kuten esimerkiksi ter\u00e4sranneke, nahkarannekkeita, paranato- tyylisi\u00e4 rannekkeita sek\u00e4 nahkaisia nato- tyylisi\u00e4 rannekkeita.<\/p>\n<div class=\"su-box su-box-style-default\" id=\"\" style=\"border-color:#000000;border-radius:2px;max-width:none\"><div class=\"su-box-title\" style=\"background-color:#333333;color:#FFFFFF;border-top-left-radius:0px;border-top-right-radius:0px\">Ominaisuudet<\/div><div class=\"su-box-content su-u-clearfix su-u-trim\" style=\"border-bottom-left-radius:0px;border-bottom-right-radius:0px\">\n<div class=\"su-column su-column-size-1-2 su-column-centered\"><div class=\"su-column-inner su-u-clearfix su-u-trim\">RUNKO: 316L RUOSTUMATON TER\u00c4S<\/div><\/div>\n<div class=\"su-column su-column-size-1-2 su-column-centered\"><div class=\"su-column-inner su-u-clearfix su-u-trim\">Miyota 8215<\/div><\/div>\n<div class=\"su-column su-column-size-1-2 su-column-centered\"><div class=\"su-column-inner su-u-clearfix su-u-trim\">VEDON TALTEENOTTOKYKY NOIN 41 TUNTIA<\/div><\/div>\n<div class=\"su-column su-column-size-1-2 su-column-centered\"><div class=\"su-column-inner su-u-clearfix su-u-trim\">TOIMINNOT:  TUNNIT, MINUUTIT, SEKUNNIT, P\u00c4IV\u00c4YS<\/div><\/div>\n<div class=\"su-column su-column-size-1-2 su-column-centered\"><div class=\"su-column-inner su-u-clearfix su-u-trim\">TAKAKANSI: RUUVILUKITTEINEN<\/div><\/div>\n<div class=\"su-column su-column-size-1-2 su-column-centered\"><div class=\"su-column-inner su-u-clearfix su-u-trim\">KOTELON KOKO: 41mm ilman kruunua<\/div><\/div>\n<div class=\"su-column su-column-size-1-2 su-column-centered\"><div class=\"su-column-inner su-u-clearfix su-u-trim\">RUUVILUKITTEINEN TER\u00c4S KRUUNU KAIVERRUKSELLA<\/div><\/div>\n<div class=\"su-column su-column-size-1-2 su-column-centered\"><div class=\"su-column-inner su-u-clearfix su-u-trim\">KOTELON PAKSUUS: 13mm<\/div><\/div>\n<div class=\"su-column su-column-size-1-2 su-column-centered\"><div class=\"su-column-inner su-u-clearfix su-u-trim\">RANNEKKEEN LEVEYS: 22mm<\/div><\/div>\n<div class=\"su-column su-column-size-1-2 su-column-centered\"><div class=\"su-column-inner su-u-clearfix su-u-trim\">KONEISTO: <strong>Mi\u00fdota<\/strong> 8215 <a href=\"https:\/\/miyotamovement.com\/uploads\/product\/158\/pdf\/1810271737242k5kt.pdf\"> LINKKI OHJEESEEN <\/a><\/div><\/div>\n<div class=\"su-column su-column-size-1-2 su-column-centered\"><div class=\"su-column-inner su-u-clearfix su-u-trim\">LASIKE: SAFIIRILASI HEIJASTUKSEN ESTO PINNOITTEELLA<\/div><\/div>\n<div class=\"su-column su-column-size-1-2 su-column-centered\"><div class=\"su-column-inner su-u-clearfix su-u-trim\">SARJANUMEROITU 70 kpl.<\/div><\/div>\n<div class=\"su-column su-column-size-1-2 su-column-centered\"><div class=\"su-column-inner su-u-clearfix su-u-trim\">OSOITTIMET: SWISS LUME<\/div><\/div>\n<div class=\"su-column su-column-size-1-2 su-column-centered\"><div class=\"su-column-inner su-u-clearfix su-u-trim\">TAULU: MATTA, SWISS LUME<\/div><\/div>\n<div class=\"su-column su-column-size-1-2 su-column-centered\"><div class=\"su-column-inner su-u-clearfix su-u-trim\">RANNEKE VALINNAN MUKAAN<\/div><\/div>\n<div class=\"su-column su-column-size-1-2 su-column-centered\"><div class=\"su-column-inner su-u-clearfix su-u-trim\">VEDENPIT\u00c4VYYS LUOKKA: 10ATM \/ 10BAR \/ ~100M \/ 328FT<\/div><\/div>\n<a href=\"https:\/\/official.pookwatches.com\/privacy-policy\/\" class=\"su-button su-button-style-ghost\" style=\"color:#000000;background-color:#000000;border-color:#000000;border-radius:5px\" target=\"_blank\" rel=\"noopener noreferrer\"><span style=\"color:#000000;padding:0px 16px;font-size:13px;line-height:26px;border-color:#4d4d4d;border-radius:5px;text-shadow:none\">  36 KUUKAUDEN RAJOITETTU TAKUU<\/span><\/a>\n<\/div><\/div>","protected":false},"excerpt":{"rendered":"<p>Our watches have brought attention to Finnish nature, and sponsored actors working on behalf of the Finnish nature and its protection. The bear has always been a mythical force in the use of the forest in Eastern Finland. It is the one largest animal in Finland&#8217;s wildlife. It\u2019s an impressive revelation, a male bear can [&#8230;]\n","protected":false},"featured_media":11913,"template":"","meta":[],"product_brand":[],"product_cat":[224],"product_tag":[],"class_list":{"0":"post-9796","1":"product","2":"type-product","3":"status-publish","4":"has-post-thumbnail","6":"product_cat-previous-models","7":"product_shipping_class-packet-sizes","9":"first","10":"outofstock","11":"taxable","12":"shipping-taxable","13":"product-type-simple"},"jetpack_sharing_enabled":true,"_links":{"self":[{"href":"https:\/\/official.pookwatches.com\/fi\/wp-json\/wp\/v2\/product\/9796","targetHints":{"allow":["GET"]}}],"collection":[{"href":"https:\/\/official.pookwatches.com\/fi\/wp-json\/wp\/v2\/product"}],"about":[{"href":"https:\/\/official.pookwatches.com\/fi\/wp-json\/wp\/v2\/types\/product"}],"wp:featuredmedia":[{"embeddable":true,"href":"https:\/\/official.pookwatches.com\/fi\/wp-json\/wp\/v2\/media\/11913"}],"wp:attachment":[{"href":"https:\/\/official.pookwatches.com\/fi\/wp-json\/wp\/v2\/media?parent=9796"}],"wp:term":[{"taxonomy":"product_brand","embeddable":true,"href":"https:\/\/official.pookwatches.com\/fi\/wp-json\/wp\/v2\/product_brand?post=9796"},{"taxonomy":"product_cat","embeddable":true,"href":"https:\/\/official.pookwatches.com\/fi\/wp-json\/wp\/v2\/product_cat?post=9796"},{"taxonomy":"product_tag","embeddable":true,"href":"https:\/\/official.pookwatches.com\/fi\/wp-json\/wp\/v2\/product_tag?post=9796"}],"curies":[{"name":"wp","href":"https:\/\/api.w.org\/{rel}","templated":true}]}}