{"id":2413,"date":"2019-08-17T16:52:35","date_gmt":"2019-08-17T16:52:35","guid":{"rendered":"https:\/\/pookwatches.com\/shopping\/?post_type=product&#038;p=2413"},"modified":"2023-11-13T11:17:55","modified_gmt":"2023-11-13T09:17:55","slug":"kompressor-ref-wkr03003","status":"publish","type":"product","link":"https:\/\/official.pookwatches.com\/fi\/tuote\/kompressor-ref-wkr03003\/","title":{"rendered":"KOMPRESSOR Wkr03003"},"content":{"rendered":"<p>Moderni sukelluskello, jossa on ripaus vintage-makua. Pook Kompressor -sarja on tehty vaativaan k\u00e4ytt\u00f6\u00f6n vesiolosuhteissa. Kompressorissa on luettavat SWISS-lume osoittimet ja py\u00f6riv\u00e4 sukelluskellojen ulkokeh\u00e4, jonka avulla voidaan laskea veden alla vietetty aika. Laaja osoitintaulu ja siin\u00e4 suuret osoittimet helpottavat kellon lukemista.\nKompressor kelloissa on eritt\u00e4in kova naarmuuntumista ehk\u00e4isev\u00e4 safiiri lasike joka tekee kellosta t\u00e4ydellisen jokap\u00e4iv\u00e4iseen k\u00e4ytt\u00f6\u00f6n.<\/p>\n<p><strong><div class=\"su-box su-box-style-default\" id=\"\" style=\"border-color:#000000;border-radius:2px;max-width:none\"><div class=\"su-box-title\" style=\"background-color:#333333;color:#FFFFFF;border-top-left-radius:0px;border-top-right-radius:0px\">Ominaisuudet<\/div><div class=\"su-box-content su-u-clearfix su-u-trim\" style=\"border-bottom-left-radius:0px;border-bottom-right-radius:0px\">\n<\/strong><\/p>\n<div class=\"su-column su-column-size-1-2 su-column-centered\"><div class=\"su-column-inner su-u-clearfix su-u-trim\">KOKO: 42mm ILMAN KRUUNUA <\/div><\/div>\n<div class=\"su-column su-column-size-1-2 su-column-centered\"><div class=\"su-column-inner su-u-clearfix su-u-trim\">RUUVILUKITTEINEN TER\u00c4S KRUUNU KAIVERRUKSELLA<\/div><\/div>\n<div class=\"su-column su-column-size-1-2 su-column-centered\"><div class=\"su-column-inner su-u-clearfix su-u-trim\">KOTELON PAKSUUS: 15,30mm <\/div><\/div>\n<div class=\"su-column su-column-size-1-2 su-column-centered\"><div class=\"su-column-inner su-u-clearfix su-u-trim\">RANNEKKEEN LEVEYS: 22mm<\/div><\/div>\n<div class=\"su-column su-column-size-1-2 su-column-centered\"><div class=\"su-column-inner su-u-clearfix su-u-trim\">KONEISTO: MIYOTA 8215 AUTOMAATTI <a href=\"https:\/\/miyotamovement.com\/product\/8215\/\">https:\/\/miyotamovement.com\/product\/8215 \u00a0<\/a><\/div><\/div>\n<div class=\"su-column su-column-size-1-2 su-column-centered\"><div class=\"su-column-inner su-u-clearfix su-u-trim\">LASIKE: VIISTOTTU, SAFIIRILASI HEIJASTUKSEN ESTO PINNOITTEELLA<\/div><\/div>\n<div class=\"su-column su-column-size-1-2 su-column-centered\"><div class=\"su-column-inner su-u-clearfix su-u-trim\">SARJANUMEROITU 100 kpl. <\/div><\/div>\n<div class=\"su-column su-column-size-1-2 su-column-centered\"><div class=\"su-column-inner su-u-clearfix su-u-trim\">ULKOKEH\u00c4: TER\u00c4S, ALUMIINISELLA OSOITIN KEH\u00c4LL\u00c4<\/div><\/div>\n<div class=\"su-column su-column-size-1-2 su-column-centered\"><div class=\"su-column-inner su-u-clearfix su-u-trim\">OSOITTIMET: SWISS LUME <\/div><\/div>\n<div class=\"su-column su-column-size-1-2 su-column-centered\"><div class=\"su-column-inner su-u-clearfix su-u-trim\">TAULU: MATTA, SWISS LUME<\/div><\/div>\n<div class=\"su-column su-column-size-1-2 su-column-centered\"><div class=\"su-column-inner su-u-clearfix su-u-trim\">RANNEKE: NAHKA <\/div><\/div>\n<div class=\"su-column su-column-size-1-2 su-column-centered\"><div class=\"su-column-inner su-u-clearfix su-u-trim\">VEDENPIT\u00c4VYYS LUOKKA: 20ATM \/ 20BAR \/ ~200M \/ 656FT<\/div><\/div>\n<div class=\"su-column su-column-size-1-2 su-column-centered\"><div class=\"su-column-inner su-u-clearfix su-u-trim\"><a href=\"https:\/\/miyotamovement.com\/uploads\/product\/155\/pdf\/181027172305ix1dm.pdf\" target=\"_blank\" rel=\"noopener noreferrer\">Linkki koneiston ohjeeseen<\/a><\/div><\/div>\n<a href=\"https:\/\/official.pookwatches.com\/privacy-policy\/\" class=\"su-button su-button-style-ghost\" style=\"color:#000000;background-color:#000000;border-color:#000000;border-radius:5px\" target=\"_blank\" rel=\"noopener noreferrer\"><span style=\"color:#000000;padding:0px 16px;font-size:13px;line-height:26px;border-color:#4d4d4d;border-radius:5px;text-shadow:none\">  36 KUUKAUDEN RAJOITETTU TAKUU<\/span><\/a>\n<\/div><\/div>","protected":false},"excerpt":{"rendered":"<p>The modern dive watch with the hint of vintage taste. Pook Kompressor serie has been made for demanding use in aquatic conditions. Kompressor has legible SWISS lume-filled dials and rotating dive bezels that could be used to calculate the amount of time spent underwater. The wide dial and large hands makes it easy to read [&#8230;]\n","protected":false},"featured_media":11879,"template":"","meta":[],"product_brand":[],"product_cat":[224],"product_tag":[],"class_list":{"0":"post-2413","1":"product","2":"type-product","3":"status-publish","4":"has-post-thumbnail","6":"product_cat-previous-models","7":"product_shipping_class-class-1","9":"first","10":"outofstock","11":"taxable","12":"shipping-taxable","13":"product-type-simple"},"jetpack_sharing_enabled":true,"_links":{"self":[{"href":"https:\/\/official.pookwatches.com\/fi\/wp-json\/wp\/v2\/product\/2413","targetHints":{"allow":["GET"]}}],"collection":[{"href":"https:\/\/official.pookwatches.com\/fi\/wp-json\/wp\/v2\/product"}],"about":[{"href":"https:\/\/official.pookwatches.com\/fi\/wp-json\/wp\/v2\/types\/product"}],"wp:featuredmedia":[{"embeddable":true,"href":"https:\/\/official.pookwatches.com\/fi\/wp-json\/wp\/v2\/media\/11879"}],"wp:attachment":[{"href":"https:\/\/official.pookwatches.com\/fi\/wp-json\/wp\/v2\/media?parent=2413"}],"wp:term":[{"taxonomy":"product_brand","embeddable":true,"href":"https:\/\/official.pookwatches.com\/fi\/wp-json\/wp\/v2\/product_brand?post=2413"},{"taxonomy":"product_cat","embeddable":true,"href":"https:\/\/official.pookwatches.com\/fi\/wp-json\/wp\/v2\/product_cat?post=2413"},{"taxonomy":"product_tag","embeddable":true,"href":"https:\/\/official.pookwatches.com\/fi\/wp-json\/wp\/v2\/product_tag?post=2413"}],"curies":[{"name":"wp","href":"https:\/\/api.w.org\/{rel}","templated":true}]}}