{"id":1887,"date":"2018-11-16T09:41:30","date_gmt":"2018-11-16T09:41:30","guid":{"rendered":"https:\/\/pookwatches.com\/shopping\/?post_type=product&#038;p=1887"},"modified":"2024-03-11T00:00:43","modified_gmt":"2024-03-10T22:00:43","slug":"nitrogen-l","status":"publish","type":"product","link":"https:\/\/official.pookwatches.com\/fi\/tuote\/nitrogen-l\/","title":{"rendered":"Nitrogen I Limited"},"content":{"rendered":"<p>Nitrogen on pohjoismainen lifestyle-kronografi kello, jossa on hyvin erilainen tyyli. Kello on saanut ulkoasun 70-luvun rikkaista v\u00e4reist\u00e4 jossa on moderneja tai jopa futuristisia linjoja.<br \/>\nT\u00e4m\u00e4 tyylilt\u00e4\u00e4n iloinen ajanoton kello voidaan ottaa mukaan sukellukseen tai mihin tahansa muuhun urheilutoimintaan. SWISS- lume kellotaulu ja helposti luettavat osoittimet heijastussuojatulla linssill\u00e4. Vedenkest\u00e4v\u00e4 100 metri\u00e4 takaa, ett\u00e4 vesi ja mahdollinen p\u00f6ly pysyv\u00e4t poissa.<\/p>\n<p><em><strong>NITROGEN I LIMITED EDITION<\/strong><\/em><br \/>\n<div class=\"su-box su-box-style-default\" id=\"\" style=\"border-color:#000000;border-radius:2px;max-width:none\"><div class=\"su-box-title\" style=\"background-color:#333333;color:#FFFFFF;border-top-left-radius:0px;border-top-right-radius:0px\">Ominaisuudet<\/div><div class=\"su-box-content su-u-clearfix su-u-trim\" style=\"border-bottom-left-radius:0px;border-bottom-right-radius:0px\">\n<div class=\"su-column su-column-size-1-2 su-column-centered\"><div class=\"su-column-inner su-u-clearfix su-u-trim\">RUNKO: 316L RUOSTUMATON TER\u00c4S<\/div><\/div>\n<div class=\"su-column su-column-size-1-2 su-column-centered\"><div class=\"su-column-inner su-u-clearfix su-u-trim\">TOIMINNOT:  TUNNIT, MINUUTIT, SEKUNNIT, P\u00c4IV\u00c4YS<\/div><\/div>\n<div class=\"su-column su-column-size-1-2 su-column-centered\"><div class=\"su-column-inner su-u-clearfix su-u-trim\">TAKAKANSI: RUUVILUKITTEINEN<\/div><\/div>\n<div class=\"su-column su-column-size-1-2 su-column-centered\"><div class=\"su-column-inner su-u-clearfix su-u-trim\">KOKO: 42mm x 50mm<\/div><\/div>\n<div class=\"su-column su-column-size-1-2 su-column-centered\"><div class=\"su-column-inner su-u-clearfix su-u-trim\">RANNEKKEEN LEVEYS: 22mm<\/div><\/div>\n<div class=\"su-column su-column-size-1-2 su-column-centered\"><div class=\"su-column-inner su-u-clearfix su-u-trim\">KONEISTO: <strong>SEIKO<\/strong> VK 64 QUARTZ<\/div><\/div>\n<div class=\"su-column su-column-size-1-2 su-column-centered\"><div class=\"su-column-inner su-u-clearfix su-u-trim\">LASIKE: K1-HEIJASTUKSEN PINNOITTEELLA<\/div><\/div>\n<div class=\"su-column su-column-size-1-2 su-column-centered\"><div class=\"su-column-inner su-u-clearfix su-u-trim\">SARJANUMEROITU 100 kpl.<\/div><\/div>\n<div class=\"su-column su-column-size-1-2 su-column-centered\"><div class=\"su-column-inner su-u-clearfix su-u-trim\">OSOITTIMET: SWISS LUME<\/div><\/div>\n<div class=\"su-column su-column-size-1-2 su-column-centered\"><div class=\"su-column-inner su-u-clearfix su-u-trim\">TAULU: MATTA, JAPANILAINEN LUME<\/div><\/div>\n<div class=\"su-column su-column-size-1-2 su-column-centered\"><div class=\"su-column-inner su-u-clearfix su-u-trim\">RANNEKE: VAIHTELEE VARASTOTILANTEEN MUKAAN (KUMI, NAHKA)<\/div><\/div>\n<div class=\"su-column su-column-size-1-2 su-column-centered\"><div class=\"su-column-inner su-u-clearfix su-u-trim\">VEDENPIT\u00c4VYYS LUOKKA: 10ATM \/ 10BAR \/ ~100M \/ 328FT<\/div><\/div>\n<div class=\"su-column su-column-size-1-2 su-column-centered\"><div class=\"su-column-inner su-u-clearfix su-u-trim\"><a href=\"https:\/\/calibercorner.com\/seiko-caliber-vk64a\/\">Nitrogen kellon koneiston k\u00e4ytt\u00f6opas Caliber corner verkkosivuilla.<\/a><\/div><\/div>\n<a href=\"https:\/\/official.pookwatches.com\/privacy-policy\/\" class=\"su-button su-button-style-ghost\" style=\"color:#000000;background-color:#000000;border-color:#000000;border-radius:5px\" target=\"_blank\" rel=\"noopener noreferrer\"><span style=\"color:#000000;padding:0px 16px;font-size:13px;line-height:26px;border-color:#4d4d4d;border-radius:5px;text-shadow:none\">  36 KUUKAUDEN RAJOITETTU TAKUU<\/span><\/a>\n<div class=\"su-column su-column-size-1-2 su-column-centered\"><div class=\"su-column-inner su-u-clearfix su-u-trim\">TAKUUKORTTI: S\u00c4HK\u00d6INEN TAKUUKORTTI<\/div><\/div>\n<div class=\"message-box relative dark\" style=\"padding-top:15px;padding-bottom:15px;\"><div class=\"message-box-bg-image bg-fill fill\" style=\"background-image:url(#hex or http:\/\/imageurl);\"><\/div><div class=\"message-box-bg-overlay bg-fill fill\" ><\/div><div class=\"container relative\"><div class=\"inner last-reset\"> <span class=\"HwtZe\" lang=\"en\"><span class=\"jCAhz ChMk0b\"><span class=\"ryNqvb\">T\u00e4m\u00e4 tuote on toimitusvalmis, se valmistetaan k\u00e4sin tilauksestasi<\/span><\/span><\/span> <\/div><\/div><\/div>\n<\/div><\/div>","protected":false},"excerpt":{"rendered":"<p>Nitrogen is Nordic lifestyle chronograph series, with very different style, inspired from 70\u2019s rich colours with hunch of modern or even futuristic lines. This joyful chronograph watch can be taken with into dive, or any other sport activities. SWISS lumed simple and easily readable dial with antireflection protected lens. Water resistant 100 meters will guarantee [&#8230;]\n","protected":false},"featured_media":11858,"template":"","meta":[],"product_brand":[],"product_cat":[133],"product_tag":[],"class_list":{"0":"post-1887","1":"product","2":"type-product","3":"status-publish","4":"has-post-thumbnail","6":"product_cat-watches","7":"product_shipping_class-packet-sizes","9":"first","10":"instock","11":"taxable","12":"shipping-taxable","13":"purchasable","14":"product-type-simple"},"jetpack_sharing_enabled":true,"_links":{"self":[{"href":"https:\/\/official.pookwatches.com\/fi\/wp-json\/wp\/v2\/product\/1887","targetHints":{"allow":["GET"]}}],"collection":[{"href":"https:\/\/official.pookwatches.com\/fi\/wp-json\/wp\/v2\/product"}],"about":[{"href":"https:\/\/official.pookwatches.com\/fi\/wp-json\/wp\/v2\/types\/product"}],"wp:featuredmedia":[{"embeddable":true,"href":"https:\/\/official.pookwatches.com\/fi\/wp-json\/wp\/v2\/media\/11858"}],"wp:attachment":[{"href":"https:\/\/official.pookwatches.com\/fi\/wp-json\/wp\/v2\/media?parent=1887"}],"wp:term":[{"taxonomy":"product_brand","embeddable":true,"href":"https:\/\/official.pookwatches.com\/fi\/wp-json\/wp\/v2\/product_brand?post=1887"},{"taxonomy":"product_cat","embeddable":true,"href":"https:\/\/official.pookwatches.com\/fi\/wp-json\/wp\/v2\/product_cat?post=1887"},{"taxonomy":"product_tag","embeddable":true,"href":"https:\/\/official.pookwatches.com\/fi\/wp-json\/wp\/v2\/product_tag?post=1887"}],"curies":[{"name":"wp","href":"https:\/\/api.w.org\/{rel}","templated":true}]}}