{"id":1861,"date":"2018-11-07T09:44:28","date_gmt":"2018-11-07T07:44:28","guid":{"rendered":"https:\/\/pookwatches.com\/shopping\/?post_type=product&#038;p=1861"},"modified":"2022-11-29T13:39:05","modified_gmt":"2022-11-29T11:39:05","slug":"cousteau-pipo","status":"publish","type":"product","link":"https:\/\/official.pookwatches.com\/fi\/tuote\/cousteau-pipo\/","title":{"rendered":"Cousteau tyylinen pipo"},"content":{"rendered":"<p>Nyt on mahdollisuus ottaa takaisin meriimme heitetyist\u00e4 muoveista. T\u00e4ss\u00e4 tapauksessa t\u00e4m\u00e4 tulee pipon muodosa. Cousteau-tyylinen pipo on 100% kierr\u00e4tetty\u00e4 nailonia. Yhden koon pipo jossa #pookwatches-logo. Saatavana punaisena, mustana, harmaana ja tummanpunaisena.<\/p>","protected":false},"excerpt":{"rendered":"<p>Nyt on mahdollisuus ottaa takaisin meriimme heitetyist\u00e4 muoveista. T\u00e4ss\u00e4 tapauksessa t\u00e4m\u00e4 tulee pipon muodosa. Cousteau-tyylinen pipo on 100% kierr\u00e4tetty\u00e4 nailonia. Yhden koon pipo jossa #pookwatches-logo. Saatavana punaisena, mustana, harmaana ja tummanpunaisena.<\/p>","protected":false},"featured_media":14862,"template":"","meta":[],"product_brand":[],"product_cat":[140],"product_tag":[],"class_list":{"0":"post-1861","1":"product","2":"type-product","3":"status-publish","4":"has-post-thumbnail","6":"product_cat-accessories","7":"product_shipping_class-letter-size-shipment","9":"first","10":"instock","11":"taxable","12":"shipping-taxable","13":"purchasable","14":"product-type-variable"},"jetpack_sharing_enabled":true,"_links":{"self":[{"href":"https:\/\/official.pookwatches.com\/fi\/wp-json\/wp\/v2\/product\/1861","targetHints":{"allow":["GET"]}}],"collection":[{"href":"https:\/\/official.pookwatches.com\/fi\/wp-json\/wp\/v2\/product"}],"about":[{"href":"https:\/\/official.pookwatches.com\/fi\/wp-json\/wp\/v2\/types\/product"}],"wp:featuredmedia":[{"embeddable":true,"href":"https:\/\/official.pookwatches.com\/fi\/wp-json\/wp\/v2\/media\/14862"}],"wp:attachment":[{"href":"https:\/\/official.pookwatches.com\/fi\/wp-json\/wp\/v2\/media?parent=1861"}],"wp:term":[{"taxonomy":"product_brand","embeddable":true,"href":"https:\/\/official.pookwatches.com\/fi\/wp-json\/wp\/v2\/product_brand?post=1861"},{"taxonomy":"product_cat","embeddable":true,"href":"https:\/\/official.pookwatches.com\/fi\/wp-json\/wp\/v2\/product_cat?post=1861"},{"taxonomy":"product_tag","embeddable":true,"href":"https:\/\/official.pookwatches.com\/fi\/wp-json\/wp\/v2\/product_tag?post=1861"}],"curies":[{"name":"wp","href":"https:\/\/api.w.org\/{rel}","templated":true}]}}