{"id":16445,"date":"2024-10-01T20:30:38","date_gmt":"2024-10-01T17:30:38","guid":{"rendered":"https:\/\/official.pookwatches.com\/?post_type=product&#038;p=16445"},"modified":"2025-06-25T12:39:44","modified_gmt":"2025-06-25T09:39:44","slug":"preorder-pook-watches-x-nightwish-yesterwynde-limited-edition","status":"publish","type":"product","link":"https:\/\/official.pookwatches.com\/fi\/tuote\/preorder-pook-watches-x-nightwish-yesterwynde-limited-edition\/","title":{"rendered":"Pook Watches x Nightwish Yesterwynde Limited Edition"},"content":{"rendered":"<p>ESTIMATED DELIVERY DATE: END OF JULY 2025<\/p>\n<p>Deliveries outside Finland VAT may be applicable. If questions, contact info@pookwatches.com<\/p>\n<p>Yesterwynden tarina on tarina ajasta<\/p>\n<p>Kellosepp\u00e4mme Jani Ikonen on kotoisin Kiteelt\u00e4, pienest\u00e4 it\u00e4suomalaisesta kaupungista. Kiteelt\u00e4 tulee my\u00f6s Nightwish. El\u00e4m\u00e4 on joskus kummallista. Nightwishin Tuomas Holopainen ja Jani Ikonen tunsivat toisensa vuosikymmeni\u00e4 viett\u00e4ess\u00e4\u00e4n molemmat nuoruuttaan Kiteell\u00e4. Kuten niin monet muutkin nuoret noihin aikoihin, molemmat soittelivat ja treenasivat paikallisissa hard rock -b\u00e4ndeiss\u00e4 ja soittivat. Jotkut jopa intoutuivat tekem\u00e4\u00e4n demokappaleitakin, omaksi ja kavereidensa huviksi. Mutta kumpikaan ei osannut ennustaa, mit\u00e4 tulevaisuus toisi tullessaan...<\/p>\n<p>Soon they became older, and Tuomas founded world famous symphonic heavy metal band Nightwish. Jani studied Horology and started to work as a skillfull professional watchmaker in his hometown. To cut a long story short, these two gentlemen from Kitee discussed whether they coud do something interesting together, maybe a \u2019steampunk\u2019 kind of a thing. Tuomas brought up an idea for a mechanical watch like the Antikythera device. To be honest, Jani was unaware that such a thing existed.<\/p>\n<p>Antikythera is regarded to be the oldest computer ever created. It is at least 2.000 years old, and made by the ancient Greeks. It was lifted up from the bottom of the sea and scientists around the world have tried, for a very long time, to establish an understanding of different functions of the device. It is widely agreed that at least it could predict the movement of sun and moon and maybe details of the constellations. So, in a little workshop in Eastern Finland, Jani started to build a watch following the concept of a device produced thousands of years ago.<\/p>\n<p>Jani and Tuomas spent a significant amount of time developing the idea forward, and after a while the shape of the watch began to appear. Some solutions that can be seen in the finished watch are the outcome of several stages of thinking and rethinking to find a better way to make the best watch possible.<\/p>\n<p>In the dial and other parts of the design, there are clear visible details which carry the theme of the Yesterwynde album. Therefore it was soon obvious that this watch should be called \u2019Yesterwynde\u2019. In its design there are also details which are not so easily spotted and understood; the very meaning of the music and watch itself. These details could be called \u201deaster egg\u201d- mysteries.<\/p>\n<p>The component and design choices serve meaning and also purpose. The movement of the watch is automatic, meaning that it will continue working for decades, and, if serviced regularly, may be passed along from one generation to another. The automatic movement takes the kinetic energy needed from the movement of the user &#8211; as long as you continue moving, the watch will keep working.<\/p>\n<p>The music of \u2019 Yesterwynde\u2019 is the outcome of intensely focused and devoted work from Nightwish. Some may see this album as the highlight and end of a trilogy telling the great story of our relationship to nature and the incredible journey of humanity.<\/p>\n<p>Maybe that is the greatest story ever to be told, as huge as time itself. Therefore, this unique and beautiful timepiece is a symbol of the open hearted; so that the very idea of life and the pulse of the heart needed to keep living is highlighted, every day, as this watch is worn.<\/p>\n<p>&nbsp;<\/p>\n<div class=\"su-box su-box-style-default\" id=\"\" style=\"border-color:#000000;border-radius:2px;max-width:none\"><div class=\"su-box-title\" style=\"background-color:#333333;color:#FFFFFF;border-top-left-radius:0px;border-top-right-radius:0px\">Ominaisuudet<\/div><div class=\"su-box-content su-u-clearfix su-u-trim\" style=\"border-bottom-left-radius:0px;border-bottom-right-radius:0px\">\n<div class=\"su-column su-column-size-1-2 su-column-centered\"><div class=\"su-column-inner su-u-clearfix su-u-trim\">RUNKO: 316L RUOSTUMATON TER\u00c4S, HARJATTU<\/div><\/div>\n<div class=\"su-column su-column-size-1-2 su-column-centered\"><div class=\"su-column-inner su-u-clearfix su-u-trim\">K\u00c4YNTIAIKA: 42 TUNTIA<\/div><\/div>\n<div class=\"su-column su-column-size-1-2 su-column-centered\"><div class=\"su-column-inner su-u-clearfix su-u-trim\">TOIMINNOT: TUNNIT, MINUUTIT, SEKUNNIT JA 24 TUNTIA<\/div><\/div>\n<div class=\"su-column su-column-size-1-2 su-column-centered\"><div class=\"su-column-inner su-u-clearfix su-u-trim\">TAKAKANSI: RUUVILUKITTAVA, L\u00c4PIN\u00c4KYV\u00c4 KANSI<\/div><\/div>\n<div class=\"su-column su-column-size-1-2 su-column-centered\"><div class=\"su-column-inner su-u-clearfix su-u-trim\">NUPPI: RUOSTUMATON TER\u00c4S JOSSA NW-SIGNEERAUS<\/div><\/div>\n<div class=\"su-column su-column-size-1-2 su-column-centered\"><div class=\"su-column-inner su-u-clearfix su-u-trim\">RUNGON MITOITUKSET: LEVEYS 41mm x PITUUS 48,5mm - ILMAN NUPPIA<\/div><\/div>\n<div class=\"su-column su-column-size-1-2 su-column-centered\"><div class=\"su-column-inner su-u-clearfix su-u-trim\">KOTELON PAKSUUS: 13mm<\/div><\/div>\n<div class=\"su-column su-column-size-1-2 su-column-centered\"><div class=\"su-column-inner su-u-clearfix su-u-trim\">RANNEKKEEN LEVEYS: 22mm<\/div><\/div>\n<div class=\"su-column su-column-size-1-2 su-column-centered\"><div class=\"su-column-inner su-u-clearfix su-u-trim\">LASIKE:\"DOUBLE DOME\" SAFIIRILASI<\/div><\/div>\n<div class=\"su-column su-column-size-1-2 su-column-centered\"><div class=\"su-column-inner su-u-clearfix su-u-trim\">SARJANUMEROITU 1 - 500<\/div><\/div>\n<div class=\"su-column su-column-size-1-2 su-column-centered\"><div class=\"su-column-inner su-u-clearfix su-u-trim\"><a href=\"https:\/\/miyotamovement.com\/product\/82S7\/\" class=\"su-button su-button-style-ghost\" style=\"color:#000000;background-color:#000000;border-color:#000000;border-radius:5px\" target=\"_blank\" rel=\"noopener noreferrer\"><span style=\"color:#000000;padding:0px 16px;font-size:13px;line-height:26px;border-color:#4d4d4d;border-radius:5px;text-shadow:none\">  MIYOTA 82S7 BASIC AUTOMATIC MOVEMENT<\/span><\/a><\/div><\/div>\n<div class=\"su-column su-column-size-1-2 su-column-centered\"><div class=\"su-column-inner su-u-clearfix su-u-trim\">OSOITTIMET: RUOSTUMATONTA TER\u00c4ST\u00c4, KIILLOTETTU, SWISS LUMINOUS LOISTEMASSA<\/div><\/div>\n<div class=\"su-column su-column-size-1-2 su-column-centered\"><div class=\"su-column-inner su-u-clearfix su-u-trim\">KELLOTAULU: ANTIKYTHERA-TEEMAN MUKAINEN, KONEISTO N\u00c4KYVISS\u00c4<\/div><\/div>\n<div class=\"su-column su-column-size-1-2 su-column-centered\"><div class=\"su-column-inner su-u-clearfix su-u-trim\">RANNEKE: KANGASRANNEKE<\/div><\/div>\n<div class=\"su-column su-column-size-1-2 su-column-centered\"><div class=\"su-column-inner su-u-clearfix su-u-trim\">VEDENPIT\u00c4VYYS LUOKKA: 10ATM \/ 10BAR \/ ~100M \/ 328FT<\/div><\/div>\n<a href=\"https:\/\/official.pookwatches.com\/privacy-policy\/\" class=\"su-button su-button-style-ghost\" style=\"color:#000000;background-color:#000000;border-color:#000000;border-radius:5px\" target=\"_blank\" rel=\"noopener noreferrer\"><span style=\"color:#000000;padding:0px 16px;font-size:13px;line-height:26px;border-color:#4d4d4d;border-radius:5px;text-shadow:none\">  36 KUUKAUDEN RAJOITETTU TAKUU<\/span><\/a>\n<div class=\"su-column su-column-size-1-2 su-column-centered\"><div class=\"su-column-inner su-u-clearfix su-u-trim\">TAKUU: TAKUUTODISTUKSEN ALLEKIRJOITTAA KELLOSEPP\u00c4 JANI IKONEN<\/div><\/div>\n<\/div><\/div>\n<p>V\u00e4h\u00e4isi\u00e4 muutoksia visuaaliseen ilmeeseen voidaan tehd\u00e4 tuotantoprosessin aikana. Haluamme my\u00f6s kertoa, ett\u00e4 kelloon on sijoitettu pieni\u00e4 vihjeit\u00e4, joista osa on helppo tunnistaa, tulkita ja havaita. Osa vihjeist\u00e4 ja pulmista taas on vaikeampi ratkaista. Toivottavasti viihdytte niiden parissa yht\u00e4 paljon kuin me keksiess\u00e4mme niit\u00e4. Onnea ratkaisujen hakemisessa!<\/p>\n<p>Jokainen kello tulee Yesterwynde-albumin kanssa ja mukana on kangasranneke, jossa metallinen osa on alkuper\u00e4isest\u00e4 NW:n k\u00e4ytt\u00e4m\u00e4st\u00e4 mikrofonitelineest\u00e4. Osassa on my\u00f6s NW-kaiverrus.<\/p>\n<p>Jokainen kello kootaan Jani Ikosen toimesta joka on my\u00f6s suunnitellut kellon.<\/p>\n<p>Toivomme ett\u00e4 t\u00e4m\u00e4 kello tuo teille elinik\u00e4ist\u00e4 iloa, mihin tahansa menettek\u00e4\u00e4n. S\u00e4\u00e4nn\u00f6llisesti huollettua, t\u00e4m\u00e4 koneisto kest\u00e4\u00e4 sukupolvelta toiselle.<\/p>","protected":false},"excerpt":{"rendered":"<p>ESTIMATED DELIVERY DATE: END OF JULY 2025 Deliveries outside Finland VAT may be applicable. If questions, contact info@pookwatches.com Yesterwynde`s story is a story of time itself. Our watchmaker Jani Ikonen comes from a little town in the Eastern part of Finland called Kitee. From Kitee also comes Nightwish and sometimes strange things do happen. Tuomas [&#8230;]\n","protected":false},"featured_media":16732,"template":"","meta":[],"product_brand":[],"product_cat":[133],"product_tag":[],"class_list":{"0":"post-16445","1":"product","2":"type-product","3":"status-publish","4":"has-post-thumbnail","6":"product_cat-watches","7":"product_shipping_class-class-1","9":"first","10":"instock","11":"taxable","12":"shipping-taxable","13":"purchasable","14":"product-type-simple"},"jetpack_sharing_enabled":true,"_links":{"self":[{"href":"https:\/\/official.pookwatches.com\/fi\/wp-json\/wp\/v2\/product\/16445","targetHints":{"allow":["GET"]}}],"collection":[{"href":"https:\/\/official.pookwatches.com\/fi\/wp-json\/wp\/v2\/product"}],"about":[{"href":"https:\/\/official.pookwatches.com\/fi\/wp-json\/wp\/v2\/types\/product"}],"wp:featuredmedia":[{"embeddable":true,"href":"https:\/\/official.pookwatches.com\/fi\/wp-json\/wp\/v2\/media\/16732"}],"wp:attachment":[{"href":"https:\/\/official.pookwatches.com\/fi\/wp-json\/wp\/v2\/media?parent=16445"}],"wp:term":[{"taxonomy":"product_brand","embeddable":true,"href":"https:\/\/official.pookwatches.com\/fi\/wp-json\/wp\/v2\/product_brand?post=16445"},{"taxonomy":"product_cat","embeddable":true,"href":"https:\/\/official.pookwatches.com\/fi\/wp-json\/wp\/v2\/product_cat?post=16445"},{"taxonomy":"product_tag","embeddable":true,"href":"https:\/\/official.pookwatches.com\/fi\/wp-json\/wp\/v2\/product_tag?post=16445"}],"curies":[{"name":"wp","href":"https:\/\/api.w.org\/{rel}","templated":true}]}}