{"id":16262,"date":"2024-07-17T15:35:32","date_gmt":"2024-07-17T12:35:32","guid":{"rendered":"https:\/\/official.pookwatches.com\/?post_type=product&#038;p=16262"},"modified":"2025-06-13T11:45:36","modified_gmt":"2025-06-13T08:45:36","slug":"pook-torni-m-24","status":"publish","type":"product","link":"https:\/\/official.pookwatches.com\/fi\/tuote\/pook-torni-m-24\/","title":{"rendered":"Pook Torni M-24"},"content":{"rendered":"<p>POOK TORNI M-24 ON TAAS SAATAVILLA!<\/p>\n<p>T\u00e4m\u00e4 kello on p\u00e4ivitetty versio loppuunmyydyst\u00e4 Pook Torni M-23 kellostamme. Kello on ollut todella suosittu ammattisotilaiden ja varusmiesten keskuudessa. Kellon hinta on saatu pidetty\u00e4 edelleen huippuedullisena, kello maksaa edelleen vain 149 euroa.<\/p>\n<p>Pook Torni M-23 kellon idean tuli suomalaiselta ammattisotilaalta, jonka pohjalta Pookwatches kehitti kentt\u00e4kelpoisen k\u00e4ytt\u00f6kellon.<\/p>\n<p>Kellosta on saatavilla 2 vaihtoehtoa, mustalla ja keltaisella sekuntikeh\u00e4ll\u00e4.<\/p>\n<p>Kellolla on 3 vuoden takuu.<\/p>\n<p>T\u00e4m\u00e4 kello on suunniteltu Suomessa ja kootaan Joensuussa sijaitsevalla kellopajallamme.<\/p>\n<p>Voimme tehd\u00e4 t\u00e4st\u00e4 M-24 kellosta kustomoituja versioita, esim. kurssi\/joukko-osasto-kohtaisia modifikaatioita. Uudessa M-24 mallissa n\u00e4it\u00e4 mahdollisuuksia on otettu viel\u00e4 entist\u00e4 enemm\u00e4n huomioon. Ryhm\u00e4tilausten osalta kannattaa ottaa yhteytt\u00e4 meihin s\u00e4hk\u00f6postin kautta jotta varmistetaan, ett\u00e4 kelloja varataan ryhm\u00e4\u00e4 varten riitt\u00e4v\u00e4 m\u00e4\u00e4r\u00e4.<\/p>\n<p>&nbsp;<\/p>\n<div class=\"su-box su-box-style-default\" id=\"\" style=\"border-color:#000000;border-radius:2px;max-width:none\"><div class=\"su-box-title\" style=\"background-color:#333333;color:#FFFFFF;border-top-left-radius:0px;border-top-right-radius:0px\">Ominaisuudet<\/div><div class=\"su-box-content su-u-clearfix su-u-trim\" style=\"border-bottom-left-radius:0px;border-bottom-right-radius:0px\">\n<div class=\"su-column su-column-size-1-2 su-column-centered\"><div class=\"su-column-inner su-u-clearfix su-u-trim\">RUNKO: 316L RUOSTUMATON TER\u00c4S , MATTA PVD PINNOITE<\/div><\/div>\n<div class=\"su-column su-column-size-1-2 su-column-centered\"><div class=\"su-column-inner su-u-clearfix su-u-trim\">K\u00c4YNTITARKKUUS \u00b120 SEK. \/ KUUKAUSI<\/div><\/div>\n<div class=\"su-column su-column-size-1-2 su-column-centered\"><div class=\"su-column-inner su-u-clearfix su-u-trim\">TOIMINNOT:  TUNNIT, MINUUTIT, SEKUNNIT<\/div><\/div>\n<div class=\"su-column su-column-size-1-2 su-column-centered\"><div class=\"su-column-inner su-u-clearfix su-u-trim\">TAKAKANSI: RUUVILUKITTEINEN<\/div><\/div>\n<div class=\"su-column su-column-size-1-2 su-column-centered\"><div class=\"su-column-inner su-u-clearfix su-u-trim\">KOTELON KOKO: L41 mm x K46 mm - ILMAN NUPPIA <\/div><\/div>\n<div class=\"su-column su-column-size-1-2 su-column-centered\"><div class=\"su-column-inner su-u-clearfix su-u-trim\">BEZEL LEVEYS: L43 mm <\/div><\/div>\n<div class=\"su-column su-column-size-1-2 su-column-centered\"><div class=\"su-column-inner su-u-clearfix su-u-trim\">TER\u00c4S KRUUNU KAIVERRUKSELLA<\/div><\/div>\n<div class=\"su-column su-column-size-1-2 su-column-centered\"><div class=\"su-column-inner su-u-clearfix su-u-trim\">KOTELON PAKSUUS: 12mm<\/div><\/div>\n<div class=\"su-column su-column-size-1-2 su-column-centered\"><div class=\"su-column-inner su-u-clearfix su-u-trim\">RANNEKKEEN LEVEYS: 22mm<\/div><\/div>\n<div class=\"su-column su-column-size-1-2 su-column-centered\"><div class=\"su-column-inner su-u-clearfix su-u-trim\">KONEISTO: QUARTZ Citizen <strong>Mi\u00fdota<\/strong> 2115 <a href=\"https:\/\/miyotamovement.com\/product\/2115\/\" target=\"_blank\" rel=\"noopener\">LINKKI OHJEESEEN<\/a><\/div><\/div>\n<div class=\"su-column su-column-size-1-2 su-column-centered\"><div class=\"su-column-inner su-u-clearfix su-u-trim\">LASIKE: K1 KARKAISTU MINERAALI<\/div><\/div>\n<div class=\"su-column su-column-size-1-2 su-column-centered\"><div class=\"su-column-inner su-u-clearfix su-u-trim\">SARJANUMEROITU<\/div><\/div>\n<div class=\"su-column su-column-size-1-2 su-column-centered\"><div class=\"su-column-inner su-u-clearfix su-u-trim\">OSOITTIMET: SWISS LUME<\/div><\/div>\n<div class=\"su-column su-column-size-1-2 su-column-centered\"><div class=\"su-column-inner su-u-clearfix su-u-trim\">TAULU: MATTA, JAPANI LUME<\/div><\/div>\n<div class=\"su-column su-column-size-1-2 su-column-centered\"><div class=\"su-column-inner su-u-clearfix su-u-trim\">RANNEKE: NYLON RANNEKE, KELLOON SOPII KAIKKI SEIKON SKX SARJAN METALLI RANNEKKEET<\/div><\/div>\n<div class=\"su-column su-column-size-1-2 su-column-centered\"><div class=\"su-column-inner su-u-clearfix su-u-trim\">VEDENPIT\u00c4VYYS LUOKKA: 10ATM \/ 10BAR \/ ~100M \/ 328FT<\/div><\/div>\n<div class=\"su-column su-column-size-1-2 su-column-centered\"><div class=\"su-column-inner su-u-clearfix su-u-trim\">TAKUUKORTTI: S\u00c4HK\u00d6INEN TAKUUKORTTI<\/div><\/div>\n<\/div><\/div>","protected":false},"excerpt":{"rendered":"<p>POOK TORNI M-24 IS BACK IN STOCK AGAIN! This watch is the updated version of the sold out Pook Torni M-23 watch. The watch has been very popular with the professional soldier and military service personell. The price of the watch has been able to stay the same, very affordable. The watch costs only 149 [&#8230;]\n","protected":false},"featured_media":16660,"template":"","meta":[],"product_brand":[],"product_cat":[15,133],"product_tag":[],"class_list":{"0":"post-16262","1":"product","2":"type-product","3":"status-publish","4":"has-post-thumbnail","6":"product_cat-uncategorized","7":"product_cat-watches","8":"product_shipping_class-pakkaus-ja-l","10":"first","11":"instock","12":"taxable","13":"shipping-taxable","14":"purchasable","15":"product-type-variable"},"jetpack_sharing_enabled":true,"_links":{"self":[{"href":"https:\/\/official.pookwatches.com\/fi\/wp-json\/wp\/v2\/product\/16262","targetHints":{"allow":["GET"]}}],"collection":[{"href":"https:\/\/official.pookwatches.com\/fi\/wp-json\/wp\/v2\/product"}],"about":[{"href":"https:\/\/official.pookwatches.com\/fi\/wp-json\/wp\/v2\/types\/product"}],"wp:featuredmedia":[{"embeddable":true,"href":"https:\/\/official.pookwatches.com\/fi\/wp-json\/wp\/v2\/media\/16660"}],"wp:attachment":[{"href":"https:\/\/official.pookwatches.com\/fi\/wp-json\/wp\/v2\/media?parent=16262"}],"wp:term":[{"taxonomy":"product_brand","embeddable":true,"href":"https:\/\/official.pookwatches.com\/fi\/wp-json\/wp\/v2\/product_brand?post=16262"},{"taxonomy":"product_cat","embeddable":true,"href":"https:\/\/official.pookwatches.com\/fi\/wp-json\/wp\/v2\/product_cat?post=16262"},{"taxonomy":"product_tag","embeddable":true,"href":"https:\/\/official.pookwatches.com\/fi\/wp-json\/wp\/v2\/product_tag?post=16262"}],"curies":[{"name":"wp","href":"https:\/\/api.w.org\/{rel}","templated":true}]}}