{"id":15701,"date":"2023-10-25T11:07:09","date_gmt":"2023-10-25T08:07:09","guid":{"rendered":"https:\/\/official.pookwatches.com\/?post_type=product&#038;p=15701"},"modified":"2024-03-11T00:00:43","modified_gmt":"2024-03-10T22:00:43","slug":"ahjo","status":"publish","type":"product","link":"https:\/\/official.pookwatches.com\/fi\/tuote\/ahjo\/","title":{"rendered":"Ahjo"},"content":{"rendered":"<p>Pook Ahjon tarina on Jani Ikosen tarina.<\/p>\n<p>H\u00e4n on vuosikymmeni\u00e4 kokenut kellosepp\u00e4, jolla on Joensuussa oma liike nimelt\u00e4\u00e4n Kello-Ahjo. Kello- Ahjossa tehd\u00e4\u00e4n kaikki kellosep\u00e4n ty\u00f6t aina paristonvaihdosta yksitt\u00e4isten mekaanisten komponenttien valmistukseen saakka.<\/p>\n<p>Jani tuli Pookin osakkaaksi parisen vuotta sitten, kun Pookin kellojen kokoonpano p\u00e4\u00e4tettiin ottaa omiin k\u00e4siin, ja alkaa koota kellot itse. Janin vastuualueeksi luontevasti tuli vastata paitsi kellojen kokoamisesta, my\u00f6s Pookin kellojen huolloista. H\u00e4n on ollut Andreaksen kanssa my\u00f6s suunnittelemassa monia Pookin malleja ja osallistunut erityisesti teknisten ratkaisujen kehittelyyn. Esimerkiksi Suomi- konepistoolin lippaasta k\u00e4sin valmistettujen Ilmari40- kellojen kellotauluihin liittyen Jani on tehnyt arvokkaita oivalluksia.<\/p>\n<p>Tullessaan Pookille Jani ajatteli pystyv\u00e4ns\u00e4 toteuttamaan kellosep\u00e4n ammatissa kypsyneen haaveen oman kellon tekemisest\u00e4. Pook Ahjo on nyt valmis, monien vaiheiden ja kokeilujen j\u00e4lkeen. Siin\u00e4 on reunoiltaan keskustaa kohti vaaleneva punahehkuinen taulu. Taulun keskiosa hehkuu punaisena, kuten sep\u00e4n ahjon kuuluukin. Punamusta v\u00e4rimaailma muistuttaa my\u00f6s Janin ja Pookin juurista Pohjois- Karjalassa. Kellon runko on ruostumatonta ter\u00e4st\u00e4, jossa on musta pvd- pinta. Kellossa on japanilainen automaattikoneisto, jonka tiedet\u00e4\u00e4n toimivan vuosikymmeni\u00e4, kun se huolletaan s\u00e4\u00e4nn\u00f6llisesti.<\/p>\n<p>T\u00e4m\u00e4 malli sis\u00e4lt\u00e4\u00e4 toistaiseksi kaksi erilaista kotelon v\u00e4rivaihtoehtoa (musta &amp; ter\u00e4s). Kutakin v\u00e4riyhdistelm\u00e4\u00e4 valmistetaan vain 50 kappaletta.<\/p>\n<div class=\"su-box su-box-style-default\" id=\"\" style=\"border-color:#000000;border-radius:2px;max-width:none\"><div class=\"su-box-title\" style=\"background-color:#333333;color:#FFFFFF;border-top-left-radius:0px;border-top-right-radius:0px\">Ominaisuudet<\/div><div class=\"su-box-content su-u-clearfix su-u-trim\" style=\"border-bottom-left-radius:0px;border-bottom-right-radius:0px\">\n<div class=\"su-column su-column-size-1-2 su-column-centered\"><div class=\"su-column-inner su-u-clearfix su-u-trim\">RUNKO: 316L RUOSTUMATON TER\u00c4S<\/div><\/div>\n<div class=\"su-column su-column-size-1-2 su-column-centered\"><div class=\"su-column-inner su-u-clearfix su-u-trim\">VEDON TALTEENOTTOKYKY NOIN 41 TUNTIA<\/div><\/div>\n<div class=\"su-column su-column-size-1-2 su-column-centered\"><div class=\"su-column-inner su-u-clearfix su-u-trim\">TOIMINNOT:  TUNNIT, MINUUTIT, SEKUNNIT<\/div><\/div>\n<div class=\"su-column su-column-size-1-2 su-column-centered\"><div class=\"su-column-inner su-u-clearfix su-u-trim\">TAKAKANSI: RUUVILUKITTEINEN<\/div><\/div>\n<div class=\"su-column su-column-size-1-2 su-column-centered\"><div class=\"su-column-inner su-u-clearfix su-u-trim\">KOKO: 38,5mm ILMAN KRUUNUA<\/div><\/div>\n<div class=\"su-column su-column-size-1-2 su-column-centered\"><div class=\"su-column-inner su-u-clearfix su-u-trim\">RUUVILUKITTEINEN TER\u00c4S KRUUNU KAIVERRUKSELLA<\/div><\/div>\n<div class=\"su-column su-column-size-1-2 su-column-centered\"><div class=\"su-column-inner su-u-clearfix su-u-trim\">KOTELON PAKSUUS: 13mm<\/div><\/div>\n<div class=\"su-column su-column-size-1-2 su-column-centered\"><div class=\"su-column-inner su-u-clearfix su-u-trim\">RANNEKKEEN JOUSITAPPI: 20mm<\/div><\/div>\n<div class=\"su-column su-column-size-1-2 su-column-centered\"><div class=\"su-column-inner su-u-clearfix su-u-trim\">KONEISTO: AUTOMAATTINEN Citizen by <strong>Mi\u00fdota<\/strong> 8215 <a href=\"https:\/\/miyotamovement.com\/uploads\/product\/product_mRAnUkS0wHFurpOK3T.pdf\" class=\"su-button su-button-style-ghost\" style=\"color:#000000;background-color:#000000;border-color:#000000;border-radius:5px\" target=\"_blank\" rel=\"noopener noreferrer\"><span style=\"color:#000000;padding:0px 16px;font-size:13px;line-height:26px;border-color:#4d4d4d;border-radius:5px;text-shadow:none\"> LINKKI OHJEESEEN<\/span><\/a><\/div><\/div>\n<div class=\"su-column su-column-size-1-2 su-column-centered\"><div class=\"su-column-inner su-u-clearfix su-u-trim\">LASIKE: SAFIIRILASI<\/div><\/div>\n<div class=\"su-column su-column-size-1-2 su-column-centered\"><div class=\"su-column-inner su-u-clearfix su-u-trim\">SARJANUMEROITU <\/div><\/div>\n<div class=\"su-column su-column-size-1-2 su-column-centered\"><div class=\"su-column-inner su-u-clearfix su-u-trim\">HANDS: SWISS LUMINOVA<\/div><\/div>\n<div class=\"su-column su-column-size-1-2 su-column-centered\"><div class=\"su-column-inner su-u-clearfix su-u-trim\">TAULU: KUVIOITU SWISS LUMINOVA INDEKSEILL\u00c4<\/div><\/div>\n<div class=\"su-column su-column-size-1-2 su-column-centered\"><div class=\"su-column-inner su-u-clearfix su-u-trim\">RANNEKE: NAHKA <\/div><\/div>\n<div class=\"su-column su-column-size-1-2 su-column-centered\"><div class=\"su-column-inner su-u-clearfix su-u-trim\">VEDENPIT\u00c4VYYS LUOKKA: 10ATM \/ 10BAR \/ ~100M \/ 328FT<\/div><\/div>\n<a href=\"https:\/\/official.pookwatches.com\/privacy-policy\/\" class=\"su-button su-button-style-ghost\" style=\"color:#000000;background-color:#000000;border-color:#000000;border-radius:5px\" target=\"_blank\" rel=\"noopener noreferrer\"><span style=\"color:#000000;padding:0px 16px;font-size:13px;line-height:26px;border-color:#4d4d4d;border-radius:5px;text-shadow:none\">  36 KUUKAUDEN RAJOITETTU TAKUU<\/span><\/a>\n<a href=\"https:\/\/eadn-wc01-4585745.nxedge.io\/wp-content\/uploads\/2023\/09\/Automaatti_ohje.pdf\" class=\"su-button su-button-style-ghost\" style=\"color:#000000;background-color:#000000;border-color:#000000;border-radius:5px\" target=\"_blank\" rel=\"noopener noreferrer\"><span style=\"color:#000000;padding:0px 16px;font-size:13px;line-height:26px;border-color:#4d4d4d;border-radius:5px;text-shadow:none\"> OHJE (.PDF)<\/span><\/a>\n<div class=\"su-column su-column-size-1-2 su-column-centered\"><div class=\"su-column-inner su-u-clearfix su-u-trim\">TAKUUKORTTI: S\u00c4HK\u00d6INEN TAKUUKORTTI<\/div><\/div>\n<\/div><\/div>","protected":false},"excerpt":{"rendered":"<p>Pook Ahjo&#8217;s story is Jani Ikonen&#8217;s story. He is a watchmaker with decades of experience, who has his own business in Joensuu called Kello-Ahjo. In Kello-Ahjo, all watchmaking work is done, from battery replacement to the manufacture of individual mechanical components. Jani became Pook&#8217;s partner a couple of years ago, when it was decided to [&#8230;]\n","protected":false},"featured_media":15705,"template":"","meta":[],"product_brand":[],"product_cat":[133],"product_tag":[],"class_list":{"0":"post-15701","1":"product","2":"type-product","3":"status-publish","4":"has-post-thumbnail","6":"product_cat-watches","7":"product_shipping_class-packet-sizes","9":"first","10":"instock","11":"featured","12":"taxable","13":"shipping-taxable","14":"purchasable","15":"product-type-simple"},"jetpack_sharing_enabled":true,"_links":{"self":[{"href":"https:\/\/official.pookwatches.com\/fi\/wp-json\/wp\/v2\/product\/15701","targetHints":{"allow":["GET"]}}],"collection":[{"href":"https:\/\/official.pookwatches.com\/fi\/wp-json\/wp\/v2\/product"}],"about":[{"href":"https:\/\/official.pookwatches.com\/fi\/wp-json\/wp\/v2\/types\/product"}],"wp:featuredmedia":[{"embeddable":true,"href":"https:\/\/official.pookwatches.com\/fi\/wp-json\/wp\/v2\/media\/15705"}],"wp:attachment":[{"href":"https:\/\/official.pookwatches.com\/fi\/wp-json\/wp\/v2\/media?parent=15701"}],"wp:term":[{"taxonomy":"product_brand","embeddable":true,"href":"https:\/\/official.pookwatches.com\/fi\/wp-json\/wp\/v2\/product_brand?post=15701"},{"taxonomy":"product_cat","embeddable":true,"href":"https:\/\/official.pookwatches.com\/fi\/wp-json\/wp\/v2\/product_cat?post=15701"},{"taxonomy":"product_tag","embeddable":true,"href":"https:\/\/official.pookwatches.com\/fi\/wp-json\/wp\/v2\/product_tag?post=15701"}],"curies":[{"name":"wp","href":"https:\/\/api.w.org\/{rel}","templated":true}]}}