{"id":15507,"date":"2023-06-12T11:37:10","date_gmt":"2023-06-12T08:37:10","guid":{"rendered":"https:\/\/official.pookwatches.com\/?post_type=product&#038;p=15507"},"modified":"2025-02-13T03:13:31","modified_gmt":"2025-02-13T01:13:31","slug":"osasto_torni","status":"publish","type":"product","link":"https:\/\/official.pookwatches.com\/fi\/tuote\/osasto_torni\/","title":{"rendered":"Osasto T\u00f6rni"},"content":{"rendered":"<p>Lauri T\u00f6rni on varmuudella yksi merkitt\u00e4vimpi\u00e4 suomalaisia sotahistorian merkkihenkil\u00f6it\u00e4. Osasto Lauri T\u00f6rni Perinnekilta Ry vaalii paitsi Laurin, my\u00f6s muiden Osasto T\u00f6rniin kuuluneiden ja suomalaisten sotaveteraanien muistoa.<\/p>\n<p>Heid\u00e4n aikaansaannoksensa, ja osoittamansa sisu on sek\u00e4 killan, ett\u00e4 meid\u00e4n mielest\u00e4mme vaalimisen arvoinen asia, paitsi meid\u00e4n sukupolvellemme, my\u00f6s kaikille tuleville sukupolville. N\u00e4iden ihmisten uhrausten vuoksi olemme t\u00e4n\u00e4\u00e4n itsen\u00e4isi\u00e4 ja saamme el\u00e4\u00e4 vapaana. T\u00e4ss\u00e4 tarkoituksessa teemme uuden kellosarjan, josta julkaisemme nyt ensimm\u00e4isen kellon.<\/p>\n<p data-wp-editing=\"1\"><img data-recalc-dims=\"1\" loading=\"lazy\" decoding=\"async\" class=\"wp-image-15514 alignright\" src=\"https:\/\/i0.wp.com\/official.pookwatches.com\/wp-content\/uploads\/2023\/06\/21946414-B293-4F4C-B4C5-2C859396A662-e1686567303769-280x280.jpeg?resize=354%2C354&#038;ssl=1\" alt=\"\" width=\"354\" height=\"354\" srcset=\"https:\/\/i0.wp.com\/official.pookwatches.com\/wp-content\/uploads\/2023\/06\/21946414-B293-4F4C-B4C5-2C859396A662-e1686567303769.jpeg?resize=280%2C280&amp;ssl=1 280w, https:\/\/i0.wp.com\/official.pookwatches.com\/wp-content\/uploads\/2023\/06\/21946414-B293-4F4C-B4C5-2C859396A662-e1686567303769.jpeg?resize=100%2C100&amp;ssl=1 100w, https:\/\/i0.wp.com\/official.pookwatches.com\/wp-content\/uploads\/2023\/06\/21946414-B293-4F4C-B4C5-2C859396A662-e1686567303769.jpeg?resize=50%2C50&amp;ssl=1 50w, https:\/\/i0.wp.com\/official.pookwatches.com\/wp-content\/uploads\/2023\/06\/21946414-B293-4F4C-B4C5-2C859396A662-e1686567303769.jpeg?zoom=2&amp;resize=354%2C354&amp;ssl=1 708w\" sizes=\"auto, (max-width: 354px) 100vw, 354px\" \/><\/p>\n<p>Pook Osasto T\u00f6rni keskittyy Lauri T\u00f6rnin sotapolkuun Suomen jatkosodassa vuodesta 1941 eteenp\u00e4in. T\u00f6rni johti jatkosodassa alun perin jalkav\u00e4kijoukkuetta, mutta sittemmin panssarijoukkuetta, joka eteni aina Karhum\u00e4keen saakka. Vaunukalustona oli Vickers-vaunuja, jonka lis\u00e4ksi k\u00e4ytt\u00f6\u00f6n hankittiin vaunuja vastapuolelta sotasaaliina.<\/p>\n<p>T\u00f6rni palveli niin sanotussa Kevyt Osasto 8:ssa ja tuli tunnetuksi pelottomana taistelijana, joka ajoittain toteutti osin luvattakin operaatioita, mm. partiomatkoja vihollisen selustaan. Virallisesti perustettiin T\u00f6rnin j\u00e4\u00e4k\u00e4rikomppania, joka on tunnettu sittemmin \u201dOsasto T\u00f6rnin\u00e4, 3.12.1943. Se teki mm. kaukopartiointia ja v\u00e4kivaltaista tiedustelua, vangin sieppauksia jne. My\u00f6hemmin muodostettiin vapaaehtoisista sotilaista hy\u00f6kk\u00e4ystoimiin tarkoitettu noin 150 vapaaehtoisen joukko, jota Lauri T\u00f6rni p\u00e4\u00e4llikk\u00f6n\u00e4 johti. Joukkoon ei hyv\u00e4ksytty muita kuin ehdottomasti poikkeuksellista henkist\u00e4 kanttia, ruumiillista kuntoa ja sotilastaitoja omaavia sotilaita. N\u00e4it\u00e4 ominaisuuksia testattiin koulutuksessa rajustikin, ennen kuin ryhm\u00e4 p\u00e4\u00e4stettiin tositoimiin.<\/p>\n<p>T\u00f6rni ei korostanut itse\u00e4\u00e4n, vaan johti legendaarisen maineen saavuttanutta ryhm\u00e4\u00e4ns\u00e4 omalla esimerkill\u00e4\u00e4n ja olemuksensa. Kun rintama katkesi monin paikoin kes\u00e4ll\u00e4 1944, n\u00e4m\u00e4 sotilaat heitettiin juuri paikkoihin, joissa piti tehd\u00e4 nopea vastahy\u00f6kk\u00e4ys etenev\u00e4\u00e4 vihollista vastaan ilman toivoa muiden joukkojen tuesta. Viimeiseen t\u00e4llaiseen hy\u00f6kk\u00e4ykseen ryhtyi loput 55 miest\u00e4.<\/p>\n<p>Kes\u00e4ll\u00e4 1944 Kapteeni T\u00f6rni nimitettiin Mannerheim-ristin 2. luokan ritariksi, Vapaudenristin numero 144.<\/p>\n<p>Syksyll\u00e4 1944 kapteeni T\u00f6rni sek\u00e4 h\u00e4nen asetoverinsa piilottivat piilottivat useita k\u00e4siaseita It\u00e4-Suomeen Enon kyl\u00e4\u00e4n, silt\u00e4 varalta, ett\u00e4 sota alkaisi uudelleen.<\/p>\n<p>Jatkosodan j\u00e4lkeen T\u00f6rnin sota Suomessa p\u00e4\u00e4ttyi, vaikka h\u00e4n toivoi p\u00e4\u00e4sev\u00e4ns\u00e4 mukaan Lapin sotaan. Lapin sota kuitenkin p\u00e4\u00e4tti sodan Suomessa, mutta Lauri T\u00f6rnin oma sotaponnistelu ei p\u00e4\u00e4ttynyt siihen.<\/p>\n<p>Pook Osasto T\u00f6rni watch will be made in a limited, serially numbered batch.<\/p>\n<p>WE BUILD THIS WATCH IN FINLAND.<\/p>\n<p>&nbsp;<\/p>\n<div class=\"su-box su-box-style-default\" id=\"\" style=\"border-color:#000000;border-radius:2px;max-width:none\"><div class=\"su-box-title\" style=\"background-color:#333333;color:#FFFFFF;border-top-left-radius:0px;border-top-right-radius:0px\">Ominaisuudet<\/div><div class=\"su-box-content su-u-clearfix su-u-trim\" style=\"border-bottom-left-radius:0px;border-bottom-right-radius:0px\">\n<div class=\"su-column su-column-size-1-2 su-column-centered\"><div class=\"su-column-inner su-u-clearfix su-u-trim\">CASE:316L STAINLESS STEEL BRUSHED<\/div><\/div>\n<div class=\"su-column su-column-size-1-2 su-column-centered\"><div class=\"su-column-inner su-u-clearfix su-u-trim\">VEDON TALTEENOTTOKYKY NOIN 42 TUNTIA<\/div><\/div>\n<div class=\"su-column su-column-size-1-2 su-column-centered\"><div class=\"su-column-inner su-u-clearfix su-u-trim\">TOIMINNOT: TUNNIT, MINUUTIT, SEKUNNIT JA 24 TUNTIA<\/div><\/div>\n<div class=\"su-column su-column-size-1-2 su-column-centered\"><div class=\"su-column-inner su-u-clearfix su-u-trim\">TAKAKANSI: RUUVILUKITTAVA, L\u00c4PIN\u00c4KYV\u00c4 KANSI<\/div><\/div>\n<div class=\"su-column su-column-size-1-2 su-column-centered\"><div class=\"su-column-inner su-u-clearfix su-u-trim\">KRUUNU: TER\u00c4S. RUUVILUKITTU<\/div><\/div>\n<div class=\"su-column su-column-size-1-2 su-column-centered\"><div class=\"su-column-inner su-u-clearfix su-u-trim\">KOKO: L42mm  x K48mm \u2013 ILMAN KRUUNUA<\/div><\/div>\n<div class=\"su-column su-column-size-1-2 su-column-centered\"><div class=\"su-column-inner su-u-clearfix su-u-trim\">KOTELON PAKSUUS: 13mm<\/div><\/div>\n<div class=\"su-column su-column-size-1-2 su-column-centered\"><div class=\"su-column-inner su-u-clearfix su-u-trim\">RANNEKKEEN LEVEYS: 22mm<\/div><\/div>\n<div class=\"su-column su-column-size-1-2 su-column-centered\"><div class=\"su-column-inner su-u-clearfix su-u-trim\">LASIKE: SAFIIRILASI<\/div><\/div>\n<div class=\"su-column su-column-size-1-2 su-column-centered\"><div class=\"su-column-inner su-u-clearfix su-u-trim\">SARJANUMEROITU 1 - 100 kpl.<\/div><\/div>\n<div class=\"su-column su-column-size-1-2 su-column-centered\"><div class=\"su-column-inner su-u-clearfix su-u-trim\"><a href=\"https:\/\/miyotamovement.com\/product\/9039\/\" class=\"su-button su-button-style-ghost\" style=\"color:#000000;background-color:#000000;border-color:#000000;border-radius:5px\" target=\"_blank\" rel=\"noopener noreferrer\"><span style=\"color:#000000;padding:0px 16px;font-size:13px;line-height:26px;border-color:#4d4d4d;border-radius:5px;text-shadow:none\">  MIYOTA 9039 PREMIUM AUTOMAATTI KONEISTO<\/span><\/a><\/div><\/div>\n<div class=\"su-column su-column-size-1-2 su-column-centered\"><div class=\"su-column-inner su-u-clearfix su-u-trim\">OSOITTIMET: SWISS LUME<\/div><\/div>\n<div class=\"su-column su-column-size-1-2 su-column-centered\"><div class=\"su-column-inner su-u-clearfix su-u-trim\">TAULU: MATTA, SWISS LUME<\/div><\/div>\n<div class=\"su-column su-column-size-1-2 su-column-centered\"><div class=\"su-column-inner su-u-clearfix su-u-trim\">RANNEKE: NYLON<\/div><\/div>\n<div class=\"su-column su-column-size-1-2 su-column-centered\"><div class=\"su-column-inner su-u-clearfix su-u-trim\">VEDENPIT\u00c4VYYS LUOKKA: 10ATM \/ 10BAR \/ ~100M \/ 328FT<\/div><\/div>\n<a href=\"https:\/\/official.pookwatches.com\/privacy-policy\/\" class=\"su-button su-button-style-ghost\" style=\"color:#000000;background-color:#000000;border-color:#000000;border-radius:5px\" target=\"_blank\" rel=\"noopener noreferrer\"><span style=\"color:#000000;padding:0px 16px;font-size:13px;line-height:26px;border-color:#4d4d4d;border-radius:5px;text-shadow:none\">  36 KUUKAUDEN RAJOITETTU TAKUU<\/span><\/a>\n<div class=\"su-column su-column-size-1-2 su-column-centered\"><div class=\"su-column-inner su-u-clearfix su-u-trim\">TAKUUKORTTI: S\u00c4HK\u00d6INEN TAKUUKORTTI<\/div><\/div>\n<\/div><\/div>","protected":false},"excerpt":{"rendered":"<p>Lauri T\u00f6rni is certainly one of the most significant persons in Finnish military history.Lauri T\u00f6rni Perinnekilta Ry cherishes the memory not only of Lauri, but also of other Finnish war veterans who were part of brigade T\u00f6rni. What they have achieved, and the spirit they have shown, is something worth cherishing both in the guild&#8217;s [&#8230;]\n","protected":false},"featured_media":15943,"template":"","meta":[],"product_brand":[],"product_cat":[133],"product_tag":[],"class_list":{"0":"post-15507","1":"product","2":"type-product","3":"status-publish","4":"has-post-thumbnail","6":"product_cat-watches","7":"product_shipping_class-pakkaus-ja-l","9":"first","10":"instock","11":"featured","12":"taxable","13":"shipping-taxable","14":"purchasable","15":"product-type-variable"},"jetpack_sharing_enabled":true,"_links":{"self":[{"href":"https:\/\/official.pookwatches.com\/fi\/wp-json\/wp\/v2\/product\/15507","targetHints":{"allow":["GET"]}}],"collection":[{"href":"https:\/\/official.pookwatches.com\/fi\/wp-json\/wp\/v2\/product"}],"about":[{"href":"https:\/\/official.pookwatches.com\/fi\/wp-json\/wp\/v2\/types\/product"}],"wp:featuredmedia":[{"embeddable":true,"href":"https:\/\/official.pookwatches.com\/fi\/wp-json\/wp\/v2\/media\/15943"}],"wp:attachment":[{"href":"https:\/\/official.pookwatches.com\/fi\/wp-json\/wp\/v2\/media?parent=15507"}],"wp:term":[{"taxonomy":"product_brand","embeddable":true,"href":"https:\/\/official.pookwatches.com\/fi\/wp-json\/wp\/v2\/product_brand?post=15507"},{"taxonomy":"product_cat","embeddable":true,"href":"https:\/\/official.pookwatches.com\/fi\/wp-json\/wp\/v2\/product_cat?post=15507"},{"taxonomy":"product_tag","embeddable":true,"href":"https:\/\/official.pookwatches.com\/fi\/wp-json\/wp\/v2\/product_tag?post=15507"}],"curies":[{"name":"wp","href":"https:\/\/api.w.org\/{rel}","templated":true}]}}