{"id":15381,"date":"2023-03-15T15:05:55","date_gmt":"2023-03-15T13:05:55","guid":{"rendered":"https:\/\/official.pookwatches.com\/?post_type=product&#038;p=15381"},"modified":"2023-11-21T13:12:06","modified_gmt":"2023-11-21T11:12:06","slug":"pookwatches-service","status":"publish","type":"product","link":"https:\/\/official.pookwatches.com\/fi\/tuote\/pookwatches-service\/","title":{"rendered":"Pookwatches huolto"},"content":{"rendered":"<p>Koska kello on tehty kuluvista osista sen huoltoaika m\u00e4\u00e4r\u00e4ytyy k\u00e4yt\u00f6st\u00e4,  p\u00e4ivitt\u00e4isess\u00e4 k\u00e4yt\u00f6ss\u00e4 kello tulisi huoltaa noin 4-5 vuoden v\u00e4lein.<\/p>\n<p>Automaattikellon perushuoltoon kuuluu:<span class=\"HwtZe\" lang=\"en\"><span class=\"jCAhz ChMk0b\"><span class=\"ryNqvb\"><img data-recalc-dims=\"1\" loading=\"lazy\" decoding=\"async\" class=\"wp-image-15382 alignright\" src=\"https:\/\/i0.wp.com\/official.pookwatches.com\/wp-content\/uploads\/2023\/03\/1-35.jpg?resize=326%2C326&#038;ssl=1\" alt=\"\" width=\"326\" height=\"326\" srcset=\"https:\/\/i0.wp.com\/official.pookwatches.com\/wp-content\/uploads\/2023\/03\/1-35.jpg?resize=280%2C280&amp;ssl=1 280w, https:\/\/i0.wp.com\/official.pookwatches.com\/wp-content\/uploads\/2023\/03\/1-35.jpg?resize=100%2C100&amp;ssl=1 100w, https:\/\/i0.wp.com\/official.pookwatches.com\/wp-content\/uploads\/2023\/03\/1-35.jpg?resize=50%2C50&amp;ssl=1 50w, https:\/\/i0.wp.com\/official.pookwatches.com\/wp-content\/uploads\/2023\/03\/1-35.jpg?zoom=2&amp;resize=326%2C326&amp;ssl=1 652w, https:\/\/i0.wp.com\/official.pookwatches.com\/wp-content\/uploads\/2023\/03\/1-35.jpg?zoom=3&amp;resize=326%2C326&amp;ssl=1 978w\" sizes=\"auto, (max-width: 326px) 100vw, 326px\" \/><\/span><\/span><\/span><\/p>\n<ol>\n<li><span class=\"HwtZe\" lang=\"en\"><span class=\"jCAhz ChMk0b\"><span class=\"ryNqvb\">Taulun ja osoittimien irrotus koneistosta, tarkistus ja puhdistus<\/span><\/span><\/span><\/li>\n<li><span class=\"HwtZe\" lang=\"en\"><span class=\"jCAhz ChMk0b\"><span class=\"ryNqvb\"> Koneiston purku,<\/span><\/span> <span class=\"jCAhz ChMk0b\"><span class=\"ryNqvb\">osien esipesu ja tarkistus <\/span><\/span><\/span><\/li>\n<li><span class=\"HwtZe\" lang=\"en\"><span class=\"jCAhz ChMk0b\"><span class=\"ryNqvb\">Kaikkien osien esipesu sek\u00e4 tarkistus<\/span><\/span><\/span><\/li>\n<li><span class=\"HwtZe\" lang=\"en\"><span class=\"jCAhz ChMk0b\"><span class=\"ryNqvb\"> Vaunujen ja kiskojen hampaiden tarkastus sek\u00e4 akselien tarkastus ja puhdistus<\/span><\/span> <\/span><\/li>\n<li><span class=\"HwtZe\" lang=\"en\"><span class=\"jCAhz ChMk0b\"><span class=\"ryNqvb\">Laakerikivien tarkistus,<\/span><\/span><\/span><span class=\"HwtZe\" lang=\"en\"><span class=\"jCAhz ChMk0b\"><span class=\"ryNqvb\">rattaiden ja v\u00e4litilojen tarkistus, puhdistus ja s\u00e4\u00e4t\u00f6,<\/span><\/span> <\/span><span class=\"HwtZe\" lang=\"en\"><span class=\"jCAhz ChMk0b\"><span class=\"ryNqvb\">ankkurin ja liipottimen tarkistus\u00a0<\/span><\/span><\/span><\/li>\n<li><span class=\"HwtZe\" lang=\"en\"><span class=\"jCAhz ChMk0b\"><span class=\"ryNqvb\">Jousen<\/span><\/span> <span class=\"jCAhz ChMk0b\"><span class=\"ryNqvb\">tarkistus<\/span><\/span><\/span><\/li>\n<li><span class=\"HwtZe\" lang=\"en\"><span class=\"jCAhz ChMk0b\"><span class=\"ryNqvb\">Koneiston kokoaminen sek\u00e4 \u00f6ljy\u00e4minen<\/span><\/span> <\/span><\/li>\n<li><span class=\"HwtZe\" lang=\"en\"><span class=\"jCAhz ChMk0b\"><span class=\"ryNqvb\">K\u00e4ynnin keski\u00f6inti ja tarkistus teknisesti sek\u00e4 k\u00e4ynnin s\u00e4\u00e4t\u00f6<\/span><\/span> <\/span><\/li>\n<li><span class=\"HwtZe\" lang=\"en\"><span class=\"jCAhz ChMk0b\"><span class=\"ryNqvb\">Taulun ja osoittimien asettaminen paikoilleen<\/span><\/span> <\/span><\/li>\n<li><span class=\"HwtZe\" lang=\"en\"><span class=\"jCAhz ChMk0b\"><span class=\"ryNqvb\">Tiivisteiden k\u00e4sittely tai vaihto, kellon kasaaminen <\/span><\/span><\/span><\/li>\n<li><span class=\"HwtZe\" lang=\"en\"><span class=\"jCAhz ChMk0b\"><span class=\"ryNqvb\">Tiiviystesti sek\u00e4 koek\u00e4ytt\u00f6, k\u00e4yntivaran tarkistus<\/span><\/span><\/span><\/li>\n<\/ol>\n<p>Toimi n\u00e4in. Pakkaa kellosi eritt\u00e4in huolella, kuljetusvauriot ovat aina mahdollisia.<br \/>\nSaat pian tilauksesi j\u00e4lkeen meilt\u00e4 s\u00e4hk\u00f6postitse tulosteen jonka liimaat l\u00e4hetyksesi p\u00e4\u00e4lle postin kuljetettavaksi.<br \/>\nKellohuolto k\u00e4sitell\u00e4\u00e4n ty\u00f6jonossa ja huollon edistymist\u00e4 voi tiedustella suoraan meilt\u00e4.<br \/>\nKun kellosi on valmis se l\u00e4hetet\u00e4\u00e4n sinulle takaisin postitse.<\/p>","protected":false},"excerpt":{"rendered":"<p>Pookwatches Maintenance of automatic watches in Joensuu Pookwatches workshop, i.e. &#8220;where they all come from&#8221;. Since the watches are made of wearing parts, its maintenance time is determined by use, in daily use the watch should be serviced approximately every 4-5 years. Basic maintenance of an automatic watch includes: Removing the dial and hands from [&#8230;]\n","protected":false},"featured_media":15383,"template":"","meta":[],"product_brand":[],"product_cat":[140],"product_tag":[],"class_list":{"0":"post-15381","1":"product","2":"type-product","3":"status-publish","4":"has-post-thumbnail","6":"product_cat-accessories","7":"product_shipping_class-pakkaus-ja-l","9":"first","10":"instock","11":"taxable","12":"shipping-taxable","13":"purchasable","14":"product-type-simple"},"jetpack_sharing_enabled":true,"_links":{"self":[{"href":"https:\/\/official.pookwatches.com\/fi\/wp-json\/wp\/v2\/product\/15381","targetHints":{"allow":["GET"]}}],"collection":[{"href":"https:\/\/official.pookwatches.com\/fi\/wp-json\/wp\/v2\/product"}],"about":[{"href":"https:\/\/official.pookwatches.com\/fi\/wp-json\/wp\/v2\/types\/product"}],"wp:featuredmedia":[{"embeddable":true,"href":"https:\/\/official.pookwatches.com\/fi\/wp-json\/wp\/v2\/media\/15383"}],"wp:attachment":[{"href":"https:\/\/official.pookwatches.com\/fi\/wp-json\/wp\/v2\/media?parent=15381"}],"wp:term":[{"taxonomy":"product_brand","embeddable":true,"href":"https:\/\/official.pookwatches.com\/fi\/wp-json\/wp\/v2\/product_brand?post=15381"},{"taxonomy":"product_cat","embeddable":true,"href":"https:\/\/official.pookwatches.com\/fi\/wp-json\/wp\/v2\/product_cat?post=15381"},{"taxonomy":"product_tag","embeddable":true,"href":"https:\/\/official.pookwatches.com\/fi\/wp-json\/wp\/v2\/product_tag?post=15381"}],"curies":[{"name":"wp","href":"https:\/\/api.w.org\/{rel}","templated":true}]}}