{"id":15285,"date":"2023-02-13T12:35:30","date_gmt":"2023-02-13T10:35:30","guid":{"rendered":"https:\/\/official.pookwatches.com\/?post_type=product&#038;p=15285"},"modified":"2024-07-17T17:38:25","modified_gmt":"2024-07-17T14:38:25","slug":"pook-ankkuri","status":"publish","type":"product","link":"https:\/\/official.pookwatches.com\/fi\/tuote\/pook-ankkuri\/","title":{"rendered":"Ankkuri"},"content":{"rendered":"<p><img data-recalc-dims=\"1\" loading=\"lazy\" decoding=\"async\" class=\"wp-image-15290 alignright\" src=\"https:\/\/i0.wp.com\/official.pookwatches.com\/wp-content\/uploads\/2023\/02\/20230207_131148.jpg?resize=369%2C369&#038;ssl=1\" alt=\"\" width=\"369\" height=\"369\" srcset=\"https:\/\/i0.wp.com\/official.pookwatches.com\/wp-content\/uploads\/2023\/02\/20230207_131148.jpg?resize=280%2C280&amp;ssl=1 280w, https:\/\/i0.wp.com\/official.pookwatches.com\/wp-content\/uploads\/2023\/02\/20230207_131148.jpg?resize=100%2C100&amp;ssl=1 100w, https:\/\/i0.wp.com\/official.pookwatches.com\/wp-content\/uploads\/2023\/02\/20230207_131148.jpg?resize=50%2C50&amp;ssl=1 50w, https:\/\/i0.wp.com\/official.pookwatches.com\/wp-content\/uploads\/2023\/02\/20230207_131148.jpg?zoom=2&amp;resize=369%2C369&amp;ssl=1 738w, https:\/\/i0.wp.com\/official.pookwatches.com\/wp-content\/uploads\/2023\/02\/20230207_131148.jpg?zoom=3&amp;resize=369%2C369&amp;ssl=1 1107w\" sizes=\"auto, (max-width: 369px) 100vw, 369px\" \/> Pook Ankkuri on Andreas Prepulan suunnittelema laadukas automaattikello, jossa on runsaasti 70-luvun henke\u00e4. Se on my\u00f6s uskollinen aikaisemmalle Pook Sukeltaja- mallille, joka on hieman enemm\u00e4n modernimpi tyylilt\u00e4\u00e4n. Kellotaulussa on t\u00e4ysi lume ominaisuus, lis\u00e4ksi on pieni merkki, jonka alun perin suunnitteli Andreaan is\u00e4 Seppo Prepula noin viisi vuosikymment\u00e4 sitten. T\u00e4m\u00e4 malli on nimelt\u00e4\u00e4n \u201dAnkkuri\u201d ja aivan erityisest\u00e4 syyst\u00e4. Andreas osallistui is\u00e4ns\u00e4 kanssa useille sukellusmatkoille 70-luvulla Suomen Saaristossa. H\u00e4n muistaa erityisesti yhden matkan, jolloin h\u00e4nen is\u00e4ns\u00e4 ja muut sukeltajat l\u00f6ysiv\u00e4t haaksirikon ja onnistuivat nostamaan merenpohjasta vanhan kauppalaivan ankkurin. Seppo ja h\u00e4nen sukeltajatoverinsa antoivat t\u00e4m\u00e4n ankkurin paikalliselle merimuseolle vuonna 1978. Andreas oli tuolloin 7-vuotias poika. T\u00e4m\u00e4 ankkuri on esill\u00e4 t\u00e4n\u00e4\u00e4n Uudenkaupungin merimuseon n\u00e4yttelyss\u00e4. Se kertoo tarinan vaaroista, joita kauppalaivat joutuivat kohtaamaan joka p\u00e4iv\u00e4, ja Andreasille onnellisen lapsuuden p\u00e4iv\u00e4n muistoksi is\u00e4ns\u00e4 kanssa.<br \/>\n<strong>Huomio kaikille sukelluksen harrastajille<\/strong>, kellon takakannessa on muistilista suoranousu taulukosta.<\/p>\n<p>T\u00e4t\u00e4 nimenomaista ankkuria sek\u00e4 muita Suomen historian kulttuuriperint\u00f6j\u00e4 voi ihailla Uudenkaupungin upeassa Wahlbergin museotalossa, lis\u00e4tietoa nettisivuilta: <a href=\"https:\/\/uusikaupunki.fi\/kulttuuri-ja-vapaa-aika\/museo\/museokheitet\/wahlbergin-museotalo\" target=\"_blank\" rel=\"noopener\">https:\/\/uusikaupunki.fi\/kulttuuri-ja-vapaa-aika\/museo\/museokheitet\/wahlbergin-museotalo<\/a><\/p>\n<p>Kellossa on korkealaatuinen ter\u00e4srunko ja ranneke on punotttua joustavaa nylonia. Koineistona kellossa toimii eritt\u00e4in laadukas Miyota 9039 automaattikoneisto.<br \/>\nSarjanumeroitu kello on k\u00e4sintehty, rajoitettu er\u00e4 vain 100 kappaleeseen. Pook Ankkuri- kootaan k\u00e4sin Suomessa Pookwatches-pajassa.<\/p>\n<p>&nbsp;<\/p>\n<div class=\"su-box su-box-style-default\" id=\"\" style=\"border-color:#000000;border-radius:2px;max-width:none\"><div class=\"su-box-title\" style=\"background-color:#333333;color:#FFFFFF;border-top-left-radius:0px;border-top-right-radius:0px\">Ominaisuudet<\/div><div class=\"su-box-content su-u-clearfix su-u-trim\" style=\"border-bottom-left-radius:0px;border-bottom-right-radius:0px\">\n<div class=\"su-column su-column-size-1-2 su-column-centered\"><div class=\"su-column-inner su-u-clearfix su-u-trim\">RUNKO: 316L RUOSTUMATON TER\u00c4S<\/div><\/div>\n<div class=\"su-column su-column-size-1-2 su-column-centered\"><div class=\"su-column-inner su-u-clearfix su-u-trim\">VEDON TALTEENOTTOKYKY NOIN 42 TUNTIA<\/div><\/div>\n<div class=\"su-column su-column-size-1-2 su-column-centered\"><div class=\"su-column-inner su-u-clearfix su-u-trim\">TOIMINNOT:  TUNNIT, MINUUTIT, SEKUNNIT<\/div><\/div>\n<div class=\"su-column su-column-size-1-2 su-column-centered\"><div class=\"su-column-inner su-u-clearfix su-u-trim\">TAKAKANSI: RUUVILUKITTEINEN, SUORANOUSU TAULUKKO SEK\u00c4 SARJANUMEROINTI<\/div><\/div>\n<div class=\"su-column su-column-size-1-2 su-column-centered\"><div class=\"su-column-inner su-u-clearfix su-u-trim\">KRUUNU: RUUVILUKITTEINEN, TER\u00c4S PUNAISELLA ALUMIINI INSERTILL\u00c4<\/div><\/div>\n<div class=\"su-column su-column-size-1-2 su-column-centered\"><div class=\"su-column-inner su-u-clearfix su-u-trim\">KOKO: L38,5mm x K48,5mm \u2013  ILMAN KRUUNUA<\/div><\/div>\n<div class=\"su-column su-column-size-1-2 su-column-centered\"><div class=\"su-column-inner su-u-clearfix su-u-trim\">KOTELON PAKSUUS: 13mm<\/div><\/div>\n<div class=\"su-column su-column-size-1-2 su-column-centered\"><div class=\"su-column-inner su-u-clearfix su-u-trim\">RANNEKKEEN JOUSITAPPI: 20mm<\/div><\/div>\n<div class=\"su-column su-column-size-1-2 su-column-centered\"><div class=\"su-column-inner su-u-clearfix su-u-trim\">LASIKE: SAFIIRILASI<\/div><\/div>\n<div class=\"su-column su-column-size-1-2 su-column-centered\"><div class=\"su-column-inner su-u-clearfix su-u-trim\">SARJANUMEROITU 100 kpl.<\/div><\/div>\n<div class=\"su-column su-column-size-1-2 su-column-centered\"><div class=\"su-column-inner su-u-clearfix su-u-trim\"><a href=\"https:\/\/miyotamovement.com\/product\/9039\/\" class=\"su-button su-button-style-ghost\" style=\"color:#000000;background-color:#000000;border-color:#000000;border-radius:5px\" target=\"_blank\" rel=\"noopener noreferrer\"><span style=\"color:#000000;padding:0px 16px;font-size:13px;line-height:26px;border-color:#4d4d4d;border-radius:5px;text-shadow:none\">  MIYOTA 9039 PREMIUM AUTOMAATTI KONEISTO<\/span><\/a><\/div><\/div>\n<div class=\"su-column su-column-size-1-2 su-column-centered\"><div class=\"su-column-inner su-u-clearfix su-u-trim\">OSOITTIMET: SWISS LUME<\/div><\/div>\n<div class=\"su-column su-column-size-1-2 su-column-centered\"><div class=\"su-column-inner su-u-clearfix su-u-trim\">TAULU: MATTA, SWISS LUME<\/div><\/div>\n<div class=\"su-column su-column-size-1-2 su-column-centered\"><div class=\"su-column-inner su-u-clearfix su-u-trim\">RANNEKE: KUMI RANNEKE<\/div><\/div>\n<div class=\"su-column su-column-size-1-2 su-column-centered\"><div class=\"su-column-inner su-u-clearfix su-u-trim\">VEDENPIT\u00c4VYYS LUOKKA: 20ATM \/ 20BAR \/ ~200M \/ 656FT<\/div><\/div>\n<div class=\"su-column su-column-size-1-2 su-column-centered\"><div class=\"su-column-inner su-u-clearfix su-u-trim\">ULKOKEH\u00c4: TER\u00c4S ALUMIINI UPOTUKSELLA<\/div><\/div>\n<a href=\"https:\/\/official.pookwatches.com\/privacy-policy\/\" class=\"su-button su-button-style-ghost\" style=\"color:#000000;background-color:#000000;border-color:#000000;border-radius:5px\" target=\"_blank\" rel=\"noopener noreferrer\"><span style=\"color:#000000;padding:0px 16px;font-size:13px;line-height:26px;border-color:#4d4d4d;border-radius:5px;text-shadow:none\">  36 KUUKAUDEN RAJOITETTU TAKUU<\/span><\/a>\n<a href=\"https:\/\/eadn-wc01-4585745.nxedge.io\/wp-content\/uploads\/2023\/09\/Automaatti_ohje.pdf\" class=\"su-button su-button-style-ghost\" style=\"color:#000000;background-color:#000000;border-color:#000000;border-radius:5px\" target=\"_blank\" rel=\"noopener noreferrer\"><span style=\"color:#000000;padding:0px 16px;font-size:13px;line-height:26px;border-color:#4d4d4d;border-radius:5px;text-shadow:none\"> OHJE (.PDF)<\/span><\/a>\n<div class=\"su-column su-column-size-1-2 su-column-centered\"><div class=\"su-column-inner su-u-clearfix su-u-trim\">TAKUUKORTTI: S\u00c4HK\u00d6INEN TAKUUKORTTI<\/div><\/div>\n<div class=\"message-box relative dark\" style=\"padding-top:15px;padding-bottom:15px;\"><div class=\"message-box-bg-image bg-fill fill\" style=\"background-image:url(#hex or http:\/\/imageurl);\"><\/div><div class=\"message-box-bg-overlay bg-fill fill\" ><\/div><div class=\"container relative\"><div class=\"inner last-reset\"> <span class=\"HwtZe\" lang=\"en\"><span class=\"jCAhz ChMk0b\"><span class=\"ryNqvb\">T\u00e4m\u00e4 tuote on toimitusvalmis, se valmistetaan k\u00e4sin tilauksestasi<\/span><\/span><\/span> <\/div><\/div><\/div>\n<\/div><\/div>\n<p>&nbsp;<\/p>","protected":false},"excerpt":{"rendered":"<p>The Pook Ankkuri is a high-quality automatic watch with the spirit of 70&#8217;s designed by Andreas Prepula. It is also a faithful for the Pook Sukeltaja design, but a bit more vintage. The dial has a full lumed-feature. In dial there is a small logo emblem, which was originally designed by Seppo Prepula, Andreas` father [&#8230;]\n","protected":false},"featured_media":15476,"template":"","meta":[],"product_brand":[],"product_cat":[133],"product_tag":[],"class_list":{"0":"post-15285","1":"product","2":"type-product","3":"status-publish","4":"has-post-thumbnail","6":"product_cat-watches","7":"product_shipping_class-pakkaus-ja-l","9":"first","10":"instock","11":"featured","12":"taxable","13":"shipping-taxable","14":"purchasable","15":"product-type-simple"},"jetpack_sharing_enabled":true,"_links":{"self":[{"href":"https:\/\/official.pookwatches.com\/fi\/wp-json\/wp\/v2\/product\/15285","targetHints":{"allow":["GET"]}}],"collection":[{"href":"https:\/\/official.pookwatches.com\/fi\/wp-json\/wp\/v2\/product"}],"about":[{"href":"https:\/\/official.pookwatches.com\/fi\/wp-json\/wp\/v2\/types\/product"}],"wp:featuredmedia":[{"embeddable":true,"href":"https:\/\/official.pookwatches.com\/fi\/wp-json\/wp\/v2\/media\/15476"}],"wp:attachment":[{"href":"https:\/\/official.pookwatches.com\/fi\/wp-json\/wp\/v2\/media?parent=15285"}],"wp:term":[{"taxonomy":"product_brand","embeddable":true,"href":"https:\/\/official.pookwatches.com\/fi\/wp-json\/wp\/v2\/product_brand?post=15285"},{"taxonomy":"product_cat","embeddable":true,"href":"https:\/\/official.pookwatches.com\/fi\/wp-json\/wp\/v2\/product_cat?post=15285"},{"taxonomy":"product_tag","embeddable":true,"href":"https:\/\/official.pookwatches.com\/fi\/wp-json\/wp\/v2\/product_tag?post=15285"}],"curies":[{"name":"wp","href":"https:\/\/api.w.org\/{rel}","templated":true}]}}