{"id":14986,"date":"2022-11-23T11:30:44","date_gmt":"2022-11-23T09:30:44","guid":{"rendered":"https:\/\/official.pookwatches.com\/?post_type=product&#038;p=14986"},"modified":"2025-04-08T14:18:33","modified_gmt":"2025-04-08T11:18:33","slug":"amorphis-halo","status":"publish","type":"product","link":"https:\/\/official.pookwatches.com\/fi\/tuote\/amorphis-halo\/","title":{"rendered":"Amorphis- Halo"},"content":{"rendered":"<p><strong>AMORPHIS YHTEISTY\u00d6H\u00d6N IT\u00c4-SUOMALAISEN POOK WATCHESIN KANSSA <\/strong><\/p>\n<p><strong>Amorphis<\/strong>- Raskaan sarjan suomalainen metallij\u00e4tti on tehnyt uuden Halo-levyn, ja levyll\u00e4 olevan \u201dOn the Dark Waters\u201d-biisin tiimoilta julkaistiin 28.1.2022 Pook On The Dark Waters-niminen kello.<\/p>\n<p>Joensuulainen Aika &amp; Tarkka Oy ja suomalainen metalliyhtye Amorphis tuottivat Pook On The Dark Waters -kellon vuoden 2022 alussa.<\/p>\n<p>Kelloa valmistettiin 100 kappaleen rajoitettu er\u00e4, joka myytiin loppuun jo ennakkotilausvaiheessa. Suurin osa kelloista myytiin ulkomaille. Kellojen suosio yll\u00e4tti sek\u00e4 Amorphis-b\u00e4ndin ett\u00e4 kellovalmistajan.<\/p>\n<p>Monet kellosta kiinnostuneet j\u00e4iv\u00e4t ilman. Nyt Amorphis ja Pook Watches ovat tehneet uuden kellomallin nimelt\u00e4 Halo.<\/p>\n<p>Amorphisin Halo-albumi julkaistiin helmikuussa 2022. Uudessa kellomallissa on laadukas japanilainen automaattikoneisto ja sill\u00e4 on 3 vuoden takuu. Kellot kootaan Suvantokatulla Pookin kellopajassa Joensuussa.<\/p>\n<p>T\u00e4m\u00e4 malli sis\u00e4lt\u00e4\u00e4 kaksi eri v\u00e4rivaihtoehtoa, joista kutakin v\u00e4riyhdistelm\u00e4\u00e4 valmistetaan vain 100 kappaletta.<\/p>\n<p>T\u00e4m\u00e4 on pieni rajoitettu er\u00e4, ja jokaisella kappaleella on oma sarjanumero.<\/p>\n<p>VALMISTANNE T\u00c4M\u00c4N KELLON SUOMESSA TILAUKSESTASI.<\/p>\n<div class=\"QmZWSe\">\n<div class=\"DHcWmd\">\n<div id=\"tw-target\">\n<div id=\"kAz1tf\" class=\"g9WsWb\">\n<div id=\"tw-target-text-container\" class=\"tw-ta-container hide-focus-ring tw-nfl\" tabindex=\"0\"><\/div>\n<\/div>\n<\/div>\n<\/div>\n<\/div>\n<div class=\"QmZWSe\">\n<div class=\"DHcWmd\">\n<div id=\"tw-target\">\n<div id=\"kAz1tf\" class=\"g9WsWb\">\n<div id=\"tw-target-text-container\" class=\"tw-ta-container hide-focus-ring tw-nfl\" tabindex=\"0\">\n<p>&nbsp;<\/p>\n<\/div>\n<\/div>\n<\/div>\n<\/div>\n<\/div>\n<div class=\"su-box su-box-style-default\" id=\"\" style=\"border-color:#000000;border-radius:2px;max-width:none\"><div class=\"su-box-title\" style=\"background-color:#333333;color:#FFFFFF;border-top-left-radius:0px;border-top-right-radius:0px\">Ominaisuudet<\/div><div class=\"su-box-content su-u-clearfix su-u-trim\" style=\"border-bottom-left-radius:0px;border-bottom-right-radius:0px\">\n<div class=\"su-column su-column-size-1-2 su-column-centered\"><div class=\"su-column-inner su-u-clearfix su-u-trim\">RUNKO: 316L RUOSTUMATON TER\u00c4S<\/div><\/div>\n<div class=\"su-column su-column-size-1-2 su-column-centered\"><div class=\"su-column-inner su-u-clearfix su-u-trim\">VEDON TALTEENOTTOKYKY NOIN 41 TUNTIA<\/div><\/div>\n<div class=\"su-column su-column-size-1-2 su-column-centered\"><div class=\"su-column-inner su-u-clearfix su-u-trim\">TOIMINNOT:  TUNNIT, MINUUTIT, SEKUNNIT<\/div><\/div>\n<div class=\"su-column su-column-size-1-2 su-column-centered\"><div class=\"su-column-inner su-u-clearfix su-u-trim\">TAKAKANSI: RUUVILUKITTEINEN<\/div><\/div>\n<div class=\"su-column su-column-size-1-2 su-column-centered\"><div class=\"su-column-inner su-u-clearfix su-u-trim\">KOKO: 38,5mm ILMAN KRUUNUA<\/div><\/div>\n<div class=\"su-column su-column-size-1-2 su-column-centered\"><div class=\"su-column-inner su-u-clearfix su-u-trim\">RUUVILUKITTEINEN TER\u00c4S KRUUNU KAIVERRUKSELLA<\/div><\/div>\n<div class=\"su-column su-column-size-1-2 su-column-centered\"><div class=\"su-column-inner su-u-clearfix su-u-trim\">KOTELON PAKSUUS: 13mm<\/div><\/div>\n<div class=\"su-column su-column-size-1-2 su-column-centered\"><div class=\"su-column-inner su-u-clearfix su-u-trim\">RANNEKKEEN JOUSITAPPI: 20mm<\/div><\/div>\n<div class=\"su-column su-column-size-1-2 su-column-centered\"><div class=\"su-column-inner su-u-clearfix su-u-trim\">KONEISTO: AUTOMAATTINEN Citizen by <strong>Mi\u00fdota<\/strong> 8215 <a href=\"https:\/\/miyotamovement.com\/uploads\/product\/158\/pdf\/1810271737242k5kt.pdf\"> LINKKI OHJEESEEN<\/a><\/div><\/div>\n<div class=\"su-column su-column-size-1-2 su-column-centered\"><div class=\"su-column-inner su-u-clearfix su-u-trim\">LASIKE: SAFIIRILASI<\/div><\/div>\n<div class=\"su-column su-column-size-1-2 su-column-centered\"><div class=\"su-column-inner su-u-clearfix su-u-trim\">SARJANUMEROITU <\/div><\/div>\n<div class=\"su-column su-column-size-1-2 su-column-centered\"><div class=\"su-column-inner su-u-clearfix su-u-trim\">OSOITTIMET: JAPANI LUME<\/div><\/div>\n<div class=\"su-column su-column-size-1-2 su-column-centered\"><div class=\"su-column-inner su-u-clearfix su-u-trim\">TAULU: MATTA TUMMA HARMAA\/MUSTA, KUVIOITU, JAPANI LUME, GILT TYYLINEN TAULU<\/div><\/div>\n<div class=\"su-column su-column-size-1-2 su-column-centered\"><div class=\"su-column-inner su-u-clearfix su-u-trim\">RANNEKE: NAHKA <\/div><\/div>\n<div class=\"su-column su-column-size-1-2 su-column-centered\"><div class=\"su-column-inner su-u-clearfix su-u-trim\">VEDENPIT\u00c4VYYS LUOKKA: 10ATM \/ 10BAR \/ ~100M \/ 328FT<\/div><\/div>\n<a href=\"https:\/\/official.pookwatches.com\/privacy-policy\/\" class=\"su-button su-button-style-ghost\" style=\"color:#000000;background-color:#000000;border-color:#000000;border-radius:5px\" target=\"_blank\" rel=\"noopener noreferrer\"><span style=\"color:#000000;padding:0px 16px;font-size:13px;line-height:26px;border-color:#4d4d4d;border-radius:5px;text-shadow:none\">  36 KUUKAUDEN RAJOITETTU TAKUU<\/span><\/a>\n<a href=\"https:\/\/eadn-wc01-4585745.nxedge.io\/wp-content\/uploads\/2023\/09\/Automaatti_ohje.pdf\" class=\"su-button su-button-style-ghost\" style=\"color:#000000;background-color:#000000;border-color:#000000;border-radius:5px\" target=\"_blank\" rel=\"noopener noreferrer\"><span style=\"color:#000000;padding:0px 16px;font-size:13px;line-height:26px;border-color:#4d4d4d;border-radius:5px;text-shadow:none\"> OHJE (.PDF)<\/span><\/a>\n<div class=\"su-column su-column-size-1-2 su-column-centered\"><div class=\"su-column-inner su-u-clearfix su-u-trim\">TAKUUKORTTI: S\u00c4HK\u00d6INEN TAKUUKORTTI<\/div><\/div>\n<div class=\"message-box relative dark\" style=\"padding-top:15px;padding-bottom:15px;\"><div class=\"message-box-bg-image bg-fill fill\" style=\"background-image:url(#hex or http:\/\/imageurl);\"><\/div><div class=\"message-box-bg-overlay bg-fill fill\" ><\/div><div class=\"container relative\"><div class=\"inner last-reset\"> <span class=\"HwtZe\" lang=\"en\"><span class=\"jCAhz ChMk0b\"><span class=\"ryNqvb\">T\u00e4m\u00e4 tuote on toimitusvalmis, se valmistetaan k\u00e4sin tilauksestasi<\/span><\/span><\/span> <\/div><\/div><\/div>\n<\/div><\/div>","protected":false},"excerpt":{"rendered":"<p>AMORPHIS TO CO-OPERATE WITH EASTERN FINLAND POOK WATCHES Amorphis, the Finnish giant of the heavy metal, has made a new Halo album. A watch called Pook On The Dark Waters was released on January 28th 2022, at the same day that single \u201cOn the Dark Waters\u201d from new album was also released. Joensuu&#8217;s Aika &amp; [&#8230;]\n","protected":false},"featured_media":15567,"template":"","meta":[],"product_brand":[],"product_cat":[133],"product_tag":[],"class_list":{"0":"post-14986","1":"product","2":"type-product","3":"status-publish","4":"has-post-thumbnail","6":"product_cat-watches","7":"product_shipping_class-packet-sizes","9":"first","10":"instock","11":"featured","12":"taxable","13":"shipping-taxable","14":"purchasable","15":"product-type-variable"},"jetpack_sharing_enabled":true,"_links":{"self":[{"href":"https:\/\/official.pookwatches.com\/fi\/wp-json\/wp\/v2\/product\/14986","targetHints":{"allow":["GET"]}}],"collection":[{"href":"https:\/\/official.pookwatches.com\/fi\/wp-json\/wp\/v2\/product"}],"about":[{"href":"https:\/\/official.pookwatches.com\/fi\/wp-json\/wp\/v2\/types\/product"}],"wp:featuredmedia":[{"embeddable":true,"href":"https:\/\/official.pookwatches.com\/fi\/wp-json\/wp\/v2\/media\/15567"}],"wp:attachment":[{"href":"https:\/\/official.pookwatches.com\/fi\/wp-json\/wp\/v2\/media?parent=14986"}],"wp:term":[{"taxonomy":"product_brand","embeddable":true,"href":"https:\/\/official.pookwatches.com\/fi\/wp-json\/wp\/v2\/product_brand?post=14986"},{"taxonomy":"product_cat","embeddable":true,"href":"https:\/\/official.pookwatches.com\/fi\/wp-json\/wp\/v2\/product_cat?post=14986"},{"taxonomy":"product_tag","embeddable":true,"href":"https:\/\/official.pookwatches.com\/fi\/wp-json\/wp\/v2\/product_tag?post=14986"}],"curies":[{"name":"wp","href":"https:\/\/api.w.org\/{rel}","templated":true}]}}