{"id":14833,"date":"2022-10-09T10:41:33","date_gmt":"2022-10-09T07:41:33","guid":{"rendered":"https:\/\/official.pookwatches.com\/?post_type=product&#038;p=14833"},"modified":"2025-01-16T16:42:14","modified_gmt":"2025-01-16T14:42:14","slug":"pook-saaristo","status":"publish","type":"product","link":"https:\/\/official.pookwatches.com\/fi\/tuote\/pook-saaristo\/","title":{"rendered":"Pook Saaristo"},"content":{"rendered":"<p><span class=\"VIiyi\" lang=\"en\"><span class=\"JLqJ4b\"><span class=\"Q4iAWc\">Pookwatches kellosuunnittelija Andreas on halunnut jo pidemp\u00e4\u00e4n tehd\u00e4 Pookille naisille suunnatun kellon, jossa on vahva tunnesidos mereen ja merisaaristoon. Pook Saaristo on ensimm\u00e4inen Pookin kello, joka on tehty nimenomaan naisille. Annetaan Pookin kellojen suunnittelusta vastaavan Andreaksen itsens\u00e4 kertoa, mist\u00e4 on kyse. <\/span><\/span><\/span><\/p>\n<p><span class=\"VIiyi\" lang=\"en\"><span class=\"JLqJ4b\"><span class=\"Q4iAWc\">- Meri tulee aina olemaan l\u00e4hell\u00e4 syd\u00e4nt\u00e4ni, aivan kuten se oli my\u00f6s is\u00e4ll\u00e4ni. 1970-luvulla, ollessani nuori poika, k\u00e4vimme l\u00e4hes p\u00e4ivitt\u00e4in toisinaan viikoittain is\u00e4ni kanssa sukellusretkill\u00e4, veneretkill\u00e4, purjehdusretkill\u00e4, retki\u00e4 oli paljon mutta p\u00e4\u00e4osin l\u00e4hes aina merell\u00e4 ja tietysti kes\u00e4ll\u00e4. Toisin sanoen minusta tuntui, ett\u00e4 kes\u00e4p\u00e4iv\u00e4t olivat t\u00e4ynn\u00e4 seikkailua, retkeily\u00e4 ja sukellusreissuja saaristomerell\u00e4. Is\u00e4ni ohjaamille retkille l\u00e4hdettiin l\u00e4hes s\u00e4\u00e4ll\u00e4 kuin s\u00e4\u00e4ll\u00e4, nuorelle pojalle se oli ajoittain pelottavaakin, mutta is\u00e4ni varmat otteet osasivat useimmiten siirt\u00e4\u00e4 pelon syrj\u00e4\u00e4n pahemmissakin saariston s\u00e4\u00e4ss\u00e4, ehk\u00e4 j\u00e4lkeenp\u00e4in asia tuntuu hullummalta kuin niiss\u00e4 tilanteissa. Kaikki n\u00e4m\u00e4 lapsuuden p\u00e4iv\u00e4t saaristomeren tuntumassa olivat kuitenkin t\u00e4ynn\u00e4 iloa, niin hyvin\u00e4 kuin teinipojan huonoimpinakin hetkin\u00e4.<\/span><\/span><\/span><\/p>\n<p><span class=\"VIiyi\" lang=\"en\"><span class=\"JLqJ4b\"><span class=\"Q4iAWc\"> Lapsuudestani on j\u00e4\u00e4nyt mieleeni upeita ja rakkaita muistoja. Is\u00e4ni oli ammattimainen sukeltaja, h\u00e4n teki vedenalaista hitsausta ja muita vaativia veden alla teht\u00e4vi\u00e4 projekteja ty\u00f6n\u00e4\u00e4n, Vasta lapsuusajan j\u00e4lkeen tuli minulle selv\u00e4ksi se, ett\u00e4 aika, jonka silloin vietin yhdess\u00e4 is\u00e4ni kanssa, on ollut minulle todella inspiraation l\u00e4hde. <\/span><\/span><\/span><\/p>\n<p><span class=\"VIiyi\" lang=\"en\"><span class=\"JLqJ4b\"><span class=\"Q4iAWc\">Pook Saaristo on suunniteltu monik\u00e4ytt\u00f6iseksi naistenkelloksi, se kest\u00e4\u00e4 k\u00e4yt\u00f6ss\u00e4 niin ty\u00f6- kuin vapaa-aikanakin. Joensuussa suunniteltu ja Pookin workshopissa koottavalle kellolle my\u00f6net\u00e4\u00e4n 3 vuoden poikkeuksellisen pitk\u00e4 takuu. Kelloja tehd\u00e4\u00e4n vain rajattu sarjanumeroitu 100 kappaleen er\u00e4. <\/span><\/span><\/span><\/p>\n<p><span class=\"VIiyi\" lang=\"en\"><span class=\"JLqJ4b\"><span class=\"Q4iAWc\">Meri ja sen saaristo ovat t\u00e4rkeit\u00e4 my\u00f6s Kelloliike Salosen Hanna-Marja Rosenbergille. Turussa sijaitseva Kelloliike Salonen on l\u00e4hes 100 vanha kelloliike. Se  on alusta asti erottunut Pookin j\u00e4lleenmyyjien joukossa eritt\u00e4in aktiivisena, varsinaisena ilopillerin\u00e4. Moni kellon ostaja on ihastunut siihen l\u00e4mpim\u00e4\u00e4n ja innostuneeseen tapaa, jolla asiakas kohdataan. <\/span><\/span><\/span><\/p>\n<p><span class=\"VIiyi\" lang=\"en\"><span class=\"JLqJ4b\"><span class=\"Q4iAWc\">Purjeveneess\u00e4 yritt\u00e4j\u00e4kin rentoutuu, voi bongailla lintuja ja muuta saariston el\u00e4m\u00e4\u00e4. Kelloliikkeess\u00e4 palvelee lis\u00e4kseni my\u00f6s kellosepp\u00e4 Antti ja myyj\u00e4 Marika. \nKelloliikkeen tuotevalikoimassa korostuu Pookin kellojen lis\u00e4ksi suomalaisuus muutenkin - on hienoa tarjota asiakkaille suomalaista muotoilua ja laadukkaita, Suomessa valmistettuja tuotteita. Paikallisuudella on entist\u00e4 suurempi merkitys kuluttajille, kuten my\u00f6s tarinoilla upeiden tuotteiden takana niin kuin t\u00e4ss\u00e4 tapauksessa on Pook Saariston kohdalla mit\u00e4 suurimmassa m\u00e4\u00e4rin kyse. Kelloliike Saloselta voi ostaa Pook Saaristo- kelloa ainoana j\u00e4lleenmyyj\u00e4n\u00e4 preorder-vaiheessa Pookin oman verkkokaupan lis\u00e4ksi.<\/span><\/span><\/span><\/p>\n<p>&nbsp;<\/p>\n<div class=\"su-box su-box-style-default\" id=\"\" style=\"border-color:#000000;border-radius:2px;max-width:none\"><div class=\"su-box-title\" style=\"background-color:#333333;color:#FFFFFF;border-top-left-radius:0px;border-top-right-radius:0px\">Ominaisuudet<\/div><div class=\"su-box-content su-u-clearfix su-u-trim\" style=\"border-bottom-left-radius:0px;border-bottom-right-radius:0px\">\n<div class=\"su-column su-column-size-1-2 su-column-centered\"><div class=\"su-column-inner su-u-clearfix su-u-trim\">RUNKO: 316L RUOSTUMATON TER\u00c4S<\/div><\/div>\n<div class=\"su-column su-column-size-1-2 su-column-centered\"><div class=\"su-column-inner su-u-clearfix su-u-trim\">TOIMINNOT:  TUNNIT, MINUUTIT, SEKUNNIT<\/div><\/div>\n<div class=\"su-column su-column-size-1-2 su-column-centered\"><div class=\"su-column-inner su-u-clearfix su-u-trim\">TAKAKANSI: RUUVILUKITTEINEN<\/div><\/div>\n<div class=\"su-column su-column-size-1-2 su-column-centered\"><div class=\"su-column-inner su-u-clearfix su-u-trim\">CASE DIAMETERS: W38,5mm WITHOUT CROWN<\/div><\/div>\n<div class=\"su-column su-column-size-1-2 su-column-centered\"><div class=\"su-column-inner su-u-clearfix su-u-trim\">TER\u00c4S KRUUNU KAIVERRUKSELLA<\/div><\/div>\n<div class=\"su-column su-column-size-1-2 su-column-centered\"><div class=\"su-column-inner su-u-clearfix su-u-trim\">KOTELON PAKSUUS: 13mm<\/div><\/div>\n<div class=\"su-column su-column-size-1-2 su-column-centered\"><div class=\"su-column-inner su-u-clearfix su-u-trim\">RANNEKKEEN JOUSITAPPI: 20mm<\/div><\/div>\n<div class=\"su-column su-column-size-1-2 su-column-centered\"><div class=\"su-column-inner su-u-clearfix su-u-trim\">KONEISTO: AUTOMAATTINEN Citizen by <strong>Mi\u00fdota<\/strong> 8215 <a href=\"https:\/\/miyotamovement.com\/uploads\/product\/158\/pdf\/1810271737242k5kt.pdf\"> LINKKI OHJEESEEN<\/a><\/div><\/div>\n<div class=\"su-column su-column-size-1-2 su-column-centered\"><div class=\"su-column-inner su-u-clearfix su-u-trim\">LASIKE: SAFIIRILASI<\/div><\/div>\n<div class=\"su-column su-column-size-1-2 su-column-centered\"><div class=\"su-column-inner su-u-clearfix su-u-trim\">KELLON ULKOKEH\u00c4 LASIKKEELLA<\/div><\/div>\n<div class=\"su-column su-column-size-1-2 su-column-centered\"><div class=\"su-column-inner su-u-clearfix su-u-trim\">SARJANUMEROITU<\/div><\/div>\n<div class=\"su-column su-column-size-1-2 su-column-centered\"><div class=\"su-column-inner su-u-clearfix su-u-trim\">OSOITTIMET: SWISS LUME<\/div><\/div>\n<div class=\"su-column su-column-size-1-2 su-column-centered\"><div class=\"su-column-inner su-u-clearfix su-u-trim\">TAULU: MATTA, SWISS LUME<\/div><\/div>\n<div class=\"su-column su-column-size-1-2 su-column-centered\"><div class=\"su-column-inner su-u-clearfix su-u-trim\">RANNEKE: NAHKA<\/div><\/div>\n<div class=\"su-column su-column-size-1-2 su-column-centered\"><div class=\"su-column-inner su-u-clearfix su-u-trim\">VEDENPIT\u00c4VYYS LUOKKA: 10ATM \/ 10BAR \/ ~100M \/ 328FT<\/div><\/div>\n<a href=\"https:\/\/official.pookwatches.com\/privacy-policy\/\" class=\"su-button su-button-style-ghost\" style=\"color:#000000;background-color:#000000;border-color:#000000;border-radius:5px\" target=\"_blank\" rel=\"noopener noreferrer\"><span style=\"color:#000000;padding:0px 16px;font-size:13px;line-height:26px;border-color:#4d4d4d;border-radius:5px;text-shadow:none\">  36 KUUKAUDEN RAJOITETTU TAKUU<\/span><\/a>\n<div class=\"su-column su-column-size-1-2 su-column-centered\"><div class=\"su-column-inner su-u-clearfix su-u-trim\">TAKUUKORTTI: S\u00c4HK\u00d6INEN TAKUUKORTTI<\/div><\/div>\n<\/div><\/div>","protected":false},"excerpt":{"rendered":"<p>Pookwatches watch designer Andreas has long wanted to make a watch for Pook aimed at women with a strong emotional connection to the sea and the sea archipelago. Pook Saaristo is the first Pook watch made specifically for women. Let Andreas himself, who is responsible for the design of Pook&#8217;s watches, tell you what it&#8217;s [&#8230;]\n","protected":false},"featured_media":16183,"template":"","meta":[],"product_brand":[],"product_cat":[224],"product_tag":[],"class_list":{"0":"post-14833","1":"product","2":"type-product","3":"status-publish","4":"has-post-thumbnail","6":"product_cat-previous-models","7":"product_shipping_class-pakkaus-ja-l","9":"first","10":"outofstock","11":"taxable","12":"shipping-taxable","13":"product-type-simple"},"jetpack_sharing_enabled":true,"_links":{"self":[{"href":"https:\/\/official.pookwatches.com\/fi\/wp-json\/wp\/v2\/product\/14833","targetHints":{"allow":["GET"]}}],"collection":[{"href":"https:\/\/official.pookwatches.com\/fi\/wp-json\/wp\/v2\/product"}],"about":[{"href":"https:\/\/official.pookwatches.com\/fi\/wp-json\/wp\/v2\/types\/product"}],"wp:featuredmedia":[{"embeddable":true,"href":"https:\/\/official.pookwatches.com\/fi\/wp-json\/wp\/v2\/media\/16183"}],"wp:attachment":[{"href":"https:\/\/official.pookwatches.com\/fi\/wp-json\/wp\/v2\/media?parent=14833"}],"wp:term":[{"taxonomy":"product_brand","embeddable":true,"href":"https:\/\/official.pookwatches.com\/fi\/wp-json\/wp\/v2\/product_brand?post=14833"},{"taxonomy":"product_cat","embeddable":true,"href":"https:\/\/official.pookwatches.com\/fi\/wp-json\/wp\/v2\/product_cat?post=14833"},{"taxonomy":"product_tag","embeddable":true,"href":"https:\/\/official.pookwatches.com\/fi\/wp-json\/wp\/v2\/product_tag?post=14833"}],"curies":[{"name":"wp","href":"https:\/\/api.w.org\/{rel}","templated":true}]}}