{"id":14398,"date":"2022-05-26T10:48:32","date_gmt":"2022-05-26T07:48:32","guid":{"rendered":"https:\/\/official.pookwatches.com\/?post_type=product&#038;p=14398"},"modified":"2025-01-16T16:42:53","modified_gmt":"2025-01-16T14:42:53","slug":"pikkumyy","status":"publish","type":"product","link":"https:\/\/official.pookwatches.com\/fi\/tuote\/pikkumyy\/","title":{"rendered":"Pikkumyy"},"content":{"rendered":"<p>Vuonna 2018 perustettu Pookwatches on solminut merkitt\u00e4v\u00e4n yhteisty\u00f6sopimuksen Moomin Charactersin kanssa. Ensimm\u00e4isen\u00e4 julkaistaan kolmen kellon sarja, jonka ennakkotilaus on alkanut. Muumit ovat ajattomia, maailmankuuluja hahmoja, jotka on luonut rakastettu taiteilija ja kirjailija Tove Jansson. Muumit seikkailevat omassa maailmassaan, jossa meri ja luonto ovat eritt\u00e4in t\u00e4rke\u00e4 elementti. Siksi on hyvin luonnollista, ett\u00e4 Muumit ja Pook l\u00f6ysiv\u00e4t toisensa.<br \/>\nMoomin Characters Oy Ltd on Muumihahmojen virallinen tekij\u00e4noikeusvastaava. Muumit ovat yksi Suomen suurimmista vientituotteista ja niill\u00e4 on maailmanlaajuinen fanikuntansa. Tove<br \/>\nJansson (1914\u20132001) kirjoitti ja kuvitti useita muumi tarinoita ja satoja sarjakuvia vuosien varrella.<br \/>\nTove Jansson perusti 1950-luvulla yhdess\u00e4 veljens\u00e4 Lars Janssonin kanssa Muumihahmojen tekij\u00e4noikeuksia hoitavan Moomin Characters Oy Ltd:n, joka on edelleen perheyritys.<br \/>\nPook-kelloja suunnitteleva Andreas Prepula on suunnitellut viimeiset kuukaudet kello ryhm\u00e4\u00e4, joka tekee laadukkaista suomalaisista Muumikelloista entist\u00e4 helpommin saavutettavia. Moomin Characters tiimi on ollut mukana my\u00f6s kellojen suunnittelussa. Kellot maksavat 495 euroa\/kpl (sis. alv 24%).<br \/>\nKaikki Pookin kellot on suunnitellut Andreas Prepula Liperist\u00e4 ja kellot on koottu Joensuussa Andreaksen ja kokeneen kellosepp\u00e4 Jani Ikosen toimesta.<br \/>\nEquipped with a durable Japanese automatic movement and a sturdy steel body, these Moomin watches are available in three different models, each of which is only available in a limited edition of 100 pieces. The watches have a 3-year warranty.<\/p>\n<p>&nbsp;<\/p>\n<p>Lis\u00e4tietoja:<br \/>\n<a href=\"http:\/\/www.moomin.com\" target=\"_blank\" rel=\"noopener\">www.moomin.com <\/a><br \/>\n<a href=\"http:\/\/www.tovejansson.com\" target=\"_blank\" rel=\"noopener\">www.tovejansson.com <\/a><\/p>\n<p>&nbsp;<\/p>\n<div class=\"su-box su-box-style-default\" id=\"\" style=\"border-color:#000000;border-radius:2px;max-width:none\"><div class=\"su-box-title\" style=\"background-color:#333333;color:#FFFFFF;border-top-left-radius:0px;border-top-right-radius:0px\">Ominaisuudet<\/div><div class=\"su-box-content su-u-clearfix su-u-trim\" style=\"border-bottom-left-radius:0px;border-bottom-right-radius:0px\">\n<div class=\"su-column su-column-size-1-2 su-column-centered\"><div class=\"su-column-inner su-u-clearfix su-u-trim\">RUNKO: 316L RUOSTUMATON TER\u00c4S<\/div><\/div>\n<div class=\"su-column su-column-size-1-2 su-column-centered\"><div class=\"su-column-inner su-u-clearfix su-u-trim\">VEDON TALTEENOTTOKYKY NOIN 41 TUNTIA<\/div><\/div>\n<div class=\"su-column su-column-size-1-2 su-column-centered\"><div class=\"su-column-inner su-u-clearfix su-u-trim\">TOIMINNOT:  TUNNIT, MINUUTIT, SEKUNNIT<\/div><\/div>\n<div class=\"su-column su-column-size-1-2 su-column-centered\"><div class=\"su-column-inner su-u-clearfix su-u-trim\">TAKAKANSI: RUUVILUKITTEINEN<\/div><\/div>\n<div class=\"su-column su-column-size-1-2 su-column-centered\"><div class=\"su-column-inner su-u-clearfix su-u-trim\">KOKO: 38,5mm ILMAN KRUUNUA<\/div><\/div>\n<div class=\"su-column su-column-size-1-2 su-column-centered\"><div class=\"su-column-inner su-u-clearfix su-u-trim\">RUUVILUKITTEINEN TER\u00c4S KRUUNU M KAIVERRUKSELLA<\/div><\/div>\n<div class=\"su-column su-column-size-1-2 su-column-centered\"><div class=\"su-column-inner su-u-clearfix su-u-trim\">KOTELON PAKSUUS: 13mm<\/div><\/div>\n<div class=\"su-column su-column-size-1-2 su-column-centered\"><div class=\"su-column-inner su-u-clearfix su-u-trim\">RANNEKKEEN JOUSITAPPI: 20mm<\/div><\/div>\n<div class=\"su-column su-column-size-1-2 su-column-centered\"><div class=\"su-column-inner su-u-clearfix su-u-trim\">KONEISTO: AUTOMAATTI <strong>Mi\u00fdota<\/strong> 8215 <a href=\"https:\/\/miyotamovement.com\/uploads\/product\/158\/pdf\/1810271737242k5kt.pdf\"> LINKKI OHJEESEEN<\/a><\/div><\/div>\n<div class=\"su-column su-column-size-1-2 su-column-centered\"><div class=\"su-column-inner su-u-clearfix su-u-trim\">LASIKE: SAFIIRI LASI<\/div><\/div>\n<div class=\"su-column su-column-size-1-2 su-column-centered\"><div class=\"su-column-inner su-u-clearfix su-u-trim\">OSOITTIMET: JAPANI LUME<\/div><\/div>\n<div class=\"su-column su-column-size-1-2 su-column-centered\"><div class=\"su-column-inner su-u-clearfix su-u-trim\">TAULU: MATTA TUMMA HARMAA\/MUSTA, KUVIOITU, JAPANI LUME, GILT TYYLINEN TAULU<\/div><\/div>\n<div class=\"su-column su-column-size-1-2 su-column-centered\"><div class=\"su-column-inner su-u-clearfix su-u-trim\">RANNEKE: FKM KUMIRANNEKE <\/div><\/div>\n<div class=\"su-column su-column-size-1-2 su-column-centered\"><div class=\"su-column-inner su-u-clearfix su-u-trim\">VEDENPIT\u00c4VYYS LUOKKA: 10ATM \/ 10BAR \/ ~100M \/ 328FT<\/div><\/div>\n<a href=\"https:\/\/official.pookwatches.com\/privacy-policy\/\" class=\"su-button su-button-style-ghost\" style=\"color:#000000;background-color:#000000;border-color:#000000;border-radius:5px\" target=\"_blank\" rel=\"noopener noreferrer\"><span style=\"color:#000000;padding:0px 16px;font-size:13px;line-height:26px;border-color:#4d4d4d;border-radius:5px;text-shadow:none\">  36 KUUKAUDEN RAJOITETTU TAKUU<\/span><\/a>\n<a href=\"https:\/\/eadn-wc01-4585745.nxedge.io\/wp-content\/uploads\/2023\/09\/Automaatti_ohje.pdf\" class=\"su-button su-button-style-ghost\" style=\"color:#000000;background-color:#000000;border-color:#000000;border-radius:5px\" target=\"_blank\" rel=\"noopener noreferrer\"><span style=\"color:#000000;padding:0px 16px;font-size:13px;line-height:26px;border-color:#4d4d4d;border-radius:5px;text-shadow:none\"> OHJE (.PDF)<\/span><\/a>\n<div class=\"su-column su-column-size-1-2 su-column-centered\"><div class=\"su-column-inner su-u-clearfix su-u-trim\">TAKUUKORTTI: S\u00c4HK\u00d6INEN TAKUUKORTTI<\/div><\/div>\n<div class=\"message-box relative dark\" style=\"padding-top:15px;padding-bottom:15px;\"><div class=\"message-box-bg-image bg-fill fill\" style=\"background-image:url(#hex or http:\/\/imageurl);\"><\/div><div class=\"message-box-bg-overlay bg-fill fill\" ><\/div><div class=\"container relative\"><div class=\"inner last-reset\"> <span class=\"HwtZe\" lang=\"en\"><span class=\"jCAhz ChMk0b\"><span class=\"ryNqvb\">T\u00e4m\u00e4 tuote on toimitusvalmis, se valmistetaan k\u00e4sin tilauksestasi<\/span><\/span><\/span> <\/div><\/div><\/div>\n<\/div><\/div>","protected":false},"excerpt":{"rendered":"<p>Pook Watches, founded in 2018 from Eastern Finland, has signed a significant cooperation agreement with Moomin Characters. The first to be released is a series of three watches whose preorder has started.. Moomins are timeless, world-renowned characters created by beloved artist and author Tove Jansson. Moomins are adventuring in their own world, where the sea [&#8230;]\n","protected":false},"featured_media":14921,"template":"","meta":[],"product_brand":[],"product_cat":[224],"product_tag":[],"class_list":{"0":"post-14398","1":"product","2":"type-product","3":"status-publish","4":"has-post-thumbnail","6":"product_cat-previous-models","7":"product_shipping_class-packet-sizes","9":"first","10":"outofstock","11":"taxable","12":"shipping-taxable","13":"product-type-simple"},"jetpack_sharing_enabled":true,"_links":{"self":[{"href":"https:\/\/official.pookwatches.com\/fi\/wp-json\/wp\/v2\/product\/14398","targetHints":{"allow":["GET"]}}],"collection":[{"href":"https:\/\/official.pookwatches.com\/fi\/wp-json\/wp\/v2\/product"}],"about":[{"href":"https:\/\/official.pookwatches.com\/fi\/wp-json\/wp\/v2\/types\/product"}],"wp:featuredmedia":[{"embeddable":true,"href":"https:\/\/official.pookwatches.com\/fi\/wp-json\/wp\/v2\/media\/14921"}],"wp:attachment":[{"href":"https:\/\/official.pookwatches.com\/fi\/wp-json\/wp\/v2\/media?parent=14398"}],"wp:term":[{"taxonomy":"product_brand","embeddable":true,"href":"https:\/\/official.pookwatches.com\/fi\/wp-json\/wp\/v2\/product_brand?post=14398"},{"taxonomy":"product_cat","embeddable":true,"href":"https:\/\/official.pookwatches.com\/fi\/wp-json\/wp\/v2\/product_cat?post=14398"},{"taxonomy":"product_tag","embeddable":true,"href":"https:\/\/official.pookwatches.com\/fi\/wp-json\/wp\/v2\/product_tag?post=14398"}],"curies":[{"name":"wp","href":"https:\/\/api.w.org\/{rel}","templated":true}]}}