{"id":14298,"date":"2022-05-04T17:37:08","date_gmt":"2022-05-04T14:37:08","guid":{"rendered":"https:\/\/official.pookwatches.com\/?post_type=product&#038;p=14298"},"modified":"2023-11-13T10:28:12","modified_gmt":"2023-11-13T08:28:12","slug":"rokka","status":"publish","type":"product","link":"https:\/\/official.pookwatches.com\/fi\/tuote\/rokka\/","title":{"rendered":"Pook Rokka"},"content":{"rendered":"<p>Pook Rokka on suomalainen kello joka kootaan Pook Watchesin kellopajalla Joensuussa.<br \/>\nKellossa on uniikki puolustus henkinen ulkon\u00e4k\u00f6 sek\u00e4 selke\u00e4t tunti ja minuuttiosoittimet indekseineen.<\/p>\n<div class=\"su-box su-box-style-default\" id=\"\" style=\"border-color:#000000;border-radius:2px;max-width:none\"><div class=\"su-box-title\" style=\"background-color:#333333;color:#FFFFFF;border-top-left-radius:0px;border-top-right-radius:0px\">Ominaisuudet<\/div><div class=\"su-box-content su-u-clearfix su-u-trim\" style=\"border-bottom-left-radius:0px;border-bottom-right-radius:0px\">\n<div class=\"su-column su-column-size-1-2 su-column-centered\"><div class=\"su-column-inner su-u-clearfix su-u-trim\">RUNKO: 316L RUOSTUMATON TER\u00c4S , MATTA PVD PINNOITE<\/div><\/div>\n<div class=\"su-column su-column-size-1-2 su-column-centered\"><div class=\"su-column-inner su-u-clearfix su-u-trim\">K\u00c4YNTITARKKUUS \u00b120 SEK. \/ KUUKAUSI<\/div><\/div>\n<div class=\"su-column su-column-size-1-2 su-column-centered\"><div class=\"su-column-inner su-u-clearfix su-u-trim\">TOIMINNOT:  TUNNIT, MINUUTIT, SEKUNNIT<\/div><\/div>\n<div class=\"su-column su-column-size-1-2 su-column-centered\"><div class=\"su-column-inner su-u-clearfix su-u-trim\">TAKAKANSI: RUUVILUKITTEINEN<\/div><\/div>\n<div class=\"su-column su-column-size-1-2 su-column-centered\"><div class=\"su-column-inner su-u-clearfix su-u-trim\">KOTELON KOKO: L39mm x K47mm - ILMAN KRUUNUA<\/div><\/div>\n<div class=\"su-column su-column-size-1-2 su-column-centered\"><div class=\"su-column-inner su-u-clearfix su-u-trim\">TER\u00c4S KRUUNU KAIVERRUKSELLA<\/div><\/div>\n<div class=\"su-column su-column-size-1-2 su-column-centered\"><div class=\"su-column-inner su-u-clearfix su-u-trim\">KOTELON PAKSUUS: 10 mm<\/div><\/div>\n<div class=\"su-column su-column-size-1-2 su-column-centered\"><div class=\"su-column-inner su-u-clearfix su-u-trim\">RANNEKKEEN JOUSITAPPI: 20mm<\/div><\/div>\n<div class=\"su-column su-column-size-1-2 su-column-centered\"><div class=\"su-column-inner su-u-clearfix su-u-trim\">KONEISTO: QUARTZ Citizen <strong>Mi\u00fdota<\/strong> 2035 <a href=\"https:\/\/miyotamovement.com\/product\/2035\/\" target=\"_blank\" rel=\"noopener\">LINKKI OHJEESEEN<\/a><\/div><\/div>\n<div class=\"su-column su-column-size-1-2 su-column-centered\"><div class=\"su-column-inner su-u-clearfix su-u-trim\">LASIKE: SAFIIRILASI<\/div><\/div>\n<div class=\"su-column su-column-size-1-2 su-column-centered\"><div class=\"su-column-inner su-u-clearfix su-u-trim\">SARJANUMEROITU ALKAEN NUMEROSTA 1940.300<\/div><\/div>\n<div class=\"su-column su-column-size-1-2 su-column-centered\"><div class=\"su-column-inner su-u-clearfix su-u-trim\">OSOITTIMET: SWISS LUME<\/div><\/div>\n<div class=\"su-column su-column-size-1-2 su-column-centered\"><div class=\"su-column-inner su-u-clearfix su-u-trim\">TAULU: MATTA, SWISS LUME<\/div><\/div>\n<div class=\"su-column su-column-size-1-2 su-column-centered\"><div class=\"su-column-inner su-u-clearfix su-u-trim\">RANNEKE: VAIHTELEE VARASTOTILANTEEN MUKAAN<\/div><\/div>\n<div class=\"su-column su-column-size-1-2 su-column-centered\"><div class=\"su-column-inner su-u-clearfix su-u-trim\">VEDENPIT\u00c4VYYS LUOKKA: 10ATM \/ 10BAR \/ ~100M \/ 328FT<\/div><\/div>\n<a href=\"https:\/\/official.pookwatches.com\/privacy-policy\/\" class=\"su-button su-button-style-ghost\" style=\"color:#000000;background-color:#000000;border-color:#000000;border-radius:5px\" target=\"_blank\" rel=\"noopener noreferrer\"><span style=\"color:#000000;padding:0px 16px;font-size:13px;line-height:26px;border-color:#4d4d4d;border-radius:5px;text-shadow:none\">  36 KUUKAUDEN RAJOITETTU TAKUU<\/span><\/a>\n<div class=\"su-column su-column-size-1-2 su-column-centered\"><div class=\"su-column-inner su-u-clearfix su-u-trim\">TAKUUKORTTI: S\u00c4HK\u00d6INEN TAKUUKORTTI<\/div><\/div>\n<\/div><\/div>","protected":false},"excerpt":{"rendered":"<p>Pook Rokka on suomalainen kello, joka kootaan Pook Watchesin kellopajassa Joensuussa. Kellossa on ainutlaatuinen maanpuolustus henkinen ulkoasu sek\u00e4 selke\u00e4t tunti- ja minuuttiosoittimet indekseill\u00e4 [...]<\/p>","protected":false},"featured_media":14311,"template":"","meta":[],"product_brand":[],"product_cat":[224],"product_tag":[],"class_list":{"0":"post-14298","1":"product","2":"type-product","3":"status-publish","4":"has-post-thumbnail","6":"product_cat-previous-models","7":"product_shipping_class-packet-sizes","9":"first","10":"outofstock","11":"taxable","12":"shipping-taxable","13":"product-type-simple"},"jetpack_sharing_enabled":true,"_links":{"self":[{"href":"https:\/\/official.pookwatches.com\/fi\/wp-json\/wp\/v2\/product\/14298","targetHints":{"allow":["GET"]}}],"collection":[{"href":"https:\/\/official.pookwatches.com\/fi\/wp-json\/wp\/v2\/product"}],"about":[{"href":"https:\/\/official.pookwatches.com\/fi\/wp-json\/wp\/v2\/types\/product"}],"wp:featuredmedia":[{"embeddable":true,"href":"https:\/\/official.pookwatches.com\/fi\/wp-json\/wp\/v2\/media\/14311"}],"wp:attachment":[{"href":"https:\/\/official.pookwatches.com\/fi\/wp-json\/wp\/v2\/media?parent=14298"}],"wp:term":[{"taxonomy":"product_brand","embeddable":true,"href":"https:\/\/official.pookwatches.com\/fi\/wp-json\/wp\/v2\/product_brand?post=14298"},{"taxonomy":"product_cat","embeddable":true,"href":"https:\/\/official.pookwatches.com\/fi\/wp-json\/wp\/v2\/product_cat?post=14298"},{"taxonomy":"product_tag","embeddable":true,"href":"https:\/\/official.pookwatches.com\/fi\/wp-json\/wp\/v2\/product_tag?post=14298"}],"curies":[{"name":"wp","href":"https:\/\/api.w.org\/{rel}","templated":true}]}}