{"id":12380,"date":"2022-01-28T08:59:35","date_gmt":"2022-01-28T06:59:35","guid":{"rendered":"https:\/\/official.pookwatches.com\/?post_type=product&#038;p=12380"},"modified":"2025-04-08T14:19:51","modified_gmt":"2025-04-08T11:19:51","slug":"amorphis-on-the-dark-waters","status":"publish","type":"product","link":"https:\/\/official.pookwatches.com\/fi\/tuote\/amorphis-on-the-dark-waters\/","title":{"rendered":"Amorphis- On The Dark Waters"},"content":{"rendered":"<p><strong>AMORPHIS YHTEISTY\u00d6H\u00d6N IT\u00c4-SUOMALAISEN POOK WATCHESIN KANSSA <\/strong><\/p>\n<p><strong>Amorphis<\/strong>- Raskaan sarjan suomalainen metallij\u00e4tti on tehnyt uuden Halo-levyn, ja levyll\u00e4 olevan \u201dOn the Dark Waters\u201d-biisin tiimoilta julkaistiin 28.1.2022 Pook On The Dark Waters-niminen kello.<\/p>\n<p><strong>Santeri Kallio<\/strong> Amorphiksesta toteaa, ett\u00e4<\/p>\n<p>T\u00e4ss\u00e4 ammatissa ei sovi sekoilla, lentoja ei missata, keikalta ei my\u00f6h\u00e4styt\u00e4 eik\u00e4 pilkku tule yll\u00e4tyksen\u00e4. Kaiken t\u00e4m\u00e4n lis\u00e4ksi pit\u00e4\u00e4 n\u00e4ytt\u00e4\u00e4 tyylikk\u00e4\u00e4lt\u00e4. Eik\u00e4 haittaa vaikka putoaisi j\u00e4rveen. Vedenpit\u00e4v\u00e4 \"On The Dark Waters\" kello pit\u00e4\u00e4 aikatauluista huolen.<\/p>\n<p><strong>Mist\u00e4 oikein on kyse? <\/strong><\/p>\n<p><strong>Esa Holopainen<\/strong>Amorphiksen perustajaj\u00e4sen Esa Holopainen valottaa kellon taustoja:<\/p>\n<p>Itselleni kelloista on muodostunut hieno harrastus mik\u00e4 on vienyt lujaa menness\u00e4\u00e4n. Aika usein huomaan juttelevani tuttujen ja tuntemattomien ihmisten kanssa kelloista ja niiden ominaisuuksista. Kelloharrastajat ovat yksinkertaisesti huippuryhm\u00e4\u00e4. Kellot itsess\u00e4\u00e4n ovat upeita ja ihmeellisi\u00e4 hienomekaniikan taidonn\u00e4ytteit\u00e4. Kello voi olla kantajalleen pelkk\u00e4 ajann\u00e4ytt\u00e4j\u00e4, ty\u00f6kalu, koru, kannanotto tai kaikkea n\u00e4it\u00e4 yhdess\u00e4. N\u00e4ihin substantiiveihin kulminoituu hienosti Amorphis \u201dOn The Dark Waters\u201d -kello joka on toteutettu yhteisty\u00f6ss\u00e4 kellovalmistajan kanssa <strong>Pook Watches<\/strong>.<\/p>\n<p>Meille oli t\u00e4rke\u00e4\u00e4 ett\u00e4 koneisto on automaattinen. My\u00f6skin kellon rungon koko (38.5mm) on klassinen ja sopii melkein kaiken kokoiselle k\u00e4ytt\u00e4j\u00e4lle. Kellon syd\u00e4mmen\u00e4 sykkii japanilainen Miyota 8215-koneisto mik\u00e4 puolestaan kest\u00e4\u00e4 rajummatkin kiertueet ja sukellukset. <strong>Andreas<\/strong> onnistui luomaan kellotauluun upeasti pelkistetty\u00e4 Kalevalaista tunnelmaa tehden siit\u00e4 meid\u00e4n n\u00e4k\u00f6isen niin ei voi olla kun tyytyv\u00e4inen. \u201dOn The Dark Waters\u201d tulee varmasti saamaan runsaasti ranneaikaa.<\/p>\n<p>Kellon on suunnitellut Amorphiksen kanssa yhteisty\u00f6ss\u00e4 Pook Watchesin kellojen suunnittelusta vastaava Andreas Prepula. Kellon runko on ruostumatonta ter\u00e4st\u00e4, ja komponenttivalinnat on tehty muutenkin sit\u00e4 silm\u00e4ll\u00e4pit\u00e4en, ett\u00e4 kello kest\u00e4isi menossa mukana pitk\u00e4\u00e4n. Kellot kootaan Joensuussa, ja niille my\u00f6nnet\u00e4\u00e4n poikkeuksellisen pitk\u00e4 3 vuoden takuu. Kellon pitk\u00e4n k\u00e4ytt\u00f6i\u00e4n takaa se, ett\u00e4 t\u00e4t\u00e4 kelloa pystyy kellosepp\u00e4 helposti my\u00f6s huoltamaan. Kellon ulkoasuun haettiin yhdess\u00e4 sopivia elementtej\u00e4 ja Amorphikselle ominaisia yksityiskohtia. Halusimme kelloon nimenomaan t\u00e4h\u00e4n kappaleeseen sopivaa visuaalisuutta, ja sunburst-taulun my\u00f6t\u00e4 siihen my\u00f6s p\u00e4\u00e4stiin loistavasti.<\/p>\n<div class=\"QmZWSe\">\n<div class=\"DHcWmd\">\n<div id=\"tw-target\">\n<div id=\"kAz1tf\" class=\"g9WsWb\">\n<div id=\"tw-target-text-container\" class=\"tw-ta-container hide-focus-ring tw-nfl\" tabindex=\"0\">\n<p>&nbsp;<\/p>\n<\/div>\n<\/div>\n<\/div>\n<\/div>\n<\/div>\n<div class=\"su-box su-box-style-default\" id=\"\" style=\"border-color:#000000;border-radius:2px;max-width:none\"><div class=\"su-box-title\" style=\"background-color:#333333;color:#FFFFFF;border-top-left-radius:0px;border-top-right-radius:0px\">Ominaisuudet<\/div><div class=\"su-box-content su-u-clearfix su-u-trim\" style=\"border-bottom-left-radius:0px;border-bottom-right-radius:0px\">\n<div class=\"su-column su-column-size-1-2 su-column-centered\"><div class=\"su-column-inner su-u-clearfix su-u-trim\">RUNKO: 316L RUOSTUMATON TER\u00c4S<\/div><\/div>\n<div class=\"su-column su-column-size-1-2 su-column-centered\"><div class=\"su-column-inner su-u-clearfix su-u-trim\">VEDON TALTEENOTTOKYKY NOIN 41 TUNTIA<\/div><\/div>\n<div class=\"su-column su-column-size-1-2 su-column-centered\"><div class=\"su-column-inner su-u-clearfix su-u-trim\">TOIMINNOT:  TUNNIT, MINUUTIT, SEKUNNIT<\/div><\/div>\n<div class=\"su-column su-column-size-1-2 su-column-centered\"><div class=\"su-column-inner su-u-clearfix su-u-trim\">TAKAKANSI: RUUVILUKITTEINEN<\/div><\/div>\n<div class=\"su-column su-column-size-1-2 su-column-centered\"><div class=\"su-column-inner su-u-clearfix su-u-trim\">KOKO: 38,5mm ILMAN KRUUNUA<\/div><\/div>\n<div class=\"su-column su-column-size-1-2 su-column-centered\"><div class=\"su-column-inner su-u-clearfix su-u-trim\">RUUVILUKITTEINEN TER\u00c4S KRUUNU KAIVERRUKSELLA<\/div><\/div>\n<div class=\"su-column su-column-size-1-2 su-column-centered\"><div class=\"su-column-inner su-u-clearfix su-u-trim\">KOTELON PAKSUUS: 13mm<\/div><\/div>\n<div class=\"su-column su-column-size-1-2 su-column-centered\"><div class=\"su-column-inner su-u-clearfix su-u-trim\">RANNEKKEEN JOUSITAPPI: 20mm<\/div><\/div>\n<div class=\"su-column su-column-size-1-2 su-column-centered\"><div class=\"su-column-inner su-u-clearfix su-u-trim\">KONEISTO: AUTOMAATTINEN Citizen by <strong>Mi\u00fdota<\/strong> 8215 <a href=\"https:\/\/miyotamovement.com\/uploads\/product\/158\/pdf\/1810271737242k5kt.pdf\"> LINKKI OHJEESEEN<\/a><\/div><\/div>\n<div class=\"su-column su-column-size-1-2 su-column-centered\"><div class=\"su-column-inner su-u-clearfix su-u-trim\">LASIKE: SAFIIRILASI<\/div><\/div>\n<div class=\"su-column su-column-size-1-2 su-column-centered\"><div class=\"su-column-inner su-u-clearfix su-u-trim\">POOKWATCHES SARJANUMEROITU<\/div><\/div>\n<div class=\"su-column su-column-size-1-2 su-column-centered\"><div class=\"su-column-inner su-u-clearfix su-u-trim\">OSOITTIMET: JAPANI LUME<\/div><\/div>\n<div class=\"su-column su-column-size-1-2 su-column-centered\"><div class=\"su-column-inner su-u-clearfix su-u-trim\">TAULU: MATTA TUMMA HARMAA\/MUSTA, KUVIOITU, JAPANI LUME, GILT TYYLINEN TAULU<\/div><\/div>\n<div class=\"su-column su-column-size-1-2 su-column-centered\"><div class=\"su-column-inner su-u-clearfix su-u-trim\">RANNEKE: PARANATO (JOUSTAVA) - TAI VALINNAINEN <\/div><\/div>\n<div class=\"su-column su-column-size-1-2 su-column-centered\"><div class=\"su-column-inner su-u-clearfix su-u-trim\">VEDENPIT\u00c4VYYS LUOKKA: 10ATM \/ 10BAR \/ ~100M \/ 328FT<\/div><\/div>\n<a href=\"https:\/\/official.pookwatches.com\/privacy-policy\/\" class=\"su-button su-button-style-ghost\" style=\"color:#000000;background-color:#000000;border-color:#000000;border-radius:5px\" target=\"_blank\" rel=\"noopener noreferrer\"><span style=\"color:#000000;padding:0px 16px;font-size:13px;line-height:26px;border-color:#4d4d4d;border-radius:5px;text-shadow:none\">  36 KUUKAUDEN RAJOITETTU TAKUU<\/span><\/a>\n<div class=\"su-column su-column-size-1-2 su-column-centered\"><div class=\"su-column-inner su-u-clearfix su-u-trim\">TAKUUKORTTI: S\u00c4HK\u00d6INEN TAKUUKORTTI<\/div><\/div>\n<\/div><\/div>","protected":false},"excerpt":{"rendered":"<p>AMORPHIS TO CO-OPERATE WITH EASTERN FINLAND POOK WATCHES Amorphis, the Finnish giant of the heavy metal, has made a new Halo album. A watch called Pook On The Dark Waters was released on January 28th 2022, at the same day that single \u201cOn the Dark Waters\u201d from new album was also released. Santeri Kallio from [&#8230;]\n","protected":false},"featured_media":12381,"template":"","meta":[],"product_brand":[],"product_cat":[224],"product_tag":[],"class_list":{"0":"post-12380","1":"product","2":"type-product","3":"status-publish","4":"has-post-thumbnail","6":"product_cat-previous-models","7":"product_shipping_class-packet-sizes","9":"first","10":"outofstock","11":"taxable","12":"shipping-taxable","13":"product-type-simple"},"jetpack_sharing_enabled":true,"_links":{"self":[{"href":"https:\/\/official.pookwatches.com\/fi\/wp-json\/wp\/v2\/product\/12380","targetHints":{"allow":["GET"]}}],"collection":[{"href":"https:\/\/official.pookwatches.com\/fi\/wp-json\/wp\/v2\/product"}],"about":[{"href":"https:\/\/official.pookwatches.com\/fi\/wp-json\/wp\/v2\/types\/product"}],"wp:featuredmedia":[{"embeddable":true,"href":"https:\/\/official.pookwatches.com\/fi\/wp-json\/wp\/v2\/media\/12381"}],"wp:attachment":[{"href":"https:\/\/official.pookwatches.com\/fi\/wp-json\/wp\/v2\/media?parent=12380"}],"wp:term":[{"taxonomy":"product_brand","embeddable":true,"href":"https:\/\/official.pookwatches.com\/fi\/wp-json\/wp\/v2\/product_brand?post=12380"},{"taxonomy":"product_cat","embeddable":true,"href":"https:\/\/official.pookwatches.com\/fi\/wp-json\/wp\/v2\/product_cat?post=12380"},{"taxonomy":"product_tag","embeddable":true,"href":"https:\/\/official.pookwatches.com\/fi\/wp-json\/wp\/v2\/product_tag?post=12380"}],"curies":[{"name":"wp","href":"https:\/\/api.w.org\/{rel}","templated":true}]}}