{"id":11970,"date":"2021-11-30T18:24:02","date_gmt":"2021-11-30T16:24:02","guid":{"rendered":"https:\/\/official.pookwatches.com\/?post_type=product&#038;p=11970"},"modified":"2024-05-27T14:58:48","modified_gmt":"2024-05-27T11:58:48","slug":"watch-strap-pook-diver","status":"publish","type":"product","link":"https:\/\/official.pookwatches.com\/fi\/tuote\/watch-strap-pook-diver\/","title":{"rendered":"Kello ranneke Pook Sukeltaja"},"content":{"rendered":"<p>Pookwatches Sukeltaja ranneke on moderni, eritt\u00e4in joustava versio perinteisest\u00e4 sukeltajan kellon rannekkeesta, jota on valmistettu sukelluskellojen syntym\u00e4st\u00e4 l\u00e4htien. Sukeltaja ranneke on paras valinta kaikkeen vesiurheiluun. Pookwatches Sukeltaja -rannekkemateriaali on laadukasta FKM-kumia jolla on erinomainen l\u00e4mm\u00f6nkest\u00e4vyys sek\u00e4 materiaali tuntuu hyv\u00e4lt\u00e4 ihoa vasten. Pookwatches Sukeltaja -rannekkeessa on pikalukitusmekanismi.<\/p>\n<p>Koko on 22mm.<\/p>","protected":false},"excerpt":{"rendered":"<p>The Pookwatches Diver strap is a modern, extremely flexible version of the traditional diver watch straps that has been made since the birth of dive watches. The diver strap is best choice for all water activities. The Pookwatches diver watch strap material is made of high-quality FKM rubber, the watch straps with a modern standard [&#8230;]\n","protected":false},"featured_media":11973,"template":"","meta":[],"product_brand":[],"product_cat":[135],"product_tag":[],"class_list":{"0":"post-11970","1":"product","2":"type-product","3":"status-publish","4":"has-post-thumbnail","6":"product_cat-watch-straps","7":"product_shipping_class-letter-size-shipment","9":"first","10":"instock","11":"taxable","12":"shipping-taxable","13":"purchasable","14":"product-type-simple"},"jetpack_sharing_enabled":true,"_links":{"self":[{"href":"https:\/\/official.pookwatches.com\/fi\/wp-json\/wp\/v2\/product\/11970","targetHints":{"allow":["GET"]}}],"collection":[{"href":"https:\/\/official.pookwatches.com\/fi\/wp-json\/wp\/v2\/product"}],"about":[{"href":"https:\/\/official.pookwatches.com\/fi\/wp-json\/wp\/v2\/types\/product"}],"wp:featuredmedia":[{"embeddable":true,"href":"https:\/\/official.pookwatches.com\/fi\/wp-json\/wp\/v2\/media\/11973"}],"wp:attachment":[{"href":"https:\/\/official.pookwatches.com\/fi\/wp-json\/wp\/v2\/media?parent=11970"}],"wp:term":[{"taxonomy":"product_brand","embeddable":true,"href":"https:\/\/official.pookwatches.com\/fi\/wp-json\/wp\/v2\/product_brand?post=11970"},{"taxonomy":"product_cat","embeddable":true,"href":"https:\/\/official.pookwatches.com\/fi\/wp-json\/wp\/v2\/product_cat?post=11970"},{"taxonomy":"product_tag","embeddable":true,"href":"https:\/\/official.pookwatches.com\/fi\/wp-json\/wp\/v2\/product_tag?post=11970"}],"curies":[{"name":"wp","href":"https:\/\/api.w.org\/{rel}","templated":true}]}}