{"id":11955,"date":"2021-11-27T18:06:25","date_gmt":"2021-11-27T16:06:25","guid":{"rendered":"https:\/\/official.pookwatches.com\/?post_type=product&#038;p=11955"},"modified":"2023-11-13T11:16:13","modified_gmt":"2023-11-13T09:16:13","slug":"ilmari40-limited","status":"publish","type":"product","link":"https:\/\/official.pookwatches.com\/fi\/tuote\/ilmari40-limited\/","title":{"rendered":"Ilmari40"},"content":{"rendered":"<p>The name Ilmari 40 connects directly to Andreas Prepula&#8217;s family history.<\/p>\n<p style=\"text-align: left;\">Ilmari Prepula syntyi v. 1906 Lapualla, ja kasvoi Pohjanmaalla aikuiseksi.<br \/>\nNuorena miehen\u00e4 Ilmari kiersi Suomessa erilaisilla rakennusty\u00f6mailla tehden sep\u00e4n ja niittaajan t\u00f6it\u00e4.<\/p>\n<p style=\"text-align: left;\"><img data-recalc-dims=\"1\" loading=\"lazy\" decoding=\"async\" class=\"alignnone wp-image-9888\" src=\"https:\/\/i0.wp.com\/official.pookwatches.com\/wp-content\/uploads\/2020\/12\/ilmari-23-1536x1183-1.jpg?resize=590%2C454&#038;ssl=1\" alt=\"\" width=\"590\" height=\"454\" \/><\/p>\n<p style=\"text-align: left;\">Ty\u00f6maat olivat monesti kaukana kotiseudulta ja kestiv\u00e4t monesti kuukausia, ellei vuosia kerrallaan. El\u00e4m\u00e4 oli kovaa ja rankkaa, elanto otettiin ruumiillista ty\u00f6t\u00e4 tekem\u00e4ll\u00e4.<\/p>\n<p style=\"text-align: left;\">El\u00e4m\u00e4nilo pulppusi Ilmarista monien hauskojen tarinoiden kertomisen muodossa. Ilmari tunnettiin my\u00f6s eritt\u00e4in kovana piippumiehen\u00e4, kuten monet tuohon aikaan tekiv\u00e4t, ja h\u00e4n saattoi jopa her\u00e4t\u00e4 keskell\u00e4 y\u00f6t\u00e4 polttamaan piipullisen tai pari.<\/p>\n<p>Suomi joutui 1939 talvisotaan, ja Ilmarin osana oli taistella kovassa pakkasessa pohjoisessa Sallassa Rakuunarykmentiss\u00e4.<br \/>\nSota p\u00e4\u00e4ttyi talven antaessa periksi 1940 maaliskuussa. Ilmari palasi kotiin, tuli v\u00e4lirauhan aika.<br \/>\nIlmari l\u00f6ysi puolison Aili Marja Erkkil\u00e4n Kokkolasta ja he meniv\u00e4tkin naimisiin v. 1941 kev\u00e4\u00e4ll\u00e4.<\/p>\n<p>Vuosi 1941 oli hyvin monella tapaa Suomessa myllerryksen aikaa. Kev\u00e4\u00e4ll\u00e4 1941 naimisiin menneet Aili ja Ilmari saivat samana kes\u00e4n\u00e4 ensimm\u00e4isen lapsensa, Seppo Ilmari Prepula, valitettavasti Sepon kaksois sisar kuoli synnytyksess\u00e4.<br \/>\nKolme viikkoa my\u00f6hemmin tuore is\u00e4 l\u00e4hti taas rintamalle suomen jatkosodan alkaessa.<\/p>\n<p>Sotapolku eteni kohti it\u00e4\u00e4, suomalaiset valtasivat takaisin Talvisodassa menetettyj\u00e4 alueita. Syv\u00e4sti is\u00e4nmaallinen Ilmari Prepula kaatui kahden kuukauden kuluttua Karjalan Kannaksella Sotj\u00e4rvell\u00e4 kiivaissa taisteluissa neuvostojoukkoja vastaan.<br \/>\nNuoresta Ailista tuli leski, ja h\u00e4n asettui Kokkolaan poikansa Sepon kanssa.<\/p>\n<p>Murroksen aika kesti v. 1941 vain muutaman viikon.<br \/>\nT\u00e4m\u00e4 kello kunnioittaa ennen kaikkea Ilmari Prepulaa, Andreaksen isois\u00e4n, muistoa.<\/p>\n<p>&nbsp;<\/p>\n<p>Ilmari40 kelloilla on 3 vuoden takuu, tilauksia voi tehd\u00e4 t\u00e4st\u00e4 p\u00e4iv\u00e4st\u00e4 alkaen. Tuotantoaika tilauksesta alkaen sek\u00e4 j\u00e4rjestyksess\u00e4 1-5 viikkoa.<\/p>\n<p>Ilmari 40 on Andreas Prepulan suunnittelema automaattikello. Kellossa on automaattinen SWISS ETA 2824-2 -koneisto ja ruostumattomasta ter\u00e4ksest\u00e4 valmistettu runko.<br \/>\nIlmari 40 kellon taulu on valmistettu k\u00e4sity\u00f6n\u00e4 vanhasta Suomi konepistoolin lippaasta.<br \/>\nKruunu on kierrett\u00e4v\u00e4, ja vesitiiveys on 100m. Kellolle annetaan 3 vuoden takuu.<\/p>\n<p>T\u00e4m\u00e4 kello rakennetaan jokaisesta tilauksestaan, kello ei ole varastotuote.<br \/>\n<strong><div class=\"su-box su-box-style-default\" id=\"\" style=\"border-color:#000000;border-radius:2px;max-width:none\"><div class=\"su-box-title\" style=\"background-color:#333333;color:#FFFFFF;border-top-left-radius:0px;border-top-right-radius:0px\">Ominaisuudet<\/div><div class=\"su-box-content su-u-clearfix su-u-trim\" style=\"border-bottom-left-radius:0px;border-bottom-right-radius:0px\">\n<\/strong><\/p>\n<div class=\"su-column su-column-size-1-2 su-column-centered\"><div class=\"su-column-inner su-u-clearfix su-u-trim\">RUNKO: 316L RUOSTUMATON TER\u00c4S<\/div><\/div>\n<div class=\"su-column su-column-size-1-2 su-column-centered\"><div class=\"su-column-inner su-u-clearfix su-u-trim\">VEDON TALTEENOTTOKYKY NOIN 38 TUNTIA<\/div><\/div>\n<div class=\"su-column su-column-size-1-2 su-column-centered\"><div class=\"su-column-inner su-u-clearfix su-u-trim\">TOIMINNOT:  TUNNIT, MINUUTIT, SEKUNNIT<\/div><\/div>\n<div class=\"su-column su-column-size-1-2 su-column-centered\"><div class=\"su-column-inner su-u-clearfix su-u-trim\">TAKAKANSI: RUUVILUKITTEINEN<\/div><\/div>\n<div class=\"su-column su-column-size-1-2 su-column-centered\"><div class=\"su-column-inner su-u-clearfix su-u-trim\">KOTELON KOKO: 41mm ilman kruunua<\/div><\/div>\n<div class=\"su-column su-column-size-1-2 su-column-centered\"><div class=\"su-column-inner su-u-clearfix su-u-trim\">RUUVILUKITTEINEN TER\u00c4S KRUUNU KAIVERRUKSELLA<\/div><\/div>\n<div class=\"su-column su-column-size-1-2 su-column-centered\"><div class=\"su-column-inner su-u-clearfix su-u-trim\">KOTELON PAKSUUS: 13mm<\/div><\/div>\n<div class=\"su-column su-column-size-1-2 su-column-centered\"><div class=\"su-column-inner su-u-clearfix su-u-trim\">RANNEKKEEN LEVEYS: 22mm<\/div><\/div>\n<div class=\"su-column su-column-size-1-2 su-column-centered\"><div class=\"su-column-inner su-u-clearfix su-u-trim\">KONEISTO: <strong>SWISS ETA<\/strong> 2824-2 <a href=\"https:\/\/calibercorner.com\/eta-caliber-2824-2\/\">LINKKI OHJEESEEN<\/a><\/div><\/div>\n<div class=\"su-column su-column-size-1-2 su-column-centered\"><div class=\"su-column-inner su-u-clearfix su-u-trim\">LASIKE: SAFIIRILASI HEIJASTUKSEN ESTO PINNOITTEELLA<\/div><\/div>\n<div class=\"su-column su-column-size-1-2 su-column-centered\"><div class=\"su-column-inner su-u-clearfix su-u-trim\">SARJANUMEROITU 10 kpl.<\/div><\/div>\n<div class=\"su-column su-column-size-1-2 su-column-centered\"><div class=\"su-column-inner su-u-clearfix su-u-trim\">OSOITTIMET: SWISS LUME<\/div><\/div>\n<div class=\"su-column su-column-size-1-2 su-column-centered\"><div class=\"su-column-inner su-u-clearfix su-u-trim\">KELLOTAULU: K\u00c4SINTEHTY, SUOMI KP LIPPAAN OSASTA<\/div><\/div>\n<div class=\"su-column su-column-size-1-2 su-column-centered\"><div class=\"su-column-inner su-u-clearfix su-u-trim\">RANNEKE: NAHKA RANNEKE<\/div><\/div>\n<div class=\"su-column su-column-size-1-2 su-column-centered\"><div class=\"su-column-inner su-u-clearfix su-u-trim\">VEDENPIT\u00c4VYYS LUOKKA: 10ATM \/ 10BAR \/ ~100M \/ 328FT<\/div><\/div>\n<div class=\"su-column su-column-size-1-2 su-column-centered\"><div class=\"su-column-inner su-u-clearfix su-u-trim\">ULKOKEH\u00c4: TER\u00c4S<\/div><\/div>\n<a href=\"https:\/\/official.pookwatches.com\/privacy-policy\/\" class=\"su-button su-button-style-ghost\" style=\"color:#000000;background-color:#000000;border-color:#000000;border-radius:5px\" target=\"_blank\" rel=\"noopener noreferrer\"><span style=\"color:#000000;padding:0px 16px;font-size:13px;line-height:26px;border-color:#4d4d4d;border-radius:5px;text-shadow:none\">  36 KUUKAUDEN RAJOITETTU TAKUU<\/span><\/a>\n<div class=\"su-column su-column-size-1-2 su-column-centered\"><div class=\"su-column-inner su-u-clearfix su-u-trim\">TAKUUKORTTI: S\u00c4HK\u00d6INEN TAKUUKORTTI<\/div><\/div>\n<\/div><\/div>","protected":false},"excerpt":{"rendered":"<p>The name Ilmari 40 connects directly to Andreas Prepula&#8217;s family history. Ilmari Prepula was born in 1906 in Lapua and spent his childhood in Ostrobothnia. As a young man, Ilmari toured Finland on various construction sites, working as a blacksmith and riveter. Construction sites were often taken far from home and often lasted for months, [&#8230;]\n","protected":false},"featured_media":11956,"template":"","meta":[],"product_brand":[],"product_cat":[224],"product_tag":[],"class_list":{"0":"post-11955","1":"product","2":"type-product","3":"status-publish","4":"has-post-thumbnail","6":"product_cat-previous-models","7":"product_shipping_class-packet-sizes","9":"first","10":"outofstock","11":"taxable","12":"shipping-taxable","13":"product-type-simple"},"jetpack_sharing_enabled":true,"_links":{"self":[{"href":"https:\/\/official.pookwatches.com\/fi\/wp-json\/wp\/v2\/product\/11955","targetHints":{"allow":["GET"]}}],"collection":[{"href":"https:\/\/official.pookwatches.com\/fi\/wp-json\/wp\/v2\/product"}],"about":[{"href":"https:\/\/official.pookwatches.com\/fi\/wp-json\/wp\/v2\/types\/product"}],"wp:featuredmedia":[{"embeddable":true,"href":"https:\/\/official.pookwatches.com\/fi\/wp-json\/wp\/v2\/media\/11956"}],"wp:attachment":[{"href":"https:\/\/official.pookwatches.com\/fi\/wp-json\/wp\/v2\/media?parent=11955"}],"wp:term":[{"taxonomy":"product_brand","embeddable":true,"href":"https:\/\/official.pookwatches.com\/fi\/wp-json\/wp\/v2\/product_brand?post=11955"},{"taxonomy":"product_cat","embeddable":true,"href":"https:\/\/official.pookwatches.com\/fi\/wp-json\/wp\/v2\/product_cat?post=11955"},{"taxonomy":"product_tag","embeddable":true,"href":"https:\/\/official.pookwatches.com\/fi\/wp-json\/wp\/v2\/product_tag?post=11955"}],"curies":[{"name":"wp","href":"https:\/\/api.w.org\/{rel}","templated":true}]}}