{"id":11919,"date":"2021-11-18T18:30:38","date_gmt":"2021-11-18T16:30:38","guid":{"rendered":"https:\/\/official.pookwatches.com\/?post_type=product&#038;p=11919"},"modified":"2024-05-24T16:48:58","modified_gmt":"2024-05-24T13:48:58","slug":"watch-strap-pook-tropical","status":"publish","type":"product","link":"https:\/\/official.pookwatches.com\/fi\/tuote\/watch-strap-pook-tropical\/","title":{"rendered":"Kello ranneke Pook Tropical"},"content":{"rendered":"<p>Pookwatches Tropical ranneke on moderni joustava versio perinteisest\u00e4 Tropical kellon rannekkeesta, jota on valmistettu sukelluskellojen syntym\u00e4st\u00e4 l\u00e4htien. Tropical ranneke on paras valinta kaikkeen vesiurheiluun. Pookwatches Tropical -rannekkemateriaali on laadukasta FKM-kumia jolla on erinomainen l\u00e4mm\u00f6nkest\u00e4vyys sek\u00e4 materiaali tuntuu hyv\u00e4lt\u00e4 ihoa vasten. Pookwatches Tropical rannekkeessa on pikalukitusmekanismi.<\/p>\n<p>Available in 20mm version POOK size and black\/orange colours.<\/p>","protected":false},"excerpt":{"rendered":"<p>The Pookwatches Tropical POOK Watch straps are a modern flexible version of the traditional tropical watch straps that has been made since the birth of dive watches. The tropical strap is best choice for all water activities. The Pookwatches Tropical watch strap material is made of high-quality FKM rubber, the watch straps with a modern [&#8230;]\n","protected":false},"featured_media":11920,"template":"","meta":[],"product_brand":[],"product_cat":[135],"product_tag":[],"class_list":{"0":"post-11919","1":"product","2":"type-product","3":"status-publish","4":"has-post-thumbnail","6":"product_cat-watch-straps","7":"product_shipping_class-letter-size-shipment","9":"first","10":"instock","11":"taxable","12":"shipping-taxable","13":"purchasable","14":"product-type-variable"},"jetpack_sharing_enabled":true,"_links":{"self":[{"href":"https:\/\/official.pookwatches.com\/fi\/wp-json\/wp\/v2\/product\/11919","targetHints":{"allow":["GET"]}}],"collection":[{"href":"https:\/\/official.pookwatches.com\/fi\/wp-json\/wp\/v2\/product"}],"about":[{"href":"https:\/\/official.pookwatches.com\/fi\/wp-json\/wp\/v2\/types\/product"}],"wp:featuredmedia":[{"embeddable":true,"href":"https:\/\/official.pookwatches.com\/fi\/wp-json\/wp\/v2\/media\/11920"}],"wp:attachment":[{"href":"https:\/\/official.pookwatches.com\/fi\/wp-json\/wp\/v2\/media?parent=11919"}],"wp:term":[{"taxonomy":"product_brand","embeddable":true,"href":"https:\/\/official.pookwatches.com\/fi\/wp-json\/wp\/v2\/product_brand?post=11919"},{"taxonomy":"product_cat","embeddable":true,"href":"https:\/\/official.pookwatches.com\/fi\/wp-json\/wp\/v2\/product_cat?post=11919"},{"taxonomy":"product_tag","embeddable":true,"href":"https:\/\/official.pookwatches.com\/fi\/wp-json\/wp\/v2\/product_tag?post=11919"}],"curies":[{"name":"wp","href":"https:\/\/api.w.org\/{rel}","templated":true}]}}