{"id":11798,"date":"2021-11-06T10:32:52","date_gmt":"2021-11-06T08:32:52","guid":{"rendered":"https:\/\/official.pookwatches.com\/?post_type=product&#038;p=11798"},"modified":"2023-11-13T11:16:31","modified_gmt":"2023-11-13T09:16:31","slug":"sukeltaja","status":"publish","type":"product","link":"https:\/\/official.pookwatches.com\/fi\/tuote\/sukeltaja\/","title":{"rendered":"Pook Sukeltaja"},"content":{"rendered":"<p data-wp-editing=\"1\"><img data-recalc-dims=\"1\" loading=\"lazy\" decoding=\"async\" class=\"wp-image-9219 alignright\" src=\"https:\/\/i0.wp.com\/official.pookwatches.com\/wp-content\/uploads\/2020\/02\/36664426_1739671289485037_7744871266519089152_o.jpg?resize=231%2C371&#038;ssl=1\" alt=\"\" width=\"231\" height=\"371\" \/><span class=\"VIiyi\" lang=\"en\"><span class=\"JLqJ4b\" data-language-for-alternatives=\"en\" data-language-to-translate-into=\"fi\" data-phrase-index=\"0\" data-number-of-phrases=\"1\">T\u00e4ss\u00e4 se on, sukelluskello 70's tyyliin. Kellossa  on l\u00e4hes t\u00e4ysin luminoiva taulu jonka swiss lumetetut osoittimet n\u00e4ytt\u00e4v\u00e4t aikaa h\u00e4m\u00e4riss\u00e4kin olosuhteissa. Ter\u00e4ksinen ulkokuori, 200 metrin vedenkest\u00e4vyys sek\u00e4 hyvin luminoiva lasinen ulkokeh\u00e4. Pookwatches on sukelluskelloja valmistava yritys Liperist\u00e4 It\u00e4-Suomesta. Sukelluskelloissamme n\u00e4kyy kellosuunnittelijan Andreas Prepulan oma ainutlaatuinen k\u00e4denj\u00e4lki. <\/span><\/span><\/p>\n<p data-wp-editing=\"1\"><span class=\"VIiyi\" lang=\"en\"><span class=\"JLqJ4b\" data-language-for-alternatives=\"en\" data-language-to-translate-into=\"fi\" data-phrase-index=\"0\" data-number-of-phrases=\"1\">Arvostamme 60- ja 70- lukujen sukelluskellojen ulkoisia tunnusmerkkej\u00e4 ja tyyli\u00e4, ja tuon aikakauden vaikutteet ovat havaittavissa my\u00f6s Pook Sukeltaja-mallissa. <\/span><\/span><span class=\"VIiyi\" lang=\"en\"><span class=\"JLqJ4b\" data-language-for-alternatives=\"en\" data-language-to-translate-into=\"fi\" data-phrase-index=\"0\" data-number-of-phrases=\"1\">T\u00e4m\u00e4n mallin juuret viev\u00e4t meid\u00e4t Andreas ja Seppo Prepulan sukellusseikkailuihin merelle. Monesti seikkailut kohdistuivat Suomen vanhimman majakan, Ly\u00f6kin Pookin alueelle. 80-luvun alussa Andreaksen is\u00e4 viiden muun sukeltajan kanssa nosti merenpohjasta vanhan ankkurin, joka nykyisin on n\u00e4ht\u00e4vill\u00e4 Uudenkaupungin museossa. Andreas seurasi pienen\u00e4 poikana, kun ankkuri nostettiin sukeltajien toimesta 40 metrin syvyydest\u00e4. <\/span><\/span><\/p>\n<p data-wp-editing=\"1\"><span class=\"VIiyi\" lang=\"en\"><span class=\"JLqJ4b\" data-language-for-alternatives=\"en\" data-language-to-translate-into=\"fi\" data-phrase-index=\"0\" data-number-of-phrases=\"1\">Seppo Prepula aloitti sukeltamisen 1967 Hangossa. Sielt\u00e4 h\u00e4n sukelsi meren pohjasta paljon kranaatteja ja vanhoja sotiemme aikaisia ammuksia, my\u00f6hemmin 70-luvulla Hangossa my\u00f6s paikansi muiden sukeltajien kanssa vanhoja ven\u00e4l\u00e4isi\u00e4 ammuksia, jotta ne voitiin turvallisesti tuhota r\u00e4j\u00e4ytt\u00e4m\u00e4ll\u00e4. H\u00e4n l\u00f6ysi Plussan l\u00e4hell\u00e4 sukeltaessaan hylyn luona sekstantin ja kyp\u00e4r\u00e4n 1968, jotka ovat nyky\u00e4\u00e4n n\u00e4ht\u00e4vill\u00e4 Maarianhaminassa museossa. Bomarsundin linnoituksen l\u00e4hell\u00e4 h\u00e4n kaivoi yl\u00f6s kanuunoita, ja siihen liittyvi\u00e4 ammuksia sek\u00e4 tietysti my\u00f6s ruutitankoa. Andreas tietenkin leikki lapsena t\u00e4ll\u00e4 aineella, sek\u00e4 menetti muutaman kerran kulmakarvansa siin\u00e4 puuhassaan. Sukelluksia tehtiin jopa 70 metriin asti Ecker\u00f6n edustalla, mutta hylky j\u00e4i sen retken aikana lopulta l\u00f6ytym\u00e4tt\u00e4. Herr\u00f6ssa Seppo sukelsi lukuisia kertoja Skiftetin hylyn luo, jota siivottiin sukellus turvalliseksi ja siit\u00e4 nostettiin museoviraston pyynn\u00f6st\u00e4 esineit\u00e4. Er\u00e4\u00e4n sukelluksen aikana Skiftetin hylyll\u00e4 h\u00e4n j\u00e4i kiinni regulaattoristaan hylyn putkistoihin, ja h\u00e4n joutui riisumaan varusteensa 25 metrin syvyydess\u00e4 p\u00e4\u00e4st\u00e4kseen pois. Seppo, Andreaksen is\u00e4, kommentoi tapahtunutta rauhalliseen tapaan tyylilleen uskollisesti vain pienen\u00e4 l\u00e4helt\u00e4 piti-tilanteena. <\/span><\/span><\/p>\n<p data-wp-editing=\"1\"><span class=\"VIiyi\" lang=\"en\"><span class=\"JLqJ4b\" data-language-for-alternatives=\"en\" data-language-to-translate-into=\"fi\" data-phrase-index=\"0\" data-number-of-phrases=\"1\">Seppo Prepulan ty\u00f6 suomalaisen sukellusharrastamisen parissa Uudenkaupungin ymp\u00e4rist\u00f6ss\u00e4 on edelleenkin merkitt\u00e4v\u00e4 ja siit\u00e4 n\u00e4kyvi\u00e4 merkkej\u00e4 l\u00f6ytyy monissa merenkulun museoissa suomessa.<\/span><\/span><\/p>\n<figure id=\"attachment_8988\" aria-describedby=\"caption-attachment-8988\" style=\"width: 170px\" class=\"wp-caption alignright\"><img data-recalc-dims=\"1\" loading=\"lazy\" decoding=\"async\" class=\"wp-image-8988\" src=\"https:\/\/i0.wp.com\/official.pookwatches.com\/wp-content\/uploads\/2020\/02\/pook-2.png?resize=170%2C202&#038;ssl=1\" alt=\"pookwatches.com\" width=\"170\" height=\"202\" \/><figcaption id=\"caption-attachment-8988\" class=\"wp-caption-text\">Siit\u00e4 se sitten l\u00e4hti..<\/figcaption><\/figure>\n<p data-wp-editing=\"1\"><span class=\"VIiyi\" lang=\"en\"><span class=\"JLqJ4b\" data-language-for-alternatives=\"en\" data-language-to-translate-into=\"fi\" data-phrase-index=\"0\" data-number-of-phrases=\"1\">T\u00e4h\u00e4n kellomalliimme halusimme tuoda visuaalisina elementtein\u00e4 niit\u00e4 tekij\u00f6it\u00e4, jotka yhdist\u00e4v\u00e4t kellon 70-luvun sukeltajien k\u00e4ytt\u00e4miin varusteisiin. Kellon haluttiin my\u00f6s ominaisuuksiltaan olevan aito ja k\u00e4ytt\u00f6\u00e4 kest\u00e4v\u00e4 sukelluskello, kellon vedenpaineen kest\u00e4vyys on 200 metri\u00e4. Kellon suunnittelijan Andreas Prepulan perheen juuret ja vuosikymmeni\u00e4 pitk\u00e4 perinne sukeltamisen parissa n\u00e4kyv\u00e4t t\u00e4ss\u00e4 kellossa Pook kellojen tyylin uskollisina tunnusmerkkein\u00e4.  T\u00e4m\u00e4n kellomallimme nimeksi ei voinut tulla mik\u00e4\u00e4n muu kuin Sukeltaja.<\/span><\/span><\/p>\n<p data-wp-editing=\"1\"><span class=\"VIiyi\" lang=\"en\"><span class=\"JLqJ4b\" data-language-for-alternatives=\"en\" data-language-to-translate-into=\"fi\" data-phrase-index=\"0\" data-number-of-phrases=\"1\">Sukeltaja kellomallia tehd\u00e4\u00e4n sadan kappaleen sarjanumeroitu er\u00e4, kellolla on kolmen vuoden takuu.<br \/>\n<\/span><\/span><\/p>\n<p data-wp-editing=\"1\"><span class=\"VIiyi\" lang=\"en\"><span class=\"JLqJ4b ChMk0b\" data-language-for-alternatives=\"en\" data-language-to-translate-into=\"fi\" data-phrase-index=\"0\" data-number-of-phrases=\"1\">Kelloon on saatavilla eri tilauksesta my\u00f6s ter\u00e4sranneke (t2) kuten tuotekuvassa.<\/span><\/span><\/p>\n<p>&nbsp;<\/p>\n<div class=\"su-box su-box-style-default\" id=\"\" style=\"border-color:#000000;border-radius:2px;max-width:none\"><div class=\"su-box-title\" style=\"background-color:#333333;color:#FFFFFF;border-top-left-radius:0px;border-top-right-radius:0px\">Ominaisuudet<\/div><div class=\"su-box-content su-u-clearfix su-u-trim\" style=\"border-bottom-left-radius:0px;border-bottom-right-radius:0px\">\n<div class=\"su-column su-column-size-1-2 su-column-centered\"><div class=\"su-column-inner su-u-clearfix su-u-trim\">RUNKO: 316L RUOSTUMATON TER\u00c4S<\/div><\/div>\n<div class=\"su-column su-column-size-1-2 su-column-centered\"><div class=\"su-column-inner su-u-clearfix su-u-trim\">VEDON TALTEENOTTOKYKY NOIN 41 TUNTIA<\/div><\/div>\n<div class=\"su-column su-column-size-1-2 su-column-centered\"><div class=\"su-column-inner su-u-clearfix su-u-trim\">TOIMINNOT:  TUNNIT, MINUUTIT, SEKUNNIT, P\u00c4IV\u00c4YS<\/div><\/div>\n<div class=\"su-column su-column-size-1-2 su-column-centered\"><div class=\"su-column-inner su-u-clearfix su-u-trim\">TAKAKANSI: RUUVILUKITTEINEN<\/div><\/div>\n<div class=\"su-column su-column-size-1-2 su-column-centered\"><div class=\"su-column-inner su-u-clearfix su-u-trim\">KOKO: 42mm ILMAN KRUUNUA, LASINEN ULKOKEH\u00c4<\/div><\/div>\n<div class=\"su-column su-column-size-1-2 su-column-centered\"><div class=\"su-column-inner su-u-clearfix su-u-trim\">RUUVILUKITTEINEN TER\u00c4S KRUUNU KAIVERRUKSELLA<\/div><\/div>\n<div class=\"su-column su-column-size-1-2 su-column-centered\"><div class=\"su-column-inner su-u-clearfix su-u-trim\">KOTELON PAKSUUS: 13mm<\/div><\/div>\n<div class=\"su-column su-column-size-1-2 su-column-centered\"><div class=\"su-column-inner su-u-clearfix su-u-trim\">RANNEKKEEN LEVEYS: 22mm<\/div><\/div>\n<div class=\"su-column su-column-size-1-2 su-column-centered\"><div class=\"su-column-inner su-u-clearfix su-u-trim\">KONEISTO: <strong>Mi\u00fdota automaatti<\/strong> 8215 <a href=\"https:\/\/miyotamovement.com\/uploads\/product\/158\/pdf\/1810271737242k5kt.pdf\"> LINKKI OHJEESEEN <\/a><\/div><\/div>\n<div class=\"su-column su-column-size-1-2 su-column-centered\"><div class=\"su-column-inner su-u-clearfix su-u-trim\">LASIKE: SAFIIRILASI HEIJASTUKSEN ESTO PINNOITTEELLA<\/div><\/div>\n<div class=\"su-column su-column-size-1-2 su-column-centered\"><div class=\"su-column-inner su-u-clearfix su-u-trim\">SARJANUMEROITU<\/div><\/div>\n<div class=\"su-column su-column-size-1-2 su-column-centered\"><div class=\"su-column-inner su-u-clearfix su-u-trim\">OSOITTIMET: SWISS LUME<\/div><\/div>\n<div class=\"su-column su-column-size-1-2 su-column-centered\"><div class=\"su-column-inner su-u-clearfix su-u-trim\">TAULU: LUMINOIVA KELLOTAULU<\/div><\/div>\n<div class=\"su-column su-column-size-1-2 su-column-centered\"><div class=\"su-column-inner su-u-clearfix su-u-trim\">PERINTEINEN SUKELTAJAN SILIKONI RANNEKE<\/div><\/div>\n<div class=\"su-column su-column-size-1-2 su-column-centered\"><div class=\"su-column-inner su-u-clearfix su-u-trim\">VEDENPIT\u00c4VYYS LUOKKA: 20ATM \/ 20BAR \/ ~200M \/ 656FT<\/div><\/div>\n<a href=\"https:\/\/official.pookwatches.com\/privacy-policy\/\" class=\"su-button su-button-style-ghost\" style=\"color:#000000;background-color:#000000;border-color:#000000;border-radius:5px\" target=\"_blank\" rel=\"noopener noreferrer\"><span style=\"color:#000000;padding:0px 16px;font-size:13px;line-height:26px;border-color:#4d4d4d;border-radius:5px;text-shadow:none\">  36 KUUKAUDEN RAJOITETTU TAKUU<\/span><\/a>\n<div class=\"su-column su-column-size-1-2 su-column-centered\"><div class=\"su-column-inner su-u-clearfix su-u-trim\">TAKUUKORTTI: S\u00c4HK\u00d6INEN TAKUUKORTTI<\/div><\/div>\n<\/div><\/div>","protected":false},"excerpt":{"rendered":"<p>Here it is, well lumed dial, powered with swiss lume watch hands, 200 m. steel case and glass bezel, the ultimate dive watch within the punch of 70&#8217;s look. Pook is a company that manufactures diving watches from Liperi in eastern Finland. Our dive watches show the handprint of the watch designer, Andreas Prepula. We [&#8230;]\n","protected":false},"featured_media":11908,"template":"","meta":[],"product_brand":[],"product_cat":[224],"product_tag":[],"class_list":{"0":"post-11798","1":"product","2":"type-product","3":"status-publish","4":"has-post-thumbnail","6":"product_cat-previous-models","7":"product_shipping_class-packet-sizes","9":"first","10":"outofstock","11":"taxable","12":"shipping-taxable","13":"product-type-simple"},"jetpack_sharing_enabled":true,"_links":{"self":[{"href":"https:\/\/official.pookwatches.com\/fi\/wp-json\/wp\/v2\/product\/11798","targetHints":{"allow":["GET"]}}],"collection":[{"href":"https:\/\/official.pookwatches.com\/fi\/wp-json\/wp\/v2\/product"}],"about":[{"href":"https:\/\/official.pookwatches.com\/fi\/wp-json\/wp\/v2\/types\/product"}],"wp:featuredmedia":[{"embeddable":true,"href":"https:\/\/official.pookwatches.com\/fi\/wp-json\/wp\/v2\/media\/11908"}],"wp:attachment":[{"href":"https:\/\/official.pookwatches.com\/fi\/wp-json\/wp\/v2\/media?parent=11798"}],"wp:term":[{"taxonomy":"product_brand","embeddable":true,"href":"https:\/\/official.pookwatches.com\/fi\/wp-json\/wp\/v2\/product_brand?post=11798"},{"taxonomy":"product_cat","embeddable":true,"href":"https:\/\/official.pookwatches.com\/fi\/wp-json\/wp\/v2\/product_cat?post=11798"},{"taxonomy":"product_tag","embeddable":true,"href":"https:\/\/official.pookwatches.com\/fi\/wp-json\/wp\/v2\/product_tag?post=11798"}],"curies":[{"name":"wp","href":"https:\/\/api.w.org\/{rel}","templated":true}]}}