{"id":11338,"date":"2021-06-25T10:52:08","date_gmt":"2021-06-25T07:52:08","guid":{"rendered":"https:\/\/e16a3c7593.nxcli.net\/?post_type=product&#038;p=11338"},"modified":"2023-11-13T10:33:16","modified_gmt":"2023-11-13T08:33:16","slug":"salpa","status":"publish","type":"product","link":"https:\/\/official.pookwatches.com\/fi\/tuote\/salpa\/","title":{"rendered":"Pook Salpa"},"content":{"rendered":"<p>Pook-Salpa kello on suunniteltu yhdess\u00e4 aktiivisten reservil\u00e4isten kanssa ja halusimme kertoa kellolla tarinan, joka on viel\u00e4 t\u00e4n\u00e4kin p\u00e4iv\u00e4n\u00e4 koko reservil\u00e4isty\u00f6n yhdist\u00e4v\u00e4 maanpuolustustahdon yhteinen aihe. Kellon nimeksi valikoitui Salpa.<\/p>\n<p>Salpalinja tai paremminkin alkuper\u00e4iselt\u00e4 nimelt\u00e4\u00e4n Suomen Salpa, on lopputulos \u00e4\u00e4rimm\u00e4isen kovasta, enimmill\u00e4\u00e4n 35.000 miehen ja 2.000 lotan ty\u00f6panoksesta, vuosina 1940-41 ja 1944.\u00a0<\/p>\n<p>Vuonna 1940 P\u00e4\u00e4majan suunnitelmien ja aloitteen pohjalta, alettiin rakentaa linnoitus linjaa, joka oli tarkoitettu pys\u00e4ytt\u00e4m\u00e4\u00e4n puna-armeijan Suomeen vy\u00f6ryv\u00e4 hy\u00f6kk\u00e4ys.<\/p>\n<p>Talvisodan j\u00e4lkeen aloitetun linnoitusty\u00f6n lopputuloksena syntyi 1.200 kilometri\u00e4 pitk\u00e4 puolustuslinja, joka tunnetaan ennen kaikkea sen betonisista, useimmiten kiilan muotoisia massiivisen kokoisista panssariesteist\u00e4\u00e4n. T\u00e4t\u00e4 suomen rajan tukirankaa ei koskaan kuitenkaan tarvittu, mutta varsinkin kes\u00e4ll\u00e4 1944 puna-armeijan suurhy\u00f6kk\u00e4yksen vy\u00f6ryess\u00e4 kohti l\u00e4ntt\u00e4 t\u00e4m\u00e4 oli Suomen puolustajille t\u00e4rke\u00e4 henkinen tukiranka.<\/p>\n<p>Pook Salpa on suomalainen kello joka kootaan Pook Watchesin kellopajalla Joensuussa.<\/p>\n<p>Kelloa myyd\u00e4\u00e4n kolmena eri versiona, jotka mukailevat kaikki suomen salpalinjan tarinaa.<\/p>\n<p>Yhteisty\u00f6kumppaninamme olevien reservil\u00e4isliittojen j\u00e4senet saavat oman kellonsa erikoispakkauksessa.\u00a0Reserviupseeriliiton j\u00e4senille kello toimitetaan pakattuna kentt\u00e4taskuun, jossa on RUL:n sininen logo velcro-kiinnityksell\u00e4.\u00a0Vastaavasti Reservil\u00e4isliiton j\u00e4senet saavat Pook Salpa-kellonsa kentt\u00e4taskuun pakattuna, jossa on velcro-kiinnityksell\u00e4 reservil\u00e4isliiton logo.\u00a0<\/p>\n<p>Koko yhten\u00e4inen kellomallisto on sarjanumeroitu alkamaan sarjanumerosta 1940.1. Kaikille malleille on 3 vuoden takuu. Kello maksaa 285 euroa (sis.alv) ja tuotteen valmistuksen varaus tapahtuu tilaamalla se ennakkoon.<\/p>\n<p>Kellojen toimitus ennakkotilaajille on alkanut. Toimitus kelloille tapahtuu tilausj\u00e4rjestyksess\u00e4.<\/p>\n<p>Suomen Salpalinja on yh\u00e4 t\u00e4n\u00e4\u00e4n Suomen suurin koskaan tehty rakennusty\u00f6maa. Se on uskomaton koko kansan maanpuolustustaidon voimann\u00e4yte ja t\u00e4n\u00e4 p\u00e4iv\u00e4n\u00e4 my\u00f6s suuri muistutus kaikki suomalaiset yhdist\u00e4v\u00e4st\u00e4 maanpuolustustahdosta. Se on my\u00f6s perusta suomalaiselle reservil\u00e4is ty\u00f6lle. Siksi Pook Salpa-kellojen myyntituotosta suoritamme yhdess\u00e4 RUL:n (ja Reservil\u00e4isliiton kanssa) osan suomalaisten sotaveteraanij\u00e4rjest\u00f6jen tukemiseen.<\/p>\n<div class=\"su-box su-box-style-default\" id=\"\" style=\"border-color:#000000;border-radius:2px;max-width:none\"><div class=\"su-box-title\" style=\"background-color:#333333;color:#FFFFFF;border-top-left-radius:0px;border-top-right-radius:0px\">Ominaisuudet<\/div><div class=\"su-box-content su-u-clearfix su-u-trim\" style=\"border-bottom-left-radius:0px;border-bottom-right-radius:0px\">\n<div class=\"su-column su-column-size-1-2 su-column-centered\"><div class=\"su-column-inner su-u-clearfix su-u-trim\">RUNKO: 316L RUOSTUMATON TER\u00c4S , MATTA PVD PINNOITE<\/div><\/div>\n<div class=\"su-column su-column-size-1-2 su-column-centered\"><div class=\"su-column-inner su-u-clearfix su-u-trim\">K\u00c4YNTITARKKUUS \u00b120 SEK. \/ KUUKAUSI<\/div><\/div>\n<div class=\"su-column su-column-size-1-2 su-column-centered\"><div class=\"su-column-inner su-u-clearfix su-u-trim\">TOIMINNOT:  TUNNIT, MINUUTIT, SEKUNNIT<\/div><\/div>\n<div class=\"su-column su-column-size-1-2 su-column-centered\"><div class=\"su-column-inner su-u-clearfix su-u-trim\">TAKAKANSI: RUUVILUKITTEINEN<\/div><\/div>\n<div class=\"su-column su-column-size-1-2 su-column-centered\"><div class=\"su-column-inner su-u-clearfix su-u-trim\">KOTELON KOKO: L39mm x K47mm - ILMAN KRUUNUA<\/div><\/div>\n<div class=\"su-column su-column-size-1-2 su-column-centered\"><div class=\"su-column-inner su-u-clearfix su-u-trim\">TER\u00c4S KRUUNU KAIVERRUKSELLA<\/div><\/div>\n<div class=\"su-column su-column-size-1-2 su-column-centered\"><div class=\"su-column-inner su-u-clearfix su-u-trim\">KOTELON PAKSUUS: 10 mm<\/div><\/div>\n<div class=\"su-column su-column-size-1-2 su-column-centered\"><div class=\"su-column-inner su-u-clearfix su-u-trim\">RANNEKKEEN JOUSITAPPI: 20mm<\/div><\/div>\n<div class=\"su-column su-column-size-1-2 su-column-centered\"><div class=\"su-column-inner su-u-clearfix su-u-trim\">KONEISTO: QUARTZ Citizen <strong>Mi\u00fdota<\/strong> 2035 <a href=\"https:\/\/miyotamovement.com\/product\/2035\/\" target=\"_blank\" rel=\"noopener\">LINKKI OHJEESEEN<\/a><\/div><\/div>\n<div class=\"su-column su-column-size-1-2 su-column-centered\"><div class=\"su-column-inner su-u-clearfix su-u-trim\">LASIKE: SAFIIRILASI<\/div><\/div>\n<div class=\"su-column su-column-size-1-2 su-column-centered\"><div class=\"su-column-inner su-u-clearfix su-u-trim\">SARJANUMEROITU ALKAEN NUMEROSTA 1940.1 ...<\/div><\/div>\n<div class=\"su-column su-column-size-1-2 su-column-centered\"><div class=\"su-column-inner su-u-clearfix su-u-trim\">OSOITTIMET: SWISS LUME<\/div><\/div>\n<div class=\"su-column su-column-size-1-2 su-column-centered\"><div class=\"su-column-inner su-u-clearfix su-u-trim\">TAULU: MATTA, SWISS LUMINOITU SALPALINJA<\/div><\/div>\n<div class=\"su-column su-column-size-1-2 su-column-centered\"><div class=\"su-column-inner su-u-clearfix su-u-trim\">RANNEKE: NYLON RANNEKKEET<\/div><\/div>\n<div class=\"su-column su-column-size-1-2 su-column-centered\"><div class=\"su-column-inner su-u-clearfix su-u-trim\">VEDENPIT\u00c4VYYS LUOKKA: 10ATM \/ 10BAR \/ ~100M \/ 328FT<\/div><\/div>\n<div class=\"su-column su-column-size-1-2 su-column-centered\"><div class=\"su-column-inner su-u-clearfix su-u-trim\"><a href=\"https:\/\/eadn-wc01-4585745.nxedge.io\/wp-content\/uploads\/2021\/06\/POOKWATCHES_SALPA_OHJE.pdf\" target=\"_blank\" rel=\"noopener\">K\u00c4YTT\u00d6OHJE (SUOMEKSI)<\/a><\/div><\/div>\n<a href=\"https:\/\/official.pookwatches.com\/privacy-policy\/\" class=\"su-button su-button-style-ghost\" style=\"color:#000000;background-color:#000000;border-color:#000000;border-radius:5px\" target=\"_blank\" rel=\"noopener noreferrer\"><span style=\"color:#000000;padding:0px 16px;font-size:13px;line-height:26px;border-color:#4d4d4d;border-radius:5px;text-shadow:none\">  36 KUUKAUDEN RAJOITETTU TAKUU<\/span><\/a>\n<\/div><\/div>","protected":false},"excerpt":{"rendered":"<p>The Pook-SALPA watch is planned together with the active reservists and together we wanted to tell a story with the watch, which is still a common theme of the will to defend the whole reserve work today. The name of the watch is SALPA. The Salpa line, or rather the original name of the Finnish [&#8230;]\n","protected":false},"featured_media":11871,"template":"","meta":[],"product_brand":[],"product_cat":[224],"product_tag":[],"class_list":{"0":"post-11338","1":"product","2":"type-product","3":"status-publish","4":"has-post-thumbnail","6":"product_cat-previous-models","7":"product_shipping_class-pakkaus-ja-l","9":"first","10":"outofstock","11":"taxable","12":"shipping-taxable","13":"product-type-simple"},"jetpack_sharing_enabled":true,"_links":{"self":[{"href":"https:\/\/official.pookwatches.com\/fi\/wp-json\/wp\/v2\/product\/11338","targetHints":{"allow":["GET"]}}],"collection":[{"href":"https:\/\/official.pookwatches.com\/fi\/wp-json\/wp\/v2\/product"}],"about":[{"href":"https:\/\/official.pookwatches.com\/fi\/wp-json\/wp\/v2\/types\/product"}],"wp:featuredmedia":[{"embeddable":true,"href":"https:\/\/official.pookwatches.com\/fi\/wp-json\/wp\/v2\/media\/11871"}],"wp:attachment":[{"href":"https:\/\/official.pookwatches.com\/fi\/wp-json\/wp\/v2\/media?parent=11338"}],"wp:term":[{"taxonomy":"product_brand","embeddable":true,"href":"https:\/\/official.pookwatches.com\/fi\/wp-json\/wp\/v2\/product_brand?post=11338"},{"taxonomy":"product_cat","embeddable":true,"href":"https:\/\/official.pookwatches.com\/fi\/wp-json\/wp\/v2\/product_cat?post=11338"},{"taxonomy":"product_tag","embeddable":true,"href":"https:\/\/official.pookwatches.com\/fi\/wp-json\/wp\/v2\/product_tag?post=11338"}],"curies":[{"name":"wp","href":"https:\/\/api.w.org\/{rel}","templated":true}]}}