{"id":11206,"date":"2021-04-30T11:02:32","date_gmt":"2021-04-30T08:02:32","guid":{"rendered":"https:\/\/e16a3c7593.nxcli.net\/?post_type=product&#038;p=11206"},"modified":"2022-01-14T10:43:06","modified_gmt":"2022-01-14T08:43:06","slug":"steel-watch-strap-type2","status":"publish","type":"product","link":"https:\/\/official.pookwatches.com\/fi\/tuote\/steel-watch-strap-type2\/","title":{"rendered":"Metalli ranneke ter\u00e4s T-2"},"content":{"rendered":"<p>Ter\u00e4sranneke. Sopii Torni sek\u00e4 Sukeltaja kellomalleihin, 22mm jousitappi lukite. [\u2026]<\/p>","protected":false},"excerpt":{"rendered":"<p>Ter\u00e4sranneke. Sopii Torni sek\u00e4 Sukeltaja kellomalleihin, 22mm jousitappi lukite. [\u2026]<\/p>","protected":false},"featured_media":10428,"template":"","meta":[],"product_brand":[],"product_cat":[135],"product_tag":[],"class_list":{"0":"post-11206","1":"product","2":"type-product","3":"status-publish","4":"has-post-thumbnail","6":"product_cat-watch-straps","7":"product_shipping_class-letter-size-shipment","9":"first","10":"outofstock","11":"taxable","12":"shipping-taxable","13":"purchasable","14":"product-type-simple"},"jetpack_sharing_enabled":true,"_links":{"self":[{"href":"https:\/\/official.pookwatches.com\/fi\/wp-json\/wp\/v2\/product\/11206","targetHints":{"allow":["GET"]}}],"collection":[{"href":"https:\/\/official.pookwatches.com\/fi\/wp-json\/wp\/v2\/product"}],"about":[{"href":"https:\/\/official.pookwatches.com\/fi\/wp-json\/wp\/v2\/types\/product"}],"wp:featuredmedia":[{"embeddable":true,"href":"https:\/\/official.pookwatches.com\/fi\/wp-json\/wp\/v2\/media\/10428"}],"wp:attachment":[{"href":"https:\/\/official.pookwatches.com\/fi\/wp-json\/wp\/v2\/media?parent=11206"}],"wp:term":[{"taxonomy":"product_brand","embeddable":true,"href":"https:\/\/official.pookwatches.com\/fi\/wp-json\/wp\/v2\/product_brand?post=11206"},{"taxonomy":"product_cat","embeddable":true,"href":"https:\/\/official.pookwatches.com\/fi\/wp-json\/wp\/v2\/product_cat?post=11206"},{"taxonomy":"product_tag","embeddable":true,"href":"https:\/\/official.pookwatches.com\/fi\/wp-json\/wp\/v2\/product_tag?post=11206"}],"curies":[{"name":"wp","href":"https:\/\/api.w.org\/{rel}","templated":true}]}}