{"id":10609,"date":"2020-12-11T10:38:05","date_gmt":"2020-12-11T08:38:05","guid":{"rendered":"https:\/\/e16a3c7593.nxcli.net\/?post_type=product&#038;p=10609"},"modified":"2024-07-15T15:32:25","modified_gmt":"2024-07-15T12:32:25","slug":"hurma-limited-edition","status":"publish","type":"product","link":"https:\/\/official.pookwatches.com\/fi\/tuote\/hurma-limited-edition\/","title":{"rendered":"Hurma Limited"},"content":{"rendered":"<p><img data-recalc-dims=\"1\" loading=\"lazy\" decoding=\"async\" class=\"wp-image-10629 alignright\" src=\"https:\/\/i0.wp.com\/official.pookwatches.com\/wp-content\/uploads\/2020\/12\/Pookwatches_Hurma-1.jpg?resize=373%2C250&#038;ssl=1\" alt=\"\" width=\"373\" height=\"250\" srcset=\"https:\/\/i0.wp.com\/official.pookwatches.com\/wp-content\/uploads\/2020\/12\/Pookwatches_Hurma-1-scaled.jpg?resize=300%2C201&amp;ssl=1 300w, https:\/\/i0.wp.com\/official.pookwatches.com\/wp-content\/uploads\/2020\/12\/Pookwatches_Hurma-1-scaled.jpg?resize=1024%2C685&amp;ssl=1 1024w, https:\/\/i0.wp.com\/official.pookwatches.com\/wp-content\/uploads\/2020\/12\/Pookwatches_Hurma-1-scaled.jpg?resize=768%2C514&amp;ssl=1 768w, https:\/\/i0.wp.com\/official.pookwatches.com\/wp-content\/uploads\/2020\/12\/Pookwatches_Hurma-1-scaled.jpg?resize=1536%2C1028&amp;ssl=1 1536w, https:\/\/i0.wp.com\/official.pookwatches.com\/wp-content\/uploads\/2020\/12\/Pookwatches_Hurma-1-scaled.jpg?resize=2048%2C1371&amp;ssl=1 2048w, https:\/\/i0.wp.com\/official.pookwatches.com\/wp-content\/uploads\/2020\/12\/Pookwatches_Hurma-1-scaled.jpg?resize=16%2C12&amp;ssl=1 16w\" sizes=\"auto, (max-width: 373px) 100vw, 373px\" \/>Saimme pitk\u00e4 aika sitten er\u00e4\u00e4lt\u00e4 Kanadassa asuvalta kelloharrastajalta vinkin, ett\u00e4 miksi suomalaisella kellomerkill\u00e4 ei ole moottoriurheilun perinteit\u00e4 kunnioittavaa kelloa. H\u00e4n oli autoalan ihmisen\u00e4 varsin tarkasti tietoinen siit\u00e4, ett\u00e4 Suomella on pitk\u00e4 historia menestyksest\u00e4 niin rallipoluilla, rata-autoilussa kuin moottoripy\u00f6riss\u00e4kin. L\u00e4hdimme tutkimaan, mink\u00e4laisia kelloja 60- ja 70-luvuilla tehtiin moottoriurheiluun liittyen. Kehittelimme erilaisia ajatuksia, ja yritimme l\u00f6yt\u00e4\u00e4 sen saman ilon ja tekemisen meiningin, joka silloin oli voimissaan. Osoittautui yll\u00e4tt\u00e4v\u00e4n haasteelliseksi saada kiteytetty\u00e4 pieneen kelloon kaikki ne bensiinin hajun vivahteet, kromin kiillon ja moottorin mekkalan ja ennen kaikkea sen adrenaliinipurskeen, joka on asian ytimess\u00e4. Mutta lopulta mielest\u00e4mme onnistuimme siin\u00e4, ja syntyi mustanpuhuva Hurma.<br \/>\nOstaessasi kelloa voit valita sille toimitettavan oman rannekkeen.<\/p>\n<p>T\u00e4m\u00e4n kellon on suunnitellut C.Andreas Prepula joka on suomalainen kellosuunnittelija Liperist\u00e4. T\u00e4m\u00e4 kello kootaan suomessa Pookwatches workshopilla.<\/p>\n<p>&nbsp;<\/p>\n<div class=\"su-box su-box-style-default\" id=\"\" style=\"border-color:#000000;border-radius:2px;max-width:none\"><div class=\"su-box-title\" style=\"background-color:#333333;color:#FFFFFF;border-top-left-radius:0px;border-top-right-radius:0px\">Ominaisuudet<\/div><div class=\"su-box-content su-u-clearfix su-u-trim\" style=\"border-bottom-left-radius:0px;border-bottom-right-radius:0px\">\n<div class=\"su-column su-column-size-1-2 su-column-centered\"><div class=\"su-column-inner su-u-clearfix su-u-trim\">RUNKO: 316L RUOSTUMATON TER\u00c4S<\/div><\/div>\n<div class=\"su-column su-column-size-1-2 su-column-centered\"><div class=\"su-column-inner su-u-clearfix su-u-trim\">Miyota 8215<\/p>\n<div class=\"su-column su-column-size-1-2 su-column-centered\"><div class=\"su-column-inner su-u-clearfix su-u-trim\"><\/div><\/div>VEDON TALTEENOTTOKYKY NOIN 41 TUNTIA<\/div><\/div>\n<div class=\"su-column su-column-size-1-2 su-column-centered\"><div class=\"su-column-inner su-u-clearfix su-u-trim\">TOIMINNOT:  TUNNIT, MINUUTIT, SEKUNNIT, P\u00c4IV\u00c4YS<\/p>\n<div class=\"su-column su-column-size-1-2 su-column-centered\"><div class=\"su-column-inner su-u-clearfix su-u-trim\"><\/div><\/div>TAKAKANSI: RUUVILUKITTEINEN<\/div><\/div>\n<div class=\"su-column su-column-size-1-2 su-column-centered\"><div class=\"su-column-inner su-u-clearfix su-u-trim\">KOTELON KOKO: 42 mm, ILMAN KRUUNUA<\/p>\n<div class=\"su-column su-column-size-1-2 su-column-centered\"><div class=\"su-column-inner su-u-clearfix su-u-trim\"><\/div><\/div>RUUVILUKITTEINEN TER\u00c4S KRUUNU KAIVERRUKSELLA<\/div><\/div>\n<div class=\"su-column su-column-size-1-2 su-column-centered\"><div class=\"su-column-inner su-u-clearfix su-u-trim\">KOTELON PAKSUUS: 13mm<\/p>\n<div class=\"su-column su-column-size-1-2 su-column-centered\"><div class=\"su-column-inner su-u-clearfix su-u-trim\"><\/div><\/div>RANNEKKEEN LEVEYS: 22mm<\/div><\/div>\n<div class=\"su-column su-column-size-1-2 su-column-centered\"><div class=\"su-column-inner su-u-clearfix su-u-trim\">KONEISTO: <strong>Mi\u00fdota<\/strong> 8215 <a href=\"https:\/\/miyotamovement.com\/uploads\/product\/158\/pdf\/1810271737242k5kt.pdf\"> LINKKI OHJEESEEN <\/a><\/p>\n<div class=\"su-column su-column-size-1-2 su-column-centered\"><div class=\"su-column-inner su-u-clearfix su-u-trim\"><\/div><\/div>LASIKE: SAFIIRILASI HEIJASTUKSEN ESTO PINNOITTEELLA<\/div><\/div>\n<div class=\"su-column su-column-size-1-2 su-column-centered\"><div class=\"su-column-inner su-u-clearfix su-u-trim\">SARJANUMEROITU<\/div><\/div>\n<div class=\"su-column su-column-size-1-2 su-column-centered\"><div class=\"su-column-inner su-u-clearfix su-u-trim\">OSOITTIMET: SWISS LUME<\/div><\/div>\n<div class=\"su-column su-column-size-1-2 su-column-centered\"><div class=\"su-column-inner su-u-clearfix su-u-trim\">TAULU: MATTA, SWISS LUME<\/p>\n<div class=\"su-column su-column-size-1-2 su-column-centered\"><div class=\"su-column-inner su-u-clearfix su-u-trim\"><\/div><\/div>RANNEKE VALINNAN MUKAAN<\/div><\/div>\n<a href=\"https:\/\/official.pookwatches.com\/privacy-policy\/\" class=\"su-button su-button-style-ghost\" style=\"color:#000000;background-color:#000000;border-color:#000000;border-radius:5px\" target=\"_blank\" rel=\"noopener noreferrer\"><span style=\"color:#000000;padding:0px 16px;font-size:13px;line-height:26px;border-color:#4d4d4d;border-radius:5px;text-shadow:none\">  36 KUUKAUDEN RAJOITETTU TAKUU<\/span><\/a>\n<a href=\"https:\/\/eadn-wc01-4585745.nxedge.io\/wp-content\/uploads\/2023\/09\/Automaatti_ohje.pdf\" class=\"su-button su-button-style-ghost\" style=\"color:#000000;background-color:#000000;border-color:#000000;border-radius:5px\" target=\"_blank\" rel=\"noopener noreferrer\"><span style=\"color:#000000;padding:0px 16px;font-size:13px;line-height:26px;border-color:#4d4d4d;border-radius:5px;text-shadow:none\"> OHJE (.PDF)<\/span><\/a>\n<div class=\"su-column su-column-size-1-2 su-column-centered\"><div class=\"su-column-inner su-u-clearfix su-u-trim\">TAKUUKORTTI: S\u00c4HK\u00d6INEN TAKUUKORTTI<\/div><\/div>\n<div class=\"message-box relative dark\" style=\"padding-top:15px;padding-bottom:15px;\"><div class=\"message-box-bg-image bg-fill fill\" style=\"background-image:url(#hex or http:\/\/imageurl);\"><\/div><div class=\"message-box-bg-overlay bg-fill fill\" ><\/div><div class=\"container relative\"><div class=\"inner last-reset\"> <span class=\"HwtZe\" lang=\"en\"><span class=\"jCAhz ChMk0b\"><span class=\"ryNqvb\">T\u00e4m\u00e4 tuote on toimitusvalmis, se valmistetaan k\u00e4sin tilauksestasi<\/span><\/span><\/span> <\/div><\/div><\/div>\n<\/div><\/div>","protected":false},"excerpt":{"rendered":"<p>A long time ago, we received a hint from a watch enthusiast living in Canada as to why a Finnish watch brand does not have a watch that respects the traditions of motorsport. As a person in the automotive industry, he was quite aware that Finland has a long history of success on rally tracks, [&#8230;]\n","protected":false},"featured_media":11867,"template":"","meta":[],"product_brand":[],"product_cat":[133],"product_tag":[],"class_list":{"0":"post-10609","1":"product","2":"type-product","3":"status-publish","4":"has-post-thumbnail","6":"product_cat-watches","7":"product_shipping_class-packet-sizes","9":"first","10":"outofstock","11":"taxable","12":"shipping-taxable","13":"purchasable","14":"product-type-variable"},"jetpack_sharing_enabled":true,"_links":{"self":[{"href":"https:\/\/official.pookwatches.com\/fi\/wp-json\/wp\/v2\/product\/10609","targetHints":{"allow":["GET"]}}],"collection":[{"href":"https:\/\/official.pookwatches.com\/fi\/wp-json\/wp\/v2\/product"}],"about":[{"href":"https:\/\/official.pookwatches.com\/fi\/wp-json\/wp\/v2\/types\/product"}],"wp:featuredmedia":[{"embeddable":true,"href":"https:\/\/official.pookwatches.com\/fi\/wp-json\/wp\/v2\/media\/11867"}],"wp:attachment":[{"href":"https:\/\/official.pookwatches.com\/fi\/wp-json\/wp\/v2\/media?parent=10609"}],"wp:term":[{"taxonomy":"product_brand","embeddable":true,"href":"https:\/\/official.pookwatches.com\/fi\/wp-json\/wp\/v2\/product_brand?post=10609"},{"taxonomy":"product_cat","embeddable":true,"href":"https:\/\/official.pookwatches.com\/fi\/wp-json\/wp\/v2\/product_cat?post=10609"},{"taxonomy":"product_tag","embeddable":true,"href":"https:\/\/official.pookwatches.com\/fi\/wp-json\/wp\/v2\/product_tag?post=10609"}],"curies":[{"name":"wp","href":"https:\/\/api.w.org\/{rel}","templated":true}]}}