{"id":10212,"date":"2020-09-10T16:57:11","date_gmt":"2020-09-10T13:57:11","guid":{"rendered":"https:\/\/e16a3c7593.nxcli.net\/?post_type=product&#038;p=10212"},"modified":"2024-05-27T15:09:09","modified_gmt":"2024-05-27T12:09:09","slug":"korpi-rally","status":"publish","type":"product","link":"https:\/\/official.pookwatches.com\/fi\/tuote\/korpi-rally\/","title":{"rendered":"Korpi- rally"},"content":{"rendered":"<p>T\u00e4m\u00e4 musta ralli- tyylinen ranneke on eritt\u00e4in pehme\u00e4 pinnaltaan, se on vahvistettu mustalla ompeleella. Kaikki rannekkeemme ovat k\u00e4sin ty\u00f6stettyj\u00e4 ja vahvistettuja saksalaisella korkealaatuisella 100% polyesterilangalla, Guetermann Zwibond.<\/p>\n<p><span id=\"result_box\" class=\"\" lang=\"en\">Jokaisella nahkalaadulla on oma ainutlaatuinen luonteensa, toisilla on kaunis sile\u00e4hk\u00f6 pinta, toisilla on pehme\u00e4 ja toisilla kuvioitu. Kaikilla nahkatyypeill\u00e4 on aina oma luonnollinen vaihtelevuus jonka vuoksi kuvaa vastaavaa identtist\u00e4 nahkaa ei ole olemassa. Nahan <span class=\"\">muoto ja tiheys muuttuu ajan kuluessa ja siihen muutokseen vaikuttaa my\u00f6s sen rannekkeen k\u00e4ytt\u00f6tapa.<\/span><br \/>\n<\/span><\/p>\n<p><span id=\"result_box\" class=\"\" lang=\"en\"><span class=\"\">Tuotteen v\u00e4ri voi poiketa hieman valokuvasta tietokoneesi n\u00e4ytt\u00f6asetusten vuoksi.<\/span><\/span><\/p>\n<p>Koko on 22mm.<\/p>","protected":false},"excerpt":{"rendered":"<p>This black rally-style watch strap have a very soft surface with black stitching. All our straps are hand made and strengthen with german high quality 100% polyester continuous thread Guetermann Zwibond. Each leather has its own unique character, some have a beautiful pull-up surface, some are soft and others are patterned. There is always a [&#8230;]\n","protected":false},"featured_media":11966,"template":"","meta":[],"product_brand":[],"product_cat":[135],"product_tag":[],"class_list":{"0":"post-10212","1":"product","2":"type-product","3":"status-publish","4":"has-post-thumbnail","6":"product_cat-watch-straps","7":"product_shipping_class-letter-size-shipment","9":"first","10":"instock","11":"taxable","12":"shipping-taxable","13":"purchasable","14":"product-type-variable"},"jetpack_sharing_enabled":true,"_links":{"self":[{"href":"https:\/\/official.pookwatches.com\/fi\/wp-json\/wp\/v2\/product\/10212","targetHints":{"allow":["GET"]}}],"collection":[{"href":"https:\/\/official.pookwatches.com\/fi\/wp-json\/wp\/v2\/product"}],"about":[{"href":"https:\/\/official.pookwatches.com\/fi\/wp-json\/wp\/v2\/types\/product"}],"wp:featuredmedia":[{"embeddable":true,"href":"https:\/\/official.pookwatches.com\/fi\/wp-json\/wp\/v2\/media\/11966"}],"wp:attachment":[{"href":"https:\/\/official.pookwatches.com\/fi\/wp-json\/wp\/v2\/media?parent=10212"}],"wp:term":[{"taxonomy":"product_brand","embeddable":true,"href":"https:\/\/official.pookwatches.com\/fi\/wp-json\/wp\/v2\/product_brand?post=10212"},{"taxonomy":"product_cat","embeddable":true,"href":"https:\/\/official.pookwatches.com\/fi\/wp-json\/wp\/v2\/product_cat?post=10212"},{"taxonomy":"product_tag","embeddable":true,"href":"https:\/\/official.pookwatches.com\/fi\/wp-json\/wp\/v2\/product_tag?post=10212"}],"curies":[{"name":"wp","href":"https:\/\/api.w.org\/{rel}","templated":true}]}}