{"id":3,"date":"2020-02-15T11:51:46","date_gmt":"2020-02-15T11:51:46","guid":{"rendered":"https:\/\/e16a3c7593.nxcli.net\/?page_id=3"},"modified":"2023-11-20T11:12:35","modified_gmt":"2023-11-20T09:12:35","slug":"privacy-policy","status":"publish","type":"page","link":"https:\/\/official.pookwatches.com\/fi\/privacy-policy\/","title":{"rendered":"Yksityisyys sek\u00e4 Takuu"},"content":{"rendered":"<h3><strong>Yleist\u00e4 verkkokaupasta<\/strong><\/h3>\n\nMyymme tuotteitamme suomessa sek\u00e4 ulkomaille. Tuotteiden hinnat sis\u00e4lt\u00e4v\u00e4t verkkokaupassa arvonlis\u00e4veron. Pid\u00e4t\u00e4mme kaiken oikeuden hintojen ja postikulujen muutoksiin.\n\n<h4>Tilaaminen<\/h4>\nKaikki tilaukset vahvistetaan s\u00e4hk\u00f6postilla, jossa ilmoitetaan tilauksen hinta, toimituskulut sek\u00e4 tilatut tuotteet. Tilausvahvistuksen saaminen edellytt\u00e4\u00e4 s\u00e4hk\u00f6postiosoitteen ilmoittamista tilauksen yhteydess\u00e4.\n\n<h4>Tilausvahvistus<\/h4>\nL\u00e4het\u00e4mme sinulle s\u00e4hk\u00f6postitse tilausvahvistuksen, josta n\u00e4et tilauksen sis\u00e4ll\u00f6n, kaikki hinnat ja toimituskulut. Emme tarjoa erillisi\u00e4 k\u00e4ytt\u00e4j\u00e4tunnuksia tilauksesi s\u00e4hk\u00f6iseen tallentamiseen.\n\nVoit maksaa verkkokaupassamme kaikilla tunnetuilla luottokorteilla Paypal-palvelussa tai Paytrail-maksupalveluntarjoajan avulla verkkopankin kautta. Katso alta lis\u00e4tietoja maksutavoista. Kaikki hinnat sis\u00e4lt\u00e4v\u00e4t arvonlis\u00e4veron ja k\u00e4ytetty valuutta on euro. Paypal Inc. ja Paytrail Finland toimivat verkkokaupan maksupalvelukumppaneina.\n\n<h4>Maksutavat<\/h4>\nPaytrail Oyj (2122839-7) toimii maksunv\u00e4lityspalvelun tarjoajana ja yhteisty\u00f6ss\u00e4 suomalaisten pankkien ja luottolaitosten kanssa.Paytrail Oyj esiintyy tiliotteessa tai korttilaskussa maksun vastaanottajana ja v\u00e4litt\u00e4\u00e4 maksun kauppiaalle. Paytrail Oyj on maksulaitoksen toimilupa.\n\n<h4>Maksut luottokorteilla Paypal kautta<\/h4>\nVerkkokaupassa voit maksaa Visalla, Visa Debitill\u00e4, Visa Electronilla, MasterCardilla ja Debit MasterCardilla. Korttimaksaminen tapahtuu turvallisesti Paypal-palvelun suojatulla maksutavalla.\nEmme tallenna verkkokauppaamme s\u00e4hk\u00f6isesti maksutietoja.\n\n<h4>Collector Lasku ja Osamaksu<\/h4>\nTarjoamme mahdollisuuden maksaa laskulla tai osamaksulla yhteisty\u00f6ss\u00e4 Collector Bank AB:n kanssa. Kun valitset maksutavaksi lasku- ja osamaksuvaihtoehdon, saat automaattisesti korotonta maksuaikaa seuraavan kuukauden viimeiseen p\u00e4iv\u00e4\u00e4n asti. Voit maksaa koko summan kerralla tai jakaa maksun pienempiin eriin solmimalla Collector Bankin kanssa tililuottoa koskevan sopimuksen. Laskut er\u00e4\u00e4ntyv\u00e4t joka kuukauden viimeinen p\u00e4iv\u00e4, joten sinulla voi olla jopa 60 p\u00e4iv\u00e4\u00e4 aikaa maksaa laskusi. Laskuun lis\u00e4t\u00e4\u00e4n 2,95 euron laskutusmaksu.\nLaskulla tai osamaksulla on mahdollista maksaa tuotteita 5000 eurolla ja takaisinmaksuaika on 36 kk. Nimellinen vuosikorko on 26,4 %.\nLaskun saadessasi voit valita osamaksun maksamalla kuukauden v\u00e4himm\u00e4issumman, joka ilmenee laskustasi, sek\u00e4 l\u00e4hett\u00e4m\u00e4ll\u00e4 Collector Bankille allekirjoitetun tililuottosopimuksen laskun er\u00e4p\u00e4iv\u00e4\u00e4n menness\u00e4. Luottosopimuksen voi l\u00e4hett\u00e4\u00e4 joko kirjepostina (Box 11 914, 404 39 G\u00f6teborg, Ruotsi) tai skannattuna s\u00e4hk\u00f6postitse (contactcenter@collectorbank.fi). Luottosopimus sek\u00e4 yleiset ehdot ja vakiomuotoiset eurooppalaiset kuluttajaluottotiedot (SECCI) ovat saatavilla Collector Bankin Omat Sivut -portaalissa.\n\n<h4>Toimitusaika<\/h4>\nPostitamme tuotteita jokaisena arkip\u00e4iv\u00e4n\u00e4. Pankkiyhteyksist\u00e4 riippuen teemme sen noin 1-5 arkip\u00e4iv\u00e4n kuluessa kauppahinnan maksamisesta. Poikkeavista toimitusajoista pyrit\u00e4\u00e4n tiedottamaan verkkosivuillamme tai siihen kytketyill\u00e4 somekanavillamme.\n\n<h4>Toimitustapa ja toimituskulut<\/h4>\nToimituskulut sis\u00e4lt\u00e4v\u00e4t posti- ja pakkauskulut. Voit katsoa toimituskulut valittuasi ostoskorin maksu- ja toimitustavan. Toimitamme tilaukset p\u00e4\u00e4s\u00e4\u00e4nt\u00f6isesti aina pakettina jonka seurantaan saat automaattisesti s\u00e4hk\u00f6postiisi ohjeet.\n\n<h4>Noutamaton l\u00e4hetys<\/h4>\nToimitamme kaikki tilaukset Postin l\u00e4hetyksin\u00e4. Saapumisilmoitus tulevasta paketista l\u00e4hetet\u00e4\u00e4n s\u00e4hk\u00f6postilla ja tekstiviestill\u00e4 mik\u00e4li edell\u00e4mainitut tiedot on lis\u00e4tty tilauksen yhteydess\u00e4 oikein. Mik\u00e4li pakettia ei ole t\u00e4n\u00e4 aikana noudettu, palautetaan se l\u00e4hett\u00e4j\u00e4lle. Noutamaton l\u00e4hetys ei ole kuluttajansuojalain mukainen palautus. N\u00e4iss\u00e4 tapauksissa veloitamme automaattisesti t\u00e4ydet posti- ja k\u00e4sittelykulut.\n\n<h4>Vaihto- ja palautusehdot<\/h4>\nAsiakkaalla on kuluttajansuojalain mukainen 14 p\u00e4iv\u00e4n vaihto- ja palautusoikeus. Palautusoikeus koskee vain k\u00e4ytt\u00e4m\u00e4tt\u00f6mi\u00e4 ja myyntikelpoisia tuotteita alkuper\u00e4ispakkauksessa.\nAsiakkaan omasta tilauksesta erikseen tehdyt ennakkoon myydyt tai ennakkovaratut tuotteet eiv\u00e4t ole palautus- tai peruutuskelpoisia tuotteita tai tilauksia, n\u00e4m\u00e4 tuotteet valmistetaan jokaisesta yksitt\u00e4istilauksesta.\n\nIlmoita palautuksen mukaan seuraavat tiedot:\n\n\u2013 nimesi, osoitteesi, s\u00e4hk\u00f6postiosoitteesi, alkuper\u00e4inen ostokuitti ja puhelinnumero\n\u2013 palautukset suoritetaan aina alkuper\u00e4isell\u00e4 maksutavalla 30 p\u00e4iv\u00e4n sis\u00e4ll\u00e4.\n- palautuksen postikulut ovat ostajan vastuulla.\n\nPalautusosoite:\nAika &amp; Tarkka Oy\nSuvantokatu 8\n80100 Joensuu\nPuhelinnumero ja yhteydenottolomake: <a href=\"https:\/\/official.pookwatches.com\/contact-us\/\">Ota yhteytt\u00e4<\/a>\n\nEmme hyv\u00e4ksy palautuksia yli 14 p\u00e4iv\u00e4n kuluttua toimituksesta. Kun hyvitys on hyv\u00e4ksytty, rahat palautetaan suoraan tilillesi, kun palautus on vastaanotettu ja k\u00e4sitelty.\n\nOngelmatilanteet kuljetuksen aikana ja viallisten tuotteiden vuoksi\n\nMik\u00e4li tuote on kadonnut kuljetuksen aikana, vioittunut tai asiakkaalle on toimitettu v\u00e4\u00e4r\u00e4 tuote, tulee asiakkaan ilmoittaa virheest\u00e4 v\u00e4litt\u00f6m\u00e4sti osoitteeseen info@pookwatches.com tai postitse:\n\nAika &amp; Tarkka Oy\nSuvantokatu 8\n80100 Joensuu\nPuhelinnumero ja yhteydenottolomake: <a href=\"https:\/\/official.pookwatches.com\/contact-us\/\">Ota yhteytt\u00e4<\/a>\n\nIlmoitus virheellisest\u00e4 toimituksesta tai viallisesta tuotteesta on teht\u00e4v\u00e4 14 p\u00e4iv\u00e4n sis\u00e4ll\u00e4 tuotteen vastaanottamisesta. Jos paketti on vioittunut postissa, on tuotteesta teht\u00e4v\u00e4 v\u00e4litt\u00f6m\u00e4sti reklamaatio postiin.\n\n<h4>Muuta<\/h4>\nPid\u00e4t\u00e4mme oikeuden muuttaa kaikkia toimitusehtojamme ja aikojamme. Asiakkaan on ennen tilaustaan tutustuttava kulloinkin voimassa oleviin toimitusehtoihin.\n\n<h2>Tuotetakuu<\/h2>\n<b>Pook Watches 24 kuukauden takuu ostop\u00e4iv\u00e4st\u00e4. Kaikille uusille tuotteille 20.7.2021 alkaen my\u00f6nnet\u00e4\u00e4n 36 kuukauden takuu (3 vuotta)\n<\/b>\n\nVain Pook Watches takuuehto on p\u00e4tev\u00e4, muita takuuehtoja ei anneta, ei ilmaistua tai oletettua, mukaan lukien oletetut takuut myyntikelpoisuudesta. Mik\u00e4\u00e4n takuu ei ulotu 32 kuukauden ajanjaksoa pidemm\u00e4lle alkuper\u00e4isest\u00e4 ostop\u00e4iv\u00e4st\u00e4.\nPook Watches -yhti\u00f6 ei ole vastuussa rajoitetun takuun perusteella tai muuten mist\u00e4\u00e4n menetyksist\u00e4 tai vahingoista, vammoista tai kuolemantapauksista, jotka johtuvat tuotteen k\u00e4yt\u00f6st\u00e4 tai kyvytt\u00f6myydest\u00e4 k\u00e4ytt\u00e4\u00e4 tuotetta, eik\u00e4 mist\u00e4\u00e4n satunnaisista tai v\u00e4lillisist\u00e4 vahingoista, jotka liittyv\u00e4t mihink\u00e4\u00e4n tie t\u00e4h\u00e4n tuotteeseen.\nTakuu kattaa vain kellon koneiston, se ei kata kellorunkoa tai mit\u00e4\u00e4n kellon koneiston lis\u00e4ksi. Kellon luvaton korjaus mit\u00e4t\u00f6i takuun.\nT\u00e4m\u00e4 kellon mekanismin rajoitettu ei-siirrett\u00e4v\u00e4 takuu on yksinomainen valmistajan takuu, paitsi lain kielt\u00e4m\u00e4ss\u00e4 laajuudessa. <strong>eiv\u00e4t<\/strong> Rajoitetusta takuusta:\n\nVedenkest\u00e4vyyden menetys kellossa, joka l\u00e4p\u00e4isee vedenkest\u00e4vyystestin, kun se palautetaan Pook Watches -yritykselle tai sen valtuutetuille j\u00e4lleenmyyjille;\nVahingot, jotka johtuvat tahattomista iskuista tai sopimattomasta tai v\u00e4\u00e4rink\u00e4yt\u00f6st\u00e4;\nLuvattomat korjaukset;\nNaarmut, halkeilu tai kaikki vauriot kotelossa, kotelon pinnoitteissa, kristallissa, kristallipinnoitteissa ja safiiriosissa;\nSafiirikehyksen sis\u00e4osien vaurioituminen tai vedenkest\u00e4vyyden menetys;\nRannekkeet, rannerenkaat ja muut tarvikkeet;\nKehys lis\u00e4\u00e4;\nLume levitetty kehyksen lis\u00e4kkeisiin ja\/tai Kehyksen lumeaineet;\nKadonneet kehyksen lumepiste-lis\u00e4kkeet;\nKruunut\/varret ja kotelot;\nKellon viimeistely;\nDial ja osoittimet;\nAkku tai patteri;\nLis\u00e4tarvikkeet;\nKellon erikseen myyt\u00e4v\u00e4t koneistot.\n\n<h3>Takuun siirt\u00e4minen<\/h3>\nJos haluat siirt\u00e4\u00e4 kellojen omistajan takuun, lahjatapauksissa jne. Ota meihin yhteytt\u00e4.\n\n<h2><strong>Yksityisyys<\/strong><\/h2>\n\n<b>Sitoumuksemme tietosuojaan<\/b>\nYksityisyytesi on meille t\u00e4rke\u00e4. Yksityisyyden suojaamiseksi paremmin, seuraavassa ilmoituksessa selitet\u00e4\u00e4n ker\u00e4\u00e4mi\u00e4mme tietoja, miten niit\u00e4 k\u00e4ytet\u00e4\u00e4n, miten niit\u00e4 suojataan ja miten ottaa meihin yhteytt\u00e4 ongelma tai kysymys tilanteissa.\n\n<h4>Mit\u00e4 tietoja ker\u00e4t\u00e4\u00e4n?<\/h4>\nOsana tilausprosessia ostajilta ker\u00e4t\u00e4\u00e4n seuraavat tiedot:\nNimi, toimitus-\/laskutusosoite, s\u00e4hk\u00f6postiosoite, puhelinnumero.\n\n<h3>Ev\u00e4steet?<\/h3>\n-K\u00e4yt\u00e4mme <em>ev\u00e4steit\u00e4<\/em> verkkosivustollamme tunnistaaksemme tietokoneen, kun k\u00e4ytt\u00e4j\u00e4 vierailee verkkosivustolla\n- seurata k\u00e4ytt\u00e4ji\u00e4 heid\u00e4n navigoiessaan verkkosivustolla\n-parantaa sivuston k\u00e4ytett\u00e4vyytt\u00e4 k\u00e4ytt\u00e4jille\n- analysoida verkkosivuston k\u00e4ytt\u00f6\u00e4\n- yll\u00e4pit\u00e4\u00e4 verkkosivustoa\n- ehk\u00e4ist\u00e4 petoksia\n- parantaa sivuston turvallisuutta\n- muokata verkkosivustoa k\u00e4ytt\u00e4jillemme\n\n<h4>Kuinka n\u00e4it\u00e4 tietoja k\u00e4ytet\u00e4\u00e4n?<\/h4>\nTietojasi k\u00e4ytet\u00e4\u00e4n vain toimitus- ja seurantatarkoituksiin takuun ja online-tarjousten yhteydess\u00e4.\nJos et halua saada meilt\u00e4 tuotetietoja, ilmoita siit\u00e4 meille.\n\n<h4>Miten tietoa on tallennettu?<\/h4>\nK\u00e4ytt\u00e4j\u00e4tiedot tallennetaan tietokantaan, joka on suojattu salasanoin ja 2-vaiheisella varmennuksella, tietokantaa k\u00e4ytt\u00e4\u00e4 vain paikallisesti kaupan omistaja.\nJos haluat, ett\u00e4 k\u00e4ytt\u00e4j\u00e4tietosi poistetaan, ota meihin yhteytt\u00e4.\n\n<h4>Kuinka kauan on mahdollista seurata myynnin tarkkaa p\u00e4iv\u00e4m\u00e4\u00e4r\u00e4\u00e4?<\/h4>\nTakuutiedot ovat kaksivaiheisesti turvattujen tietokantojen takana, ja ne tallennetaan erill\u00e4\u00e4n asiakastiedoista. Takuutiedot tuhotaan tietokannastamme 10 vuoden j\u00e4lkeen.\n\n<h3>Asiakastietojen toimittaminen?<\/h3>\nEmme luovuta asiakastietoja kolmansille osapuolille tai muille operaattoreille.\nVain mahdolliset yll\u00e4pitotoimenpiteet jne. voivat johtaa yhteystietojen siirtoon, josta sovitaan erikseen tiedonantajan kanssa.\n\nTietosuojavastaava, www.pookwatches.com Andreas Prepula, Suvantokatu 8, 80100 Joensuu\nOta meihin yhteytt\u00e4:\nS\u00e4hk\u00f6posti:  info@pookwatches.com\n<span id=\"_ctl0_cphSisalto_lblytunnus\"><span id=\"_ctl0_cphSisalto_lblToiminimi\">Yrityksen nimi sek\u00e4 y-tunnus:\u00a0<\/span><\/span>\n<span id=\"_ctl0_cphSisalto_lblytunnus\"><span id=\"_ctl0_cphSisalto_lblToiminimi\">Aika &amp; Tarkka Oy<\/span> 2957739-9<\/span>\nKirjeposti (laskut &amp; kirjeet):\n<span id=\"_ctl0_cphSisalto_lblPostiCOKentta\">Suvantokatu 8<\/span><span id=\"_ctl0_cphSisalto_lblPostiKatuOsoite\">\n<\/span> <span id=\"_ctl0_cphSisalto_lblPostiUlkom\"><\/span> <span id=\"_ctl0_cphSisalto_lblPostiToimipaikka\">80100 JOENSUU<\/span>","protected":false},"excerpt":{"rendered":"<p>General information about the online store We sell our products in Finland and abroad. Product prices based on online shopping VAT. We reserve the right to change prices and postage. Ordering Products are ordered online at https:\/\/official.pookwatches.com.All orders are confirmed by e-mail, stating the price of the order, delivery costs and the products ordered. Obtaining [&#8230;]\n","protected":false},"author":1,"featured_media":0,"parent":0,"menu_order":0,"comment_status":"closed","ping_status":"open","template":"","meta":{"footnotes":""},"class_list":["post-3","page","type-page","status-publish","hentry"],"jetpack_sharing_enabled":true,"_links":{"self":[{"href":"https:\/\/official.pookwatches.com\/fi\/wp-json\/wp\/v2\/pages\/3","targetHints":{"allow":["GET"]}}],"collection":[{"href":"https:\/\/official.pookwatches.com\/fi\/wp-json\/wp\/v2\/pages"}],"about":[{"href":"https:\/\/official.pookwatches.com\/fi\/wp-json\/wp\/v2\/types\/page"}],"author":[{"embeddable":true,"href":"https:\/\/official.pookwatches.com\/fi\/wp-json\/wp\/v2\/users\/1"}],"replies":[{"embeddable":true,"href":"https:\/\/official.pookwatches.com\/fi\/wp-json\/wp\/v2\/comments?post=3"}],"version-history":[{"count":14,"href":"https:\/\/official.pookwatches.com\/fi\/wp-json\/wp\/v2\/pages\/3\/revisions"}],"predecessor-version":[{"id":15797,"href":"https:\/\/official.pookwatches.com\/fi\/wp-json\/wp\/v2\/pages\/3\/revisions\/15797"}],"wp:attachment":[{"href":"https:\/\/official.pookwatches.com\/fi\/wp-json\/wp\/v2\/media?parent=3"}],"curies":[{"name":"wp","href":"https:\/\/api.w.org\/{rel}","templated":true}]}}