{"id":12976,"date":"2022-02-08T10:58:09","date_gmt":"2022-02-08T08:58:09","guid":{"rendered":"https:\/\/official.pookwatches.com\/?page_id=12976"},"modified":"2025-01-24T16:45:09","modified_gmt":"2025-01-24T14:45:09","slug":"story","status":"publish","type":"page","link":"https:\/\/official.pookwatches.com\/fi\/story\/","title":{"rendered":"Tarinamme"},"content":{"rendered":"<section class=\"section\" id=\"section_746533110\">\n\t\t<div class=\"section-bg fill\" >\n\t\t\t\t\t\t\t\t\t\n\t\t\t\n\n\t\t<\/div>\n\n\t\t\n\n\t\t<div class=\"section-content relative\">\n\t\t\t\n\n\t<div id=\"text-2945340533\" class=\"text\">\n\t\t\n\n<h2><span class=\"VIiyi\" lang=\"en\"><span class=\"JLqJ4b ChMk0b\" data-language-for-alternatives=\"en\" data-language-to-translate-into=\"fi\" data-phrase-index=\"0\" data-number-of-phrases=\"1\"><span class=\"Q4iAWc\">Keit\u00e4 olemme ja mit\u00e4 me teemme<br \/><\/span><\/span><\/span><\/h2>\n\t\t\n<style>\n#text-2945340533 {\n  text-align: center;\n}\n<\/style>\n\t<\/div>\n\t\n<div class=\"row\"  id=\"row-1145136543\">\n\n\n\t<div id=\"col-1304107391\" class=\"col medium-4 small-12 large-4\"  >\n\t\t\t\t<div class=\"col-inner\"  >\n\t\t\t\n\t\t\t\n\n\t<div class=\"img has-hover x md-x lg-x y md-y lg-y\" id=\"image_1074015708\">\n\t\t<a class=\"image-lightbox lightbox-gallery\" title=\"\" href=\"https:\/\/i0.wp.com\/official.pookwatches.com\/wp-content\/uploads\/2022\/08\/1-17.jpg?fit=1020%2C680&#038;ssl=1\">\t\t\t\t\t\t<div class=\"img-inner image-cover dark\" style=\"padding-top:200%;\">\n\t\t\t<img loading=\"lazy\" decoding=\"async\" width=\"1020\" height=\"680\" src=\"https:\/\/i0.wp.com\/official.pookwatches.com\/wp-content\/uploads\/2022\/08\/1-17.jpg?fit=1020%2C680&amp;ssl=1\" class=\"attachment-large size-large\" alt=\"\" srcset=\"https:\/\/i0.wp.com\/official.pookwatches.com\/wp-content\/uploads\/2022\/08\/1-17.jpg?w=2048&amp;ssl=1 2048w, https:\/\/i0.wp.com\/official.pookwatches.com\/wp-content\/uploads\/2022\/08\/1-17.jpg?resize=600%2C400&amp;ssl=1 600w, https:\/\/i0.wp.com\/official.pookwatches.com\/wp-content\/uploads\/2022\/08\/1-17.jpg?resize=1200%2C800&amp;ssl=1 1200w, https:\/\/i0.wp.com\/official.pookwatches.com\/wp-content\/uploads\/2022\/08\/1-17.jpg?resize=768%2C512&amp;ssl=1 768w, https:\/\/i0.wp.com\/official.pookwatches.com\/wp-content\/uploads\/2022\/08\/1-17.jpg?resize=1536%2C1024&amp;ssl=1 1536w, https:\/\/i0.wp.com\/official.pookwatches.com\/wp-content\/uploads\/2022\/08\/1-17.jpg?resize=18%2C12&amp;ssl=1 18w, https:\/\/i0.wp.com\/official.pookwatches.com\/wp-content\/uploads\/2022\/08\/1-17.jpg?resize=240%2C160&amp;ssl=1 240w, https:\/\/i0.wp.com\/official.pookwatches.com\/wp-content\/uploads\/2022\/08\/1-17.jpg?resize=510%2C340&amp;ssl=1 510w\" sizes=\"auto, (max-width: 1020px) 100vw, 1020px\" \/>\t\t\t\t\t\t\n\t\t\t\t\t<\/div>\n\t\t\t\t\t\t<\/a>\t\t\n<style>\n#image_1074015708 {\n  width: 100%;\n}\n<\/style>\n\t<\/div>\n\t\n\n\n\t\t<\/div>\n\t\t\t\t\t<\/div>\n\n\t\n\n\t<div id=\"col-1819489670\" class=\"col medium-7 small-12 large-7\"  >\n\t\t\t\t<div class=\"col-inner\"  >\n\t\t\t\n\t\t\t\n\n<p>POOK -kellot ja kellotuotteet tulevat Pookin pajalta Suomesta, Joensuusta.<\/p>\n<p>Kellomallit syntyv\u00e4t ideasta, joka jalostuu suunnitelmaksi ja siit\u00e4 kellon valmistusprosessiksi. Mallista ty\u00f6stet\u00e4\u00e4n tekninen suunnitelma ja lopuksi tuotantotestimalli. Tuotantotestimalli on kappale, jonka pohjalta, muutokset mahdollistaen valmistetaan sarjatuotantoon tarvittavat kellon osat.<\/p>\n<p>Ty\u00f6t\u00e4mme ja ideoitamme kellojen tekemisess\u00e4 seurataan jo eritt\u00e4in tarkasti. Se kertoo meille, ett\u00e4 olemme todenn\u00e4k\u00f6isesti tehneet jotain oikein. T\u00e4m\u00e4 puolestaan ei ole vain meid\u00e4n ansiotamme, vaan my\u00f6s asiakkaidemme, joita olemme kuunnelleet. Asiakkaidemme henkil\u00f6kohtaiset k\u00e4ytt\u00f6kokemukset ovat tietoa, jota arvostamme korkealle ja mielell\u00e4mme otamme vastaan.<\/p>\n\n\t\t<\/div>\n\t\t\t\t\t<\/div>\n\n\t\n\n<\/div>\n\n\t\t<\/div>\n\n\t\t\n<style>\n#section_746533110 {\n  padding-top: 30px;\n  padding-bottom: 30px;\n  background-color: rgba(10, 10, 10, 0.9);\n}\n<\/style>\n\t<\/section>","protected":false},"excerpt":{"rendered":"About us POOK watches and watch products come from the Pook workshop in Joensuu, Finland. Watch designs are born from an idea, which is refined into a design and from there into a watch manufacturing process. First a technical design is developed and then finally a production test model. The production test model is then [...]","protected":false},"author":1,"featured_media":0,"parent":0,"menu_order":0,"comment_status":"closed","ping_status":"closed","template":"","meta":{"footnotes":""},"class_list":["post-12976","page","type-page","status-publish","hentry"],"jetpack_sharing_enabled":true,"_links":{"self":[{"href":"https:\/\/official.pookwatches.com\/fi\/wp-json\/wp\/v2\/pages\/12976","targetHints":{"allow":["GET"]}}],"collection":[{"href":"https:\/\/official.pookwatches.com\/fi\/wp-json\/wp\/v2\/pages"}],"about":[{"href":"https:\/\/official.pookwatches.com\/fi\/wp-json\/wp\/v2\/types\/page"}],"author":[{"embeddable":true,"href":"https:\/\/official.pookwatches.com\/fi\/wp-json\/wp\/v2\/users\/1"}],"replies":[{"embeddable":true,"href":"https:\/\/official.pookwatches.com\/fi\/wp-json\/wp\/v2\/comments?post=12976"}],"version-history":[{"count":39,"href":"https:\/\/official.pookwatches.com\/fi\/wp-json\/wp\/v2\/pages\/12976\/revisions"}],"predecessor-version":[{"id":16754,"href":"https:\/\/official.pookwatches.com\/fi\/wp-json\/wp\/v2\/pages\/12976\/revisions\/16754"}],"wp:attachment":[{"href":"https:\/\/official.pookwatches.com\/fi\/wp-json\/wp\/v2\/media?parent=12976"}],"curies":[{"name":"wp","href":"https:\/\/api.w.org\/{rel}","templated":true}]}}